{"id":1036,"date":"2025-09-28T09:46:58","date_gmt":"2025-09-28T09:46:58","guid":{"rendered":"https:\/\/bangvapeofficial.com\/?page_id=1036"},"modified":"2025-09-29T03:41:10","modified_gmt":"2025-09-29T03:41:10","slug":"wholesale","status":"publish","type":"page","link":"https:\/\/bangvapeofficial.com\/de\/wholesale\/","title":{"rendered":"WHOLESALE"},"content":{"rendered":"<p>Wir haben es uns zur Aufgabe gemacht, Einzelh\u00e4ndlern und Distributoren weltweit hochwertige E-Zigaretten und Zubeh\u00f6r zu liefern. Als f\u00fchrender Anbieter in der Branche bieten wir eine breite Produktpalette und wettbewerbsf\u00e4hige Gro\u00dfhandelspreise, um die vielf\u00e4ltigen Anforderungen Ihres Unternehmens zu erf\u00fcllen.<\/p>\n\n\n\n<h4 class=\"wp-block-heading\" id=\"why-choose-us\">Warum uns w\u00e4hlen?<\/h4>\n\n\n\n<ul class=\"wp-block-list\">\n<li>Gro\u00dfe Produktauswahl: Von den neuesten E-Zigarettenger\u00e4ten bis hin zu einer Vielzahl von E-Liquid-Geschmacksrichtungen haben wir alles, was Sie brauchen.<\/li>\n\n\n\n<li>Erstklassige Qualit\u00e4t: Alle unsere Produkte werden strengen Qualit\u00e4tstests unterzogen, um Sicherheit und Zuverl\u00e4ssigkeit zu gew\u00e4hrleisten.<\/li>\n\n\n\n<li>Flexible Bestellmengen: Egal, ob Sie ein kleiner Einzelh\u00e4ndler oder ein Gro\u00dfh\u00e4ndler sind, wir k\u00f6nnen Ihren Bestellbedarf decken.<\/li>\n\n\n\n<li>Schnelle Versanddienste: Wir arbeiten mit mehreren globalen Logistikunternehmen zusammen und stellen sicher, dass Ihre Bestellungen schnell und sicher zugestellt werden, mit Online-Verfolgung in Echtzeit.<\/li>\n\n\n\n<li>Ausgezeichnete Kundenbetreuung: Unser engagiertes Team ist f\u00fcr Sie da, um Sie bei allen Fragen und Problemen zu unterst\u00fctzen, die Sie haben.<\/li>\n<\/ul>\n\n\n\n<p>Wenden Sie sich noch heute an unser Gro\u00dfhandelsteam, um mehr \u00fcber unsere Angebote und Gro\u00dfhandelsrabatte zu erfahren.<\/p>\n\n\n\n<p>Wir freuen uns darauf, mit Ihnen zusammenzuarbeiten und gemeinsam gro\u00dfe Erfolge zu erzielen!<\/p>","protected":false},"excerpt":{"rendered":"<p>We are dedicated to providing high-quality e-cigarettes and accessories to retailers and distributors worldwide. As a leading supplier in the industry, we offer a wide range of products and competitive wholesale prices to meet the diverse needs of your business. Why Choose Us? Contact our wholesale team today to learn more about our offerings and [&#8230;]","protected":false},"author":1,"featured_media":0,"parent":0,"menu_order":0,"comment_status":"closed","ping_status":"closed","template":"","meta":{"_acf_changed":false,"bwfblock_default_font":"","footnotes":""},"class_list":["post-1036","page","type-page","status-publish","hentry"],"acf":[],"_links":{"self":[{"href":"https:\/\/bangvapeofficial.com\/de\/wp-json\/wp\/v2\/pages\/1036","targetHints":{"allow":["GET"]}}],"collection":[{"href":"https:\/\/bangvapeofficial.com\/de\/wp-json\/wp\/v2\/pages"}],"about":[{"href":"https:\/\/bangvapeofficial.com\/de\/wp-json\/wp\/v2\/types\/page"}],"author":[{"embeddable":true,"href":"https:\/\/bangvapeofficial.com\/de\/wp-json\/wp\/v2\/users\/1"}],"replies":[{"embeddable":true,"href":"https:\/\/bangvapeofficial.com\/de\/wp-json\/wp\/v2\/comments?post=1036"}],"version-history":[{"count":2,"href":"https:\/\/bangvapeofficial.com\/de\/wp-json\/wp\/v2\/pages\/1036\/revisions"}],"predecessor-version":[{"id":1842,"href":"https:\/\/bangvapeofficial.com\/de\/wp-json\/wp\/v2\/pages\/1036\/revisions\/1842"}],"wp:attachment":[{"href":"https:\/\/bangvapeofficial.com\/de\/wp-json\/wp\/v2\/media?parent=1036"}],"curies":[{"name":"wp","href":"https:\/\/api.w.org\/{rel}","templated":true}]}}