{"id":1040,"date":"2025-09-28T09:47:32","date_gmt":"2025-09-28T09:47:32","guid":{"rendered":"https:\/\/bangvapeofficial.com\/?page_id=1040"},"modified":"2025-10-08T05:50:41","modified_gmt":"2025-10-08T05:50:41","slug":"contact-us","status":"publish","type":"page","link":"https:\/\/bangvapeofficial.com\/de\/contact-us\/","title":{"rendered":"KONTAKT US"},"content":{"rendered":"<section class=\"section\" id=\"section_617418986\">\n\t\t<div class=\"section-bg fill\" >\n\t\t\t\t\t\t\t\t\t\n\t\t\t\n\n\t\t<\/div>\n\n\t\t\n\n\t\t<div class=\"section-content relative\">\n\t\t\t\n\n<div class=\"row align-center row-divided\"  id=\"row-356750786\">\n\n\n\t<div id=\"col-984177509\" class=\"col medium-8 small-12 large-8\"  >\n\t\t\t\t<div class=\"col-inner\"  >\n\t\t\t\n\t\t\t\n\n\n\n<div class=\"contact-section\">\n    <h3 style=\"text-align: center;\">Kontaktmethode ausw\u00e4hlen<\/h3>\n    <div style=\"display: flex; justify-content: center; gap: 20px;\">\n        <a href=\"https:\/\/wa.me\/85293553782\" target=\"_blank\" style=\"text-decoration: none;\" rel=\"noopener\">\n            <button style=\"display: flex; align-items: center; gap: 8px; padding: 10px 20px; background-color: #25D366; color: white; border: none; border-radius: 5px; cursor: pointer; height:40px;\">\n                <svg xmlns=\"http:\/\/www.w3.org\/2000\/svg\" width=\"24\" height=\"24\" viewbox=\"0 0 24 24\" fill=\"white\">\n                    <path d=\"M17.472 14.382c-.297-.149-1.758-.867-2.03-.967-.273-.099-.471-.148-.67.15-.197.297-.767.966-.94 1.164-.173.199-.347.223-.644.075-.297-.15-1.255-.463-2.39-1.475-.883-.788-1.48-1.761-1.653-2.059-.173-.297-.018-.458.13-.606.134-.133.298-.347.446-.52.149-.174.198-.298.298-.497.099-.198.05-.371-.025-.52-.075-.149-.669-1.612-.916-2.207-.242-.579-.487-.5-.669-.51-.173-.008-.371-.01-.57-.01-.198 0-.52.074-.792.372-.272.297-1.04 1.016-1.04 2.479 0 1.462 1.065 2.875 1.213 3.074.149.198 2.096 3.2 5.077 4.487.709.306 1.262.489 1.694.625.712.227 1.36.195 1.871.118.571-.085 1.758-.719 2.006-1.413.248-.694.248-1.289.173-1.413-.074-.124-.272-.198-.57-.347m-5.421 7.403h-.004a9.87 9.87 0 01-5.031-1.378l-.361-.214-3.741.982.998-3.648-.235-.374a9.86 9.86 0 01-1.51-5.26c.001-5.45 4.436-9.884 9.888-9.884 2.64 0 5.122 1.03 6.988 2.898a9.825 9.825 0 012.893 6.994c-.003 5.45-4.437 9.884-9.885 9.884m8.413-18.297A11.815 11.815 0 0012.05 0C5.495 0 .16 5.335.157 11.892c0 2.096.547 4.142 1.588 5.945L.057 24l6.305-1.654a11.882 11.882 0 005.683 1.448h.005c6.554 0 11.89-5.335 11.893-11.893a11.821 11.821 0 00-3.48-8.413z\"\/>\n                <\/svg>\n                WhatsApp\n            <\/button>\n        <\/a>\n        <a href=\"#\" target=\"_blank\" style=\"text-decoration: none;\">\n            <button style=\"display: flex; align-items: center; gap: 8px; padding: 10px 20px; background-color: #0088cc; color: white; border: none; border-radius: 5px; cursor: pointer;height:40px\">\n                <svg t=\"1759736822444\" width=\"24\" height=\"24\"class=\"icon\" viewbox=\"0 0 1107 1024\" version=\"1.1\" xmlns=\"http:\/\/www.w3.org\/2000\/svg\" p-id=\"10091\" data-spm-anchor-id=\"a313x.search_index.0.i3.40053a81mXLryG\" xmlns:xlink=\"http:\/\/www.w3.org\/1999\/xlink\"><path d=\"M553.967 0C248.01 0 0 195.231 0 436.04c0 223.685 214.083 407.92 489.757 433.017a33.708 33.708 0 0 1 22.512 14.705c12.237 20.145 3.542 63.069-5.96 111.197s42.169 23.149 53.6 17.576c9.1-4.415 243.31-136.444 382.742-265.921 101.963-79.1 165.25-189.02 165.25-310.558C1107.934 195.231 859.908 0 553.967 0zM369.311 550.157a29.545 29.545 0 0 1-29.78 29.276H238.257c-17.878 0-41.698-6.178-41.698-35.135v-216.55a29.528 29.528 0 0 1 29.78-29.277h5.959a29.528 29.528 0 0 1 29.78 29.276v187.275h77.438a29.545 29.545 0 0 1 29.796 29.276v5.859z m83.482-5.825a29.746 29.746 0 0 1-59.493 0V333.958a29.746 29.746 0 0 1 59.493 0v210.374z m262.01 0a32.92 32.92 0 0 1-29.78 29.276 33.708 33.708 0 0 1-35.102-16.787l-95.954-134.58v122.057a29.78 29.78 0 0 1-59.543 0V333.589a29.511 29.511 0 0 1 29.763-29.26 37.67 37.67 0 0 1 33.759 21.437c9.232 13.631 97.364 136.511 97.364 136.511V333.59a29.797 29.797 0 0 1 59.576 0v210.709z m178.696-134.614a29.276 29.276 0 1 1 0 58.552H816.06v46.819h77.438a29.276 29.276 0 1 1 0 58.536H777.35a26.557 26.557 0 0 1-26.859-26.322V330.702a26.557 26.557 0 0 1 26.86-26.339h116.148a29.276 29.276 0 1 1 0 58.536H816.06v46.835h77.438z\" fill=\"#ffffff\" p-id=\"10092\" data-spm-anchor-id=\"a313x.search_index.0.i1.40053a81mXLryG\" class=\"selected\"><\/path><\/svg>\n               LINE APP\n            <\/button>\n        <\/a>\n    <\/div>\n <p style=\"text-align: center; \">\n        <span style=\"display: inline-block; width: 50px; border-top: 1px solid #ccc; vertical-align: middle;\"><\/span>\n        <span style=\"vertical-align: middle;color:#ccc\">OR<\/span>\n        <span style=\"display: inline-block; width: 50px; border-top: 1px solid #ccc; vertical-align: middle;\"><\/span>\n    <\/p>\n<\/div>\nWenn Sie Fragen oder W\u00fcnsche haben, k\u00f6nnen Sie das unten stehende Formular ausf\u00fcllen. Sie k\u00f6nnen uns auch direkt eine E-Mail an hi@bangvapeofficial.com schicken - wir helfen Ihnen gerne weiter!\n\n\n\n<style id=\"wpforms-css-vars-3473\">\n\t\t\t\t#wpforms-3473 {\n\t\t\t\t--wpforms-field-size-input-height: 43px;\n--wpforms-field-size-input-spacing: 15px;\n--wpforms-field-size-font-size: 16px;\n--wpforms-field-size-line-height: 19px;\n--wpforms-field-size-padding-h: 14px;\n--wpforms-field-size-checkbox-size: 16px;\n--wpforms-field-size-sublabel-spacing: 5px;\n--wpforms-field-size-icon-size: 1;\n--wpforms-label-size-font-size: 16px;\n--wpforms-label-size-line-height: 19px;\n--wpforms-label-size-sublabel-font-size: 14px;\n--wpforms-label-size-sublabel-line-height: 17px;\n--wpforms-button-size-font-size: 17px;\n--wpforms-button-size-height: 41px;\n--wpforms-button-size-padding-h: 15px;\n--wpforms-button-size-margin-top: 10px;\n--wpforms-container-shadow-size-box-shadow: none;\n\t\t\t}\n\t\t\t<\/style><div class=\"wpforms-container wpforms-container-full wpforms-render-modern\" id=\"wpforms-3473\"><form id=\"wpforms-form-3473\" class=\"wpforms-validate wpforms-form wpforms-ajax-form\" data-formid=\"3473\" method=\"post\" enctype=\"multipart\/form-data\" action=\"\/de\/wp-json\/wp\/v2\/pages\/1040\" data-token=\"8b1511d43d2cf2e72c59dec2841d5ab4\" data-token-time=\"1775798584\" data-trp-original-action=\"\/de\/wp-json\/wp\/v2\/pages\/1040\"><noscript class=\"wpforms-error-noscript\">Bitte aktivieren Sie JavaScript in Ihrem Browser, um dieses Formular fertigzustellen.<\/noscript><div id=\"wpforms-error-noscript\" style=\"display: none;\">Bitte aktivieren Sie JavaScript in Ihrem Browser, um dieses Formular fertigzustellen.<\/div><div class=\"wpforms-field-container\"><div id=\"wpforms-3473-field_1-container\" class=\"wpforms-field wpforms-field-name wpforms-one-half wpforms-first\" data-field-id=\"1\"><fieldset><legend class=\"wpforms-field-label\">Name <span class=\"wpforms-required-label\" aria-hidden=\"true\">*<\/span><\/legend><div class=\"wpforms-field-row wpforms-field-large\"><div class=\"wpforms-field-row-block wpforms-first wpforms-one-half\"><input type=\"text\" id=\"wpforms-3473-field_1\" class=\"wpforms-field-name-first wpforms-field-required\" name=\"wpforms[fields][1][first]\" placeholder=\"Vorname\" aria-errormessage=\"wpforms-3473-field_1-error\" required><label for=\"wpforms-3473-field_1\" class=\"wpforms-field-sublabel after wpforms-sublabel-hide\">Vorname<\/label><\/div><div class=\"wpforms-field-row-block wpforms-one-half\"><input type=\"text\" id=\"wpforms-3473-field_1-last\" class=\"wpforms-field-name-last wpforms-field-required\" name=\"wpforms[fields][1][last]\" placeholder=\"Nachname\" aria-errormessage=\"wpforms-3473-field_1-last-error\" required><label for=\"wpforms-3473-field_1-last\" class=\"wpforms-field-sublabel after wpforms-sublabel-hide\">Nachname<\/label><\/div><\/div><\/fieldset><\/div><div id=\"wpforms-3473-field_2-container\" class=\"wpforms-field wpforms-field-email\" data-field-id=\"2\"><label class=\"wpforms-field-label\" for=\"wpforms-3473-field_2\">E-Mail <span class=\"wpforms-required-label\" aria-hidden=\"true\">*<\/span><\/label><input type=\"email\" id=\"wpforms-3473-field_2\" class=\"wpforms-field-large wpforms-field-required\" name=\"wpforms[fields][2]\" spellcheck=\"false\" aria-errormessage=\"wpforms-3473-field_2-error\" required><\/div>\t\t<div id=\"wpforms-3473-field_4-container\"\n\t\t\tclass=\"wpforms-field wpforms-field-text\"\n\t\t\tdata-field-type=\"text\"\n\t\t\tdata-field-id=\"4\"\n\t\t\t>\n\t\t\t<label class=\"wpforms-field-label\" for=\"wpforms-3473-field_4\" >Name Comment or<\/label>\n\t\t\t<input type=\"text\" id=\"wpforms-3473-field_4\" class=\"wpforms-field-medium\" name=\"wpforms[fields][4]\" >\n\t\t<\/div>\n\t\t<div id=\"wpforms-3473-field_3-container\" class=\"wpforms-field wpforms-field-textarea\" data-field-id=\"3\"><label class=\"wpforms-field-label\" for=\"wpforms-3473-field_3\">Kommentar oder Nachricht<\/label><textarea id=\"wpforms-3473-field_3\" class=\"wpforms-field-medium\" name=\"wpforms[fields][3]\" aria-errormessage=\"wpforms-3473-field_3-error\" ><\/textarea><\/div><script>\n\t\t\t\t( function() {\n\t\t\t\t\tconst style = document.createElement( 'style' );\n\t\t\t\t\tstyle.appendChild( document.createTextNode( '#wpforms-3473-field_4-container { position: absolute !important; overflow: hidden !important; display: inline !important; height: 1px !important; width: 1px !important; z-index: -1000 !important; padding: 0 !important; } #wpforms-3473-field_4-container input { visibility: hidden; } #wpforms-conversational-form-page #wpforms-3473-field_4-container label { counter-increment: none; }' ) );\n\t\t\t\t\tdocument.head.appendChild( style );\n\t\t\t\t\tdocument.currentScript?.remove();\n\t\t\t\t} )();\n\t\t\t<\/script><\/div><!-- .wpforms-field-container --><div class=\"wpforms-submit-container\" ><input type=\"hidden\" name=\"wpforms[id]\" value=\"3473\"><input type=\"hidden\" name=\"page_title\" value=\"\"><input type=\"hidden\" name=\"page_url\" value=\"https:\/\/bangvapeofficial.com\/de\/wp-json\/wp\/v2\/pages\/1040\"><input type=\"hidden\" name=\"url_referer\" value=\"\"><button type=\"submit\" name=\"wpforms[submit]\" id=\"wpforms-submit-3473\" class=\"wpforms-submit\" data-alt-text=\"Sending...\" data-submit-text=\"Submit\" aria-live=\"assertive\" value=\"wpforms-submit\">Einreichen<\/button><img loading=\"lazy\" decoding=\"async\" src=\"https:\/\/bangvapeofficial.com\/wp-content\/plugins\/wpforms\/assets\/images\/submit-spin.svg\" class=\"wpforms-submit-spinner\" style=\"display: none;\" width=\"26\" height=\"26\" alt=\"Wird geladen\"><\/div><input type=\"hidden\" name=\"trp-form-language\" value=\"de\"\/><\/form><\/div>  <!-- .wpforms-container -->\n\n\n\t\t<\/div>\n\t\t\t\t\n<style>\n#col-984177509 > .col-inner {\n  padding: 0px 0px 0px 0px;\n  margin: 0px 0px 0px 0px;\n}\n<\/style>\n\t<\/div>\n\n\t\n\n\n<style>\n#row-356750786 > .col > .col-inner {\n  padding: 0px 0px 0px 0px;\n}\n<\/style>\n<\/div>\n\n\t\t<\/div>\n\n\t\t\n<style>\n#section_617418986 {\n  padding-top: 0px;\n  padding-bottom: 0px;\n}\n<\/style>\n\t<\/section>","protected":false},"excerpt":{"rendered":"","protected":false},"author":1,"featured_media":0,"parent":0,"menu_order":0,"comment_status":"closed","ping_status":"closed","template":"","meta":{"_acf_changed":false,"bwfblock_default_font":"","footnotes":""},"class_list":["post-1040","page","type-page","status-publish","hentry"],"acf":[],"_links":{"self":[{"href":"https:\/\/bangvapeofficial.com\/de\/wp-json\/wp\/v2\/pages\/1040","targetHints":{"allow":["GET"]}}],"collection":[{"href":"https:\/\/bangvapeofficial.com\/de\/wp-json\/wp\/v2\/pages"}],"about":[{"href":"https:\/\/bangvapeofficial.com\/de\/wp-json\/wp\/v2\/types\/page"}],"author":[{"embeddable":true,"href":"https:\/\/bangvapeofficial.com\/de\/wp-json\/wp\/v2\/users\/1"}],"replies":[{"embeddable":true,"href":"https:\/\/bangvapeofficial.com\/de\/wp-json\/wp\/v2\/comments?post=1040"}],"version-history":[{"count":7,"href":"https:\/\/bangvapeofficial.com\/de\/wp-json\/wp\/v2\/pages\/1040\/revisions"}],"predecessor-version":[{"id":3482,"href":"https:\/\/bangvapeofficial.com\/de\/wp-json\/wp\/v2\/pages\/1040\/revisions\/3482"}],"wp:attachment":[{"href":"https:\/\/bangvapeofficial.com\/de\/wp-json\/wp\/v2\/media?parent=1040"}],"curies":[{"name":"wp","href":"https:\/\/api.w.org\/{rel}","templated":true}]}}