{"id":100,"date":"2025-09-28T09:08:42","date_gmt":"2025-09-28T09:08:42","guid":{"rendered":"https:\/\/bangvapeofficial.com\/?post_type=product&#038;p=100"},"modified":"2025-10-05T07:16:45","modified_gmt":"2025-10-05T07:16:45","slug":"bang-blaze-shisha-40000","status":"publish","type":"product","link":"https:\/\/bangvapeofficial.com\/de\/produkt\/bang-blaze-shisha-40000\/","title":{"rendered":"Bang Blaze Shisha 40000 - Nachf\u00fcllbar, wiederaufladbar, bereit f\u00fcr den Gro\u00dfhandel"},"content":{"rendered":"<h2>Bang Blaze Shisha 40000<\/h2>\n<h3>40K Puffs | 40ML Kapazit\u00e4t | 1000mAh Batterie | Nachf\u00fcllbares \u00d6l | Typ-C Aufladung<\/h3>\n<p>Die Bang Blaze Shisha 40000 Disposable Vape ist eine erstklassige, wiederbef\u00fcllbare E-Zigarette, die f\u00fcr maximale Leistung und Komfort entwickelt wurde. Mit einer massiven 40.000 Puff-Kapazit\u00e4t, 40ML nachf\u00fcllbaren Tank, 0.6\u03a9 Mesh-Spule, und ein 1000mAh Typ-C Akku, liefert dieses Ger\u00e4t eine reiche, konsistente vape Erfahrung ideal f\u00fcr Gelegenheitsnutzer, Einzelh\u00e4ndler, und hookah lounges.offered von OKOvape, ist dieses Ger\u00e4t ein Gro\u00dfhandel Favorit-perfekt f\u00fcr Wiederverk\u00e4ufer, die f\u00fcr Premium-Qualit\u00e4t Shisha-Ger\u00e4te mit langfristigen Nutzbarkeit und vielf\u00e4ltigen Kunden Attraktivit\u00e4t.<\/p>\n<p><img loading=\"lazy\" decoding=\"async\" class=\"alignnone size-full wp-image-3246\" src=\"https:\/\/bangvapeofficial.com\/wp-content\/uploads\/2025\/09\/Bang-Blaze-Shisha-40000-6-scaled-1.webp\" width=\"1045\" height=\"2560\" alt=\"Bang-Blaze-Shisha-40000-6-scaled-1\" title=\"Bang-Blaze-Shisha-40000-6-scaled-1\" srcset=\"https:\/\/bangvapeofficial.com\/wp-content\/uploads\/2025\/09\/Bang-Blaze-Shisha-40000-6-scaled-1.webp 1045w, https:\/\/bangvapeofficial.com\/wp-content\/uploads\/2025\/09\/Bang-Blaze-Shisha-40000-6-scaled-1-122x300.webp 122w, https:\/\/bangvapeofficial.com\/wp-content\/uploads\/2025\/09\/Bang-Blaze-Shisha-40000-6-scaled-1-418x1024.webp 418w, https:\/\/bangvapeofficial.com\/wp-content\/uploads\/2025\/09\/Bang-Blaze-Shisha-40000-6-scaled-1-768x1881.webp 768w, https:\/\/bangvapeofficial.com\/wp-content\/uploads\/2025\/09\/Bang-Blaze-Shisha-40000-6-scaled-1-627x1536.webp 627w, https:\/\/bangvapeofficial.com\/wp-content\/uploads\/2025\/09\/Bang-Blaze-Shisha-40000-6-scaled-1-836x2048.webp 836w, https:\/\/bangvapeofficial.com\/wp-content\/uploads\/2025\/09\/Bang-Blaze-Shisha-40000-6-scaled-1-600x1470.webp 600w\" sizes=\"auto, (max-width: 1045px) 100vw, 1045px\" \/><\/p>\n<h3>Wesentliche Merkmale<\/h3>\n<ul>\n<li>40.000 Puff-Kapazit\u00e4t - Entwickelt f\u00fcr lang anhaltende Leistung<\/li>\n<li>Nachf\u00fcllbarer 40ML-Tank - Einfaches Nachf\u00fcllen, reduziert Abfall und Kosten im Laufe der Zeit<\/li>\n<li>Nikotinoptionen - Erh\u00e4ltlich in 0%, 2%, 3% und 5%<\/li>\n<li>0.6\u03a9 Mesh Coil - Liefert verbesserten Geschmack und glatte Dampfproduktion<\/li>\n<li>1000mAh Akku - Wiederaufladbar \u00fcber Typ-C f\u00fcr schnelle, zuverl\u00e4ssige Energie<\/li>\n<li>Stilvoll und ergonomisch - Kompaktes Design, perfekt f\u00fcr den pers\u00f6nlichen Gebrauch oder den Einzelhandel<\/li>\n<li>Gro\u00dfhandel Fertig - Verpackt 10 Einheiten\/Karton, 200 Einheiten\/Karton<\/li>\n<\/ul>\n<h3>Geschmacksoptionen (12 verf\u00fcgbar)<\/h3>\n<ol>\n<li>Wassermelone<\/li>\n<li>Wassermelone-Erdbeere<\/li>\n<li>Pina Colada<\/li>\n<li>Erdbeereis<\/li>\n<li>Red Bull<\/li>\n<li>Pfirsich-Eis<\/li>\n<li>Blaubeereis<\/li>\n<li>Heidelbeere-Himbeere<\/li>\n<li>Kirschbl\u00fctentrauben<\/li>\n<li>Doppelte \u00c4pfel<\/li>\n<li>Gemischtes Obst<\/li>\n<li>Mango Pfirsich<\/li>\n<\/ol>\n<h3>Warum Bang Blaze Shisha 40000 w\u00e4hlen?<\/h3>\n<ul>\n<li>Nachf\u00fcllbarer Tank - Holen Sie mehr aus jeder Einheit heraus<\/li>\n<li>Lange Batterielebensdauer - 1000mAh-Zelle f\u00fcr lange Lebensdauer<\/li>\n<li>Individuelle Nikotinwerte - von 0% Nikotin bis 5% Optionen<\/li>\n<li>Superior Flavor - Mesh-Spule f\u00fcr geschmackvolle Wolken und glatte Kehle hits<\/li>\n<li>Gro\u00dfhandelspackungen - Kosteng\u00fcnstige Gro\u00dfhandelsl\u00f6sung f\u00fcr B2B oder Einzelhandel<\/li>\n<\/ul>","protected":false},"excerpt":{"rendered":"<p>Die Bang Blaze Shisha 40000 bietet 40.000 Z\u00fcge, einen nachf\u00fcllbaren 40ML-Tank, eine Netzspule, einen 1000mAh-Akku und 12 Geschmacksrichtungen. Typ-C wiederaufladbar. Erh\u00e4ltlich in 0%-5% Nikotin.<\/p>","protected":false},"featured_media":2688,"comment_status":"open","ping_status":"closed","template":"","meta":{"_acf_changed":false,"bwfblock_default_font":""},"product_brand":[],"product_cat":[17],"product_tag":[23,36,266,265,27],"class_list":{"0":"post-100","1":"product","2":"type-product","3":"status-publish","4":"has-post-thumbnail","6":"product_cat-bang-vapes","7":"product_tag-40k-puffs","8":"product_tag-hugo-vapor-shisha","9":"product_tag-refillable","10":"product_tag-shisha","11":"product_tag-with-liquild","13":"first","14":"instock","15":"sale","16":"shipping-taxable","17":"purchasable","18":"product-type-variable"},"acf":[],"_links":{"self":[{"href":"https:\/\/bangvapeofficial.com\/de\/wp-json\/wp\/v2\/product\/100","targetHints":{"allow":["GET"]}}],"collection":[{"href":"https:\/\/bangvapeofficial.com\/de\/wp-json\/wp\/v2\/product"}],"about":[{"href":"https:\/\/bangvapeofficial.com\/de\/wp-json\/wp\/v2\/types\/product"}],"replies":[{"embeddable":true,"href":"https:\/\/bangvapeofficial.com\/de\/wp-json\/wp\/v2\/comments?post=100"}],"wp:featuredmedia":[{"embeddable":true,"href":"https:\/\/bangvapeofficial.com\/de\/wp-json\/wp\/v2\/media\/2688"}],"wp:attachment":[{"href":"https:\/\/bangvapeofficial.com\/de\/wp-json\/wp\/v2\/media?parent=100"}],"wp:term":[{"taxonomy":"product_brand","embeddable":true,"href":"https:\/\/bangvapeofficial.com\/de\/wp-json\/wp\/v2\/product_brand?post=100"},{"taxonomy":"product_cat","embeddable":true,"href":"https:\/\/bangvapeofficial.com\/de\/wp-json\/wp\/v2\/product_cat?post=100"},{"taxonomy":"product_tag","embeddable":true,"href":"https:\/\/bangvapeofficial.com\/de\/wp-json\/wp\/v2\/product_tag?post=100"}],"curies":[{"name":"wp","href":"https:\/\/api.w.org\/{rel}","templated":true}]}}