{"id":102,"date":"2025-09-28T09:08:45","date_gmt":"2025-09-28T09:08:45","guid":{"rendered":"https:\/\/bangvapeofficial.com\/?post_type=product&#038;p=102"},"modified":"2025-10-05T06:51:27","modified_gmt":"2025-10-05T06:51:27","slug":"bang-king-12000","status":"publish","type":"product","link":"https:\/\/bangvapeofficial.com\/de\/produkt\/bang-king-12000\/","title":{"rendered":"Bang King 12000 Porsche - 12.000 Puffs voller Kraft und Stil"},"content":{"rendered":"<h2>Bang King 12000 Porsche<\/h2>\n<h3>Kugelf\u00f6rmiges Design | 18mL E-Liquid | 550mAh Akku | Mesh Coil | Typ-C Aufladen<\/h3>\n<p>Der Bang King 12000 Porsche Disposable Vape kombiniert schlankes Design mit langanhaltender Leistung und bietet 12.000 Z\u00fcge geschmeidigen, geschmackvollen Dampfes, der von einem 550mAh-Akku angetrieben wird. Mit 18mL e-Fl\u00fcssigkeit, Mesh-Spule Heizung und Typ-C schnelles Aufladen, liefert dieses Ger\u00e4t eine qualitativ hochwertige, m\u00fchelos vape Erfahrung in einem k\u00fchnen kugelf\u00f6rmigen K\u00f6rper.<\/p>\n<h3>Wesentliche Merkmale<\/h3>\n<ul>\n<li>12.000 Puffs - f\u00fcr den Dauereinsatz konzipiert<\/li>\n<li>18mL E-Liquid Kapazit\u00e4t - Weniger Nachf\u00fcllungen, mehr Zufriedenheit<\/li>\n<li>550mAh Akku - gleichbleibende Leistung mit USB Typ-C Schnellladung<\/li>\n<li>1.2\u03a9 Mesh Coil - Erweiterte Heizung f\u00fcr reichen, weichen Geschmack<\/li>\n<li>Nikotinoptionen - Erh\u00e4ltlich in den St\u00e4rken 0%, 2%, 3% und 5%<\/li>\n<li>Von Kugeln inspiriertes Design - Einzigartig, stilvoll und ergonomisch<\/li>\n<li>12 Geschmacksrichtungen erh\u00e4ltlich - etwas f\u00fcr jeden Geschmack<\/li>\n<li>Gro\u00dfverpackung - 10 St\u00fcck\/Karton f\u00fcr den Einzelhandel oder Wiederverkauf<\/li>\n<\/ul>\n<h3>Verf\u00fcgbare Geschmacksrichtungen<\/h3>\n<ul>\n<li>Wassermelone<\/li>\n<li>Erdbeere Wassermelone<\/li>\n<li>Blaubeereis<\/li>\n<li>Heidelbeere-Himbeere<\/li>\n<li>Erdbeer-Mango<\/li>\n<li>Schwarzer Drache Eis<\/li>\n<li>Kirsche Cola<\/li>\n<li>Heidelbeere Traube<\/li>\n<li>Dreifach-Beere<\/li>\n<li>Erdbeer-Kiwi<\/li>\n<li>Pfirsich-Eis<\/li>\n<li>Wassermelone Bubblegum<\/li>\n<\/ul>\n<h3>Warum sollten Sie sich f\u00fcr den Bang King 12000 Porsche entscheiden?<\/h3>\n<p>F\u00fcr Dampfer, die eine Mischung aus Leistung, Portabilit\u00e4t und Pers\u00f6nlichkeit suchen, ist der Bang King Porsche 12K die perfekte Wahl. Seine lang anhaltende Puffzahl, sein modernes Design und sein glattes Mesh-Coil-System machen ihn ideal f\u00fcr den t\u00e4glichen Gebrauch - egal ob Sie ein neuer Nutzer oder ein erfahrener Enthusiast sind.<\/p>\n<p><img loading=\"lazy\" decoding=\"async\" class=\"alignnone size-full wp-image-3244\" src=\"https:\/\/bangvapeofficial.com\/wp-content\/uploads\/2025\/09\/Vaper12K-Bang-E-Cig-Wholesale-Vaporizer-Price-12000-Puff-Disposable-Smoking-12000-12K-Vape-Bang-King.webp\" width=\"1060\" height=\"1855\" alt=\"Vaper12K-Bang-E-Cig-Wholesale-Vaporizer-Price-12000-Puff-Disposable-Smoking-12000-12K-Vape-Bang-King\" title=\"Vaper12K-Bang-E-Cig-Wholesale-Vaporizer-Price-12000-Puff-Disposable-Smoking-12000-12K-Vape-Bang-King\" srcset=\"https:\/\/bangvapeofficial.com\/wp-content\/uploads\/2025\/09\/Vaper12K-Bang-E-Cig-Wholesale-Vaporizer-Price-12000-Puff-Disposable-Smoking-12000-12K-Vape-Bang-King.webp 1060w, https:\/\/bangvapeofficial.com\/wp-content\/uploads\/2025\/09\/Vaper12K-Bang-E-Cig-Wholesale-Vaporizer-Price-12000-Puff-Disposable-Smoking-12000-12K-Vape-Bang-King-171x300.webp 171w, https:\/\/bangvapeofficial.com\/wp-content\/uploads\/2025\/09\/Vaper12K-Bang-E-Cig-Wholesale-Vaporizer-Price-12000-Puff-Disposable-Smoking-12000-12K-Vape-Bang-King-585x1024.webp 585w, https:\/\/bangvapeofficial.com\/wp-content\/uploads\/2025\/09\/Vaper12K-Bang-E-Cig-Wholesale-Vaporizer-Price-12000-Puff-Disposable-Smoking-12000-12K-Vape-Bang-King-768x1344.webp 768w, https:\/\/bangvapeofficial.com\/wp-content\/uploads\/2025\/09\/Vaper12K-Bang-E-Cig-Wholesale-Vaporizer-Price-12000-Puff-Disposable-Smoking-12000-12K-Vape-Bang-King-878x1536.webp 878w, https:\/\/bangvapeofficial.com\/wp-content\/uploads\/2025\/09\/Vaper12K-Bang-E-Cig-Wholesale-Vaporizer-Price-12000-Puff-Disposable-Smoking-12000-12K-Vape-Bang-King-600x1050.webp 600w\" sizes=\"auto, (max-width: 1060px) 100vw, 1060px\" \/><\/p>","protected":false},"excerpt":{"rendered":"<p class=\"\" data-start=\"2058\" data-end=\"2214\">Der Bang King 12000 Porsche bietet 12.000 Z\u00fcge, 18 ml E-Liquid, eine Mesh-Spule, einen 550-mAh-Akku und eine Typ-C-Ladestation - alles in einem schlanken, von Kugeln inspirierten Design.<\/p>","protected":false},"featured_media":208,"comment_status":"open","ping_status":"closed","template":"","meta":{"_acf_changed":false,"bwfblock_default_font":""},"product_brand":[],"product_cat":[17],"product_tag":[40,268],"class_list":{"0":"post-102","1":"product","2":"type-product","3":"status-publish","4":"has-post-thumbnail","6":"product_cat-bang-vapes","7":"product_tag-12k-puffs","8":"product_tag-mouth-to-lung","10":"first","11":"instock","12":"sale","13":"shipping-taxable","14":"purchasable","15":"product-type-variable"},"acf":[],"_links":{"self":[{"href":"https:\/\/bangvapeofficial.com\/de\/wp-json\/wp\/v2\/product\/102","targetHints":{"allow":["GET"]}}],"collection":[{"href":"https:\/\/bangvapeofficial.com\/de\/wp-json\/wp\/v2\/product"}],"about":[{"href":"https:\/\/bangvapeofficial.com\/de\/wp-json\/wp\/v2\/types\/product"}],"replies":[{"embeddable":true,"href":"https:\/\/bangvapeofficial.com\/de\/wp-json\/wp\/v2\/comments?post=102"}],"wp:featuredmedia":[{"embeddable":true,"href":"https:\/\/bangvapeofficial.com\/de\/wp-json\/wp\/v2\/media\/208"}],"wp:attachment":[{"href":"https:\/\/bangvapeofficial.com\/de\/wp-json\/wp\/v2\/media?parent=102"}],"wp:term":[{"taxonomy":"product_brand","embeddable":true,"href":"https:\/\/bangvapeofficial.com\/de\/wp-json\/wp\/v2\/product_brand?post=102"},{"taxonomy":"product_cat","embeddable":true,"href":"https:\/\/bangvapeofficial.com\/de\/wp-json\/wp\/v2\/product_cat?post=102"},{"taxonomy":"product_tag","embeddable":true,"href":"https:\/\/bangvapeofficial.com\/de\/wp-json\/wp\/v2\/product_tag?post=102"}],"curies":[{"name":"wp","href":"https:\/\/api.w.org\/{rel}","templated":true}]}}