{"id":103,"date":"2025-09-28T09:08:46","date_gmt":"2025-09-28T09:08:46","guid":{"rendered":"https:\/\/bangvapeofficial.com\/?post_type=product&#038;p=103"},"modified":"2025-10-05T06:51:19","modified_gmt":"2025-10-05T06:51:19","slug":"bang-32000-puffs-vape","status":"publish","type":"product","link":"https:\/\/bangvapeofficial.com\/de\/produkt\/bang-32000-puffs-vape\/","title":{"rendered":"Bang 32000 Puffs Vape - Leistung, Geschmack und Kontrolle in einem intelligenten Ger\u00e4t"},"content":{"rendered":"<h2>Bang 32000 Puffs Vape<\/h2>\n<p>Bringen Sie Ihr Dampferlebnis auf die n\u00e4chste Stufe mit dem Bang 32000 Puffs Vape, einer Einweg-E-Zigarette mit hoher Kapazit\u00e4t, die f\u00fcr Leistung, Geschmack und Komfort entwickelt wurde. Mit zwei 0,5\u03a9 Mesh-Spulen, einer 32ML e-Fl\u00fcssigkeitskapazit\u00e4t und einer reaktionsschnellen \u00d6l- und Leistungsanzeige liefert dieses Ger\u00e4t weiche Wolken und konsistente Hits - alles in einem intelligenten, modernen Design.<\/p>\n<p><img loading=\"lazy\" decoding=\"async\" class=\"alignnone size-full wp-image-3258\" src=\"https:\/\/bangvapeofficial.com\/wp-content\/uploads\/2025\/09\/Bang-32000-Puffs-Vape.webp\" width=\"1339\" height=\"2560\" alt=\"Bang-32000-Puffs-Vape\" title=\"Bang-32000-Puffs-Vape\" srcset=\"https:\/\/bangvapeofficial.com\/wp-content\/uploads\/2025\/09\/Bang-32000-Puffs-Vape.webp 1339w, https:\/\/bangvapeofficial.com\/wp-content\/uploads\/2025\/09\/Bang-32000-Puffs-Vape-157x300.webp 157w, https:\/\/bangvapeofficial.com\/wp-content\/uploads\/2025\/09\/Bang-32000-Puffs-Vape-536x1024.webp 536w, https:\/\/bangvapeofficial.com\/wp-content\/uploads\/2025\/09\/Bang-32000-Puffs-Vape-768x1468.webp 768w, https:\/\/bangvapeofficial.com\/wp-content\/uploads\/2025\/09\/Bang-32000-Puffs-Vape-803x1536.webp 803w, https:\/\/bangvapeofficial.com\/wp-content\/uploads\/2025\/09\/Bang-32000-Puffs-Vape-1071x2048.webp 1071w, https:\/\/bangvapeofficial.com\/wp-content\/uploads\/2025\/09\/Bang-32000-Puffs-Vape-600x1147.webp 600w\" sizes=\"auto, (max-width: 1339px) 100vw, 1339px\" \/><\/p>\n<h3>Wesentliche Merkmale<\/h3>\n<ul>\n<li>Ca. 32.000 Puffs - auf Ausdauer ausgelegt, ideal f\u00fcr intensive oder langfristige Nutzung<\/li>\n<li>32ML Pre-Filled E-Liquid - Kein Nachf\u00fcll-Stress, nur ununterbrochener Genuss<\/li>\n<li>Dual 0.5\u03a9 Mesh Coils - Verbesserter Dampf und Geschmack vom ersten bis zum letzten Zug<\/li>\n<li>Nikotinoptionen - 0%, 2%, 3% und 5% f\u00fcr alle Benutzertypen<\/li>\n<li>Einstellbare Leistung - Passen Sie die Leistung f\u00fcr st\u00e4rkere Schl\u00e4ge oder einen sanfteren Geschmack an<\/li>\n<li>650mAh Akku - USB Typ-C Schnellaufladung f\u00fcr schnelle Reaktionszeiten<\/li>\n<li>\u00d6l- und Energieanzeige - \u00dcberwachen Sie Fl\u00fcssigkeitsstand und Batterie in Echtzeit<\/li>\n<\/ul>\n<h3>Die Geschmacksoptionen umfassen<\/h3>\n<ul>\n<li>Heidelbeere-Himbeere<\/li>\n<li>Wassermelone Kirsche<\/li>\n<li>Blaubeereis<\/li>\n<li>Wassermelone Eis<\/li>\n<li>Erdbeere Wassermelone<\/li>\n<li>Erdbeer-Kiwi<\/li>\n<li>Red Bull<\/li>\n<li>Wassermelone Bubblegum<\/li>\n<li>Traubeneis<\/li>\n<li>Pfirsich-Mango<\/li>\n<li>Pfirsich-Eis<\/li>\n<li>Gemischtes Obst<\/li>\n<\/ul>\n<h3>Warum Bang 32000 w\u00e4hlen?<\/h3>\n<p>Dies ist nicht nur ein Wegwerfprodukt, sondern ein erstklassiges Dampferlebnis. Die einstellbare Leistung gibt Dir die Kontrolle. Die Anzeige f\u00fcr Leistung und \u00d6l gibt Dir einen Einblick. Und die hohe Puffkapazit\u00e4t bedeutet weniger Austausch und mehr Wert. Egal, ob es Dir um Geschmack, Flexibilit\u00e4t oder reine Leistung geht, der Bang 32000 bietet alles.<\/p>","protected":false},"excerpt":{"rendered":"<p>Bang 32000 Puffs Vape mit 32ML e-Fl\u00fcssigkeit, Dual 0.5\u03a9 Mesh Coils, einstellbare Leistung, und eine vollst\u00e4ndige \u00d6l-und Batterieanzeige. Wiederaufladbar. 12 Geschmacksrichtungen verf\u00fcgbar.<\/p>","protected":false},"featured_media":219,"comment_status":"open","ping_status":"closed","template":"","meta":{"_acf_changed":false,"bwfblock_default_font":""},"product_brand":[],"product_cat":[17],"product_tag":[41,268,20],"class_list":{"0":"post-103","1":"product","2":"type-product","3":"status-publish","4":"has-post-thumbnail","6":"product_cat-bang-vapes","7":"product_tag-32k-puffs","8":"product_tag-mouth-to-lung","9":"product_tag-smart-screen","11":"first","12":"instock","13":"sale","14":"shipping-taxable","15":"purchasable","16":"product-type-variable"},"acf":[],"_links":{"self":[{"href":"https:\/\/bangvapeofficial.com\/de\/wp-json\/wp\/v2\/product\/103","targetHints":{"allow":["GET"]}}],"collection":[{"href":"https:\/\/bangvapeofficial.com\/de\/wp-json\/wp\/v2\/product"}],"about":[{"href":"https:\/\/bangvapeofficial.com\/de\/wp-json\/wp\/v2\/types\/product"}],"replies":[{"embeddable":true,"href":"https:\/\/bangvapeofficial.com\/de\/wp-json\/wp\/v2\/comments?post=103"}],"wp:featuredmedia":[{"embeddable":true,"href":"https:\/\/bangvapeofficial.com\/de\/wp-json\/wp\/v2\/media\/219"}],"wp:attachment":[{"href":"https:\/\/bangvapeofficial.com\/de\/wp-json\/wp\/v2\/media?parent=103"}],"wp:term":[{"taxonomy":"product_brand","embeddable":true,"href":"https:\/\/bangvapeofficial.com\/de\/wp-json\/wp\/v2\/product_brand?post=103"},{"taxonomy":"product_cat","embeddable":true,"href":"https:\/\/bangvapeofficial.com\/de\/wp-json\/wp\/v2\/product_cat?post=103"},{"taxonomy":"product_tag","embeddable":true,"href":"https:\/\/bangvapeofficial.com\/de\/wp-json\/wp\/v2\/product_tag?post=103"}],"curies":[{"name":"wp","href":"https:\/\/api.w.org\/{rel}","templated":true}]}}