{"id":104,"date":"2025-09-28T09:08:47","date_gmt":"2025-09-28T09:08:47","guid":{"rendered":"https:\/\/bangvapeofficial.com\/?post_type=product&#038;p=104"},"modified":"2025-10-05T09:23:49","modified_gmt":"2025-10-05T09:23:49","slug":"bang-36000-power","status":"publish","type":"product","link":"https:\/\/bangvapeofficial.com\/de\/produkt\/bang-36000-power\/","title":{"rendered":"Bang 36000 Power - der bisher intelligenteste Vape mit hoher Kapazit\u00e4t"},"content":{"rendered":"<h2>Bang 36000 Leistung<\/h2>\n<h3>36.000 Puffs | 36ML E-Liquid | Touch Control | Full-Screen-Display | Einstellbare Power-Modi<\/h3>\n<p>Hast Du genug von Einwegverdampfern, die zu schnell leer werden, schwache Z\u00fcge liefern oder nicht mit Deinem Tempo mithalten k\u00f6nnen, dann triff den Bang 36000 Power. Dieses Ger\u00e4t wurde f\u00fcr ernsthafte Verdampfer entwickelt und kombiniert modernste Technologie, eine enorme Puffkapazit\u00e4t und anpassbare Leistung in einem schlanken, ber\u00fchrungsgesteuerten Geh\u00e4use. Egal, ob Du im Chill-Modus bist oder auf der Suche nach dem besten Geschmack, dieser Vape passt sich Deinem Rhythmus an - ohne Kompromisse.<\/p>\n<p><img loading=\"lazy\" decoding=\"async\" class=\"alignnone size-full wp-image-3243\" src=\"https:\/\/bangvapeofficial.com\/wp-content\/uploads\/2025\/09\/Bang-36000-Power.webp\" width=\"1180\" height=\"1950\" alt=\"Bang-36000-Power\" title=\"Bang-36000-Power\" srcset=\"https:\/\/bangvapeofficial.com\/wp-content\/uploads\/2025\/09\/Bang-36000-Power.webp 1180w, https:\/\/bangvapeofficial.com\/wp-content\/uploads\/2025\/09\/Bang-36000-Power-182x300.webp 182w, https:\/\/bangvapeofficial.com\/wp-content\/uploads\/2025\/09\/Bang-36000-Power-620x1024.webp 620w, https:\/\/bangvapeofficial.com\/wp-content\/uploads\/2025\/09\/Bang-36000-Power-768x1269.webp 768w, https:\/\/bangvapeofficial.com\/wp-content\/uploads\/2025\/09\/Bang-36000-Power-929x1536.webp 929w, https:\/\/bangvapeofficial.com\/wp-content\/uploads\/2025\/09\/Bang-36000-Power-600x992.webp 600w\" sizes=\"auto, (max-width: 1180px) 100vw, 1180px\" \/><\/p>\n<h3>Wesentliche Merkmale<\/h3>\n<ul>\n<li>36.000 Z\u00fcge - Gebaut f\u00fcr Ausdauer. L\u00e4nger dampfen, weniger nachladen.<\/li>\n<li>36mL Pre-Filled E-Liquid - Keine Nachf\u00fcllungen erforderlich. Genie\u00dfen Sie einfach die Fahrt.<\/li>\n<li>Touch Control Panel - Tippen Sie sich m\u00fchelos durch die Einstellungen.<\/li>\n<li>Anpassbare Leistungsmodi - P1 (Niedrig), P2 (Mittel), P3 (Hoch) f\u00fcr ma\u00dfgeschneiderte Intensit\u00e4t<\/li>\n<li>Vollbildanzeige - Anzeige von Pustezahl, Leistungsstand, Batterie und \u00d6lstand in Echtzeit<\/li>\n<li>650mAh-Akku - Typ-C-Schnellaufladung f\u00fcr schnelle Reaktionszeiten<\/li>\n<li>Intelligente Sicherheitsfunktionen - mit \u00dcberlastungs-, Kurzschluss- und Unterspannungsschutz<\/li>\n<li>Draw-Activated System - einfach inhalieren und loslegen - keine Kn\u00f6pfe, keine Einstellungen<\/li>\n<\/ul>\n<h3>Beliebte Geschmacksrichtungen sind<\/h3>\n<ul>\n<li>Pfirsich Mango Wassermelone<\/li>\n<li>Traubeneis<\/li>\n<li>Erdbeere-Banane<\/li>\n<li>Wassermelone Eis<\/li>\n<li>Dreifach-Beere<\/li>\n<li>Schwarzer Drache Eis<em>(...und mehr!)<\/em><\/li>\n<\/ul>\n<h3>Warum sollten Sie sich f\u00fcr das Bang 36000 Power entscheiden?<\/h3>\n<p>Wenn Sie viel dampfen oder es einfach hassen, von leeren Batterien und schwachem Geschmack unterbrochen zu werden, gibt Ihnen der Bang 36000 Power die volle Kontrolle. Mit Echtzeit-Statistiken, anpassbarer Leistung und un\u00fcbertroffener Langlebigkeit ist er das ultimative intelligente Verdampfersystem - alles in einem schlanken, reaktionsschnellen Ger\u00e4t verpackt.<\/p>\n<h2><\/h2>","protected":false},"excerpt":{"rendered":"<p class=\"\" data-start=\"2151\" data-end=\"2316\">Bang 36000 Power bietet 36K Puffs, 36mL E-Liquid, einstellbare Leistung (P1\/P2\/P3), Vollbildanzeige und intelligente Sicherheitsfunktionen. Typ-C-Laden. Ber\u00fchrungsgesteuertes Dampfen.<\/p>","protected":false},"featured_media":2686,"comment_status":"open","ping_status":"closed","template":"","meta":{"_acf_changed":false,"bwfblock_default_font":""},"product_brand":[],"product_cat":[17],"product_tag":[30,42,268,20],"class_list":{"0":"post-104","1":"product","2":"type-product","3":"status-publish","4":"has-post-thumbnail","6":"product_cat-bang-vapes","7":"product_tag-36k-puffs","8":"product_tag-hugo-vapor","9":"product_tag-mouth-to-lung","10":"product_tag-smart-screen","12":"first","13":"instock","14":"sale","15":"shipping-taxable","16":"purchasable","17":"product-type-variable"},"acf":[],"_links":{"self":[{"href":"https:\/\/bangvapeofficial.com\/de\/wp-json\/wp\/v2\/product\/104","targetHints":{"allow":["GET"]}}],"collection":[{"href":"https:\/\/bangvapeofficial.com\/de\/wp-json\/wp\/v2\/product"}],"about":[{"href":"https:\/\/bangvapeofficial.com\/de\/wp-json\/wp\/v2\/types\/product"}],"replies":[{"embeddable":true,"href":"https:\/\/bangvapeofficial.com\/de\/wp-json\/wp\/v2\/comments?post=104"}],"wp:featuredmedia":[{"embeddable":true,"href":"https:\/\/bangvapeofficial.com\/de\/wp-json\/wp\/v2\/media\/2686"}],"wp:attachment":[{"href":"https:\/\/bangvapeofficial.com\/de\/wp-json\/wp\/v2\/media?parent=104"}],"wp:term":[{"taxonomy":"product_brand","embeddable":true,"href":"https:\/\/bangvapeofficial.com\/de\/wp-json\/wp\/v2\/product_brand?post=104"},{"taxonomy":"product_cat","embeddable":true,"href":"https:\/\/bangvapeofficial.com\/de\/wp-json\/wp\/v2\/product_cat?post=104"},{"taxonomy":"product_tag","embeddable":true,"href":"https:\/\/bangvapeofficial.com\/de\/wp-json\/wp\/v2\/product_tag?post=104"}],"curies":[{"name":"wp","href":"https:\/\/api.w.org\/{rel}","templated":true}]}}