{"id":105,"date":"2025-09-28T09:08:48","date_gmt":"2025-09-28T09:08:48","guid":{"rendered":"https:\/\/bangvapeofficial.com\/?post_type=product&#038;p=105"},"modified":"2025-10-05T09:23:47","modified_gmt":"2025-10-05T09:23:47","slug":"bang-36000-ice-level-adjustable-cool-unmatched-power","status":"publish","type":"product","link":"https:\/\/bangvapeofficial.com\/de\/produkt\/bang-36000-ice-level-adjustable-cool-unmatched-power\/","title":{"rendered":"Bang 36000 Ice Level - einstellbare K\u00fchlung, un\u00fcbertroffene Leistung"},"content":{"rendered":"<h2>Bang 36000 Eisstand<\/h2>\n<h3>36.000 Puffs | Einstellbare Eiskontrolle | 36mL E-Liquid | 850mAh Batterie<\/h3>\n<p>Hast du genug von Verdampfern, die nicht mithalten k\u00f6nnen? Der Bang 36000 Ice Level ist hier, um das Spiel zu \u00e4ndern. Dieses Ger\u00e4t wurde f\u00fcr Verdampfer entwickelt, die Leistung, Kontrolle und Anpassung verlangen, und l\u00e4sst Dich die K\u00fchlintensit\u00e4t Deiner Stimmung anpassen. Und mit 36.000 Z\u00fcgen, einem massiven 36mL E-Liquid-Tank und einem langlebigen 850mAh-Akku k\u00f6nnen Sie den ganzen Tag lang sanfte, kr\u00e4ftige Aromen genie\u00dfen - ohne Kompromisse.<\/p>\n<p><img loading=\"lazy\" decoding=\"async\" class=\"alignnone size-full wp-image-3242\" src=\"https:\/\/bangvapeofficial.com\/wp-content\/uploads\/2025\/09\/Bang-36000-Ice-Level-.webp\" width=\"1180\" height=\"1950\" alt=\"Bang-36000-Ice-Level-\" title=\"Bang-36000-Ice-Level-\" srcset=\"https:\/\/bangvapeofficial.com\/wp-content\/uploads\/2025\/09\/Bang-36000-Ice-Level-.webp 1180w, https:\/\/bangvapeofficial.com\/wp-content\/uploads\/2025\/09\/Bang-36000-Ice-Level--182x300.webp 182w, https:\/\/bangvapeofficial.com\/wp-content\/uploads\/2025\/09\/Bang-36000-Ice-Level--620x1024.webp 620w, https:\/\/bangvapeofficial.com\/wp-content\/uploads\/2025\/09\/Bang-36000-Ice-Level--768x1269.webp 768w, https:\/\/bangvapeofficial.com\/wp-content\/uploads\/2025\/09\/Bang-36000-Ice-Level--929x1536.webp 929w, https:\/\/bangvapeofficial.com\/wp-content\/uploads\/2025\/09\/Bang-36000-Ice-Level--600x992.webp 600w\" sizes=\"auto, (max-width: 1180px) 100vw, 1180px\" \/><\/p>\n<h3>Wesentliche Merkmale<\/h3>\n<ul>\n<li>Einstellbare Eisstufe - Passen Sie die K\u00fchlung von sanft bis stark an<\/li>\n<li>36.000 Puffs - branchenf\u00fchrende Kapazit\u00e4t f\u00fcr eine l\u00e4ngere Nutzung<\/li>\n<li>36mL E-Liquid Volumen - Null Nachf\u00fcllungen, nur reines Aroma<\/li>\n<li>850mAh Typ-C Akku - Schnelles Aufladen und l\u00e4ngeres Dampfen<\/li>\n<li>Nikotinoptionen - Erh\u00e4ltlich in den St\u00e4rken 0%, 2%, 3% und 5%<\/li>\n<li>Draw-Activated - Keine Tasten oder Einstellungen erforderlich<\/li>\n<\/ul>\n<h3>Warum Bang 36000 Ice Level w\u00e4hlen?<\/h3>\n<ul>\n<li>\u00dcbernehmen Sie die Kontrolle mit einstellbarer K\u00fchlung<\/li>\n<li>Genie\u00dfen Sie lange Sitzungen, ohne sich Gedanken \u00fcber Nachf\u00fcllen oder Aufladen zu machen<\/li>\n<li>Passen Sie Ihre Nikotinst\u00e4rke an Ihren Lebensstil an<\/li>\n<li>Ideal f\u00fcr Anf\u00e4nger und erfahrene Dampfer<\/li>\n<\/ul>\n<h3>Zu den wichtigsten Geschmacksoptionen geh\u00f6ren<\/h3>\n<ol>\n<li>Wassermeloneneis - knackig und erfrischend<\/li>\n<li>Strawberry Ice - K\u00fchl und fruchtig<\/li>\n<li>Triple Berry - K\u00fchn und saftig<\/li>\n<li>Love 66 - Exotisch, aromatisch und tief befriedigend<em>(Weitere Geschmacksrichtungen im Laden erh\u00e4ltlich)<\/em><\/li>\n<\/ol>","protected":false},"excerpt":{"rendered":"<p class=\"\" data-start=\"2003\" data-end=\"2172\">Die Bang 36000 Ice Level bietet 36.000 Z\u00fcge, 36mL E-Liquid, einstellbare Eisk\u00fchlung, 850mAh Typ-C Akku und 0-5% Nikotinoptionen. Reines anpassbares Dampfen.<\/p>","protected":false},"featured_media":2685,"comment_status":"open","ping_status":"closed","template":"","meta":{"_acf_changed":false,"bwfblock_default_font":""},"product_brand":[],"product_cat":[17],"product_tag":[30,36,267,268,20],"class_list":{"0":"post-105","1":"product","2":"type-product","3":"status-publish","4":"has-post-thumbnail","6":"product_cat-bang-vapes","7":"product_tag-36k-puffs","8":"product_tag-hugo-vapor-shisha","9":"product_tag-ice-level-adjustment","10":"product_tag-mouth-to-lung","11":"product_tag-smart-screen","13":"first","14":"instock","15":"sale","16":"shipping-taxable","17":"purchasable","18":"product-type-variable"},"acf":[],"_links":{"self":[{"href":"https:\/\/bangvapeofficial.com\/de\/wp-json\/wp\/v2\/product\/105","targetHints":{"allow":["GET"]}}],"collection":[{"href":"https:\/\/bangvapeofficial.com\/de\/wp-json\/wp\/v2\/product"}],"about":[{"href":"https:\/\/bangvapeofficial.com\/de\/wp-json\/wp\/v2\/types\/product"}],"replies":[{"embeddable":true,"href":"https:\/\/bangvapeofficial.com\/de\/wp-json\/wp\/v2\/comments?post=105"}],"wp:featuredmedia":[{"embeddable":true,"href":"https:\/\/bangvapeofficial.com\/de\/wp-json\/wp\/v2\/media\/2685"}],"wp:attachment":[{"href":"https:\/\/bangvapeofficial.com\/de\/wp-json\/wp\/v2\/media?parent=105"}],"wp:term":[{"taxonomy":"product_brand","embeddable":true,"href":"https:\/\/bangvapeofficial.com\/de\/wp-json\/wp\/v2\/product_brand?post=105"},{"taxonomy":"product_cat","embeddable":true,"href":"https:\/\/bangvapeofficial.com\/de\/wp-json\/wp\/v2\/product_cat?post=105"},{"taxonomy":"product_tag","embeddable":true,"href":"https:\/\/bangvapeofficial.com\/de\/wp-json\/wp\/v2\/product_tag?post=105"}],"curies":[{"name":"wp","href":"https:\/\/api.w.org\/{rel}","templated":true}]}}