{"id":106,"date":"2025-09-28T09:08:49","date_gmt":"2025-09-28T09:08:49","guid":{"rendered":"https:\/\/bangvapeofficial.com\/?post_type=product&#038;p=106"},"modified":"2025-10-05T07:06:41","modified_gmt":"2025-10-05T07:06:41","slug":"bang-30k-pro-disposable-vape-30000","status":"publish","type":"product","link":"https:\/\/bangvapeofficial.com\/de\/produkt\/bang-30k-pro-disposable-vape-30000\/","title":{"rendered":"Bang 30K Pro Einweg-Vape - 30.000 Z\u00fcge | Dual-Flavor Power"},"content":{"rendered":"<h2>Bang 30K Pro Disposable Vape Zwei Geschmacksrichtungen. Ein Ger\u00e4t. Endlose Befriedigung.<\/h2>\n<p>Der Bang 30K Pro ist ein leistungsstarker Einwegdampfer f\u00fcr alle, die eine maximale Anzahl von Z\u00fcgen, eine umschaltbare Geschmacksvielfalt und ein schlankes, taschenfreundliches Design w\u00fcnschen. Mit bis zu 30.000 Z\u00fcgen und einem Dual-Aroma-System k\u00f6nnen Sie mit diesem Ger\u00e4t die Geschmacksrichtungen nach Bedarf wechseln - so wird jede Session frisch, geschmackvoll und individuell.<\/p>\n<h3>Wesentliche Merkmale<\/h3>\n<ul>\n<li>30.000 Puff-Kapazit\u00e4t - l\u00e4ngere Nutzung ohne h\u00e4ufige Auswechslungen<\/li>\n<li>Dual-Flavor-System - m\u00fchelos zwischen zwei Geschmacksrichtungen in einem Ger\u00e4t umschalten<\/li>\n<li>550mAh-Akku - Typ-C-Schnellladung f\u00fcr konstante Leistung<\/li>\n<li>36mL E-Liquid Total - Gro\u00dfz\u00fcgig gef\u00fcllt f\u00fcr lang anhaltende Zufriedenheit<\/li>\n<li>Nikotin-Optionen: 0%, 2%, 3%, 5% - Passen Sie Ihren Hit an Ihre Bed\u00fcrfnisse an<\/li>\n<li>Ergonomisches und elegantes Design - schlank, dynamisch und f\u00fcr den Einsatz unterwegs konzipiert<\/li>\n<\/ul>\n<p><img loading=\"lazy\" decoding=\"async\" class=\"alignnone size-full wp-image-3257\" src=\"https:\/\/bangvapeofficial.com\/wp-content\/uploads\/2025\/09\/Bang-30K-Pro-Disposable-Vape-4.webp\" width=\"1000\" height=\"2450\" alt=\"Bang-30K-Pro-Einweg-Vape-4\" title=\"Bang-30K-Pro-Einweg-Vape-4\" srcset=\"https:\/\/bangvapeofficial.com\/wp-content\/uploads\/2025\/09\/Bang-30K-Pro-Disposable-Vape-4.webp 1000w, https:\/\/bangvapeofficial.com\/wp-content\/uploads\/2025\/09\/Bang-30K-Pro-Disposable-Vape-4-122x300.webp 122w, https:\/\/bangvapeofficial.com\/wp-content\/uploads\/2025\/09\/Bang-30K-Pro-Disposable-Vape-4-418x1024.webp 418w, https:\/\/bangvapeofficial.com\/wp-content\/uploads\/2025\/09\/Bang-30K-Pro-Disposable-Vape-4-768x1882.webp 768w, https:\/\/bangvapeofficial.com\/wp-content\/uploads\/2025\/09\/Bang-30K-Pro-Disposable-Vape-4-627x1536.webp 627w, https:\/\/bangvapeofficial.com\/wp-content\/uploads\/2025\/09\/Bang-30K-Pro-Disposable-Vape-4-836x2048.webp 836w, https:\/\/bangvapeofficial.com\/wp-content\/uploads\/2025\/09\/Bang-30K-Pro-Disposable-Vape-4-600x1470.webp 600w\" sizes=\"auto, (max-width: 1000px) 100vw, 1000px\" \/><\/p>\n<h3>Warum Bang 30K Pro w\u00e4hlen?<\/h3>\n<p>Egal, ob Du ein fortgeschrittener Nutzer bist oder das Dampfen gerade erst entdeckst, der Bang 30K Pro bietet einen unvergleichlichen Wert. Die Dual-Flavor-Funktionalit\u00e4t erm\u00f6glicht einen Geschmackswechsel mitten in der Session, w\u00e4hrend das wiederaufladbare Design und das gro\u00dfe Liquid-Volumen daf\u00fcr sorgen, dass Sie l\u00e4nger durchhalten und weniger Ausfallzeiten haben. Die anpassbaren Nikotinst\u00e4rken stellen sicher, dass es f\u00fcr jeden Vaper das perfekte Setup gibt.<\/p>","protected":false},"excerpt":{"rendered":"<p class=\"\" data-start=\"1717\" data-end=\"1881\">Bang 30K Pro liefert 30.000 Z\u00fcge mit zwei Geschmacksrichtungen, 36 ml e-Fl\u00fcssigkeit und einem 550-mAh-Akku. Genie\u00dfen Sie zwei Geschmacksrichtungen in einem schlanken, hochkapazitiven Ger\u00e4t.<\/p>","protected":false},"featured_media":2681,"comment_status":"open","ping_status":"closed","template":"","meta":{"_acf_changed":false,"bwfblock_default_font":""},"product_brand":[],"product_cat":[17],"product_tag":[274,24,22,268,20],"class_list":{"0":"post-106","1":"product","2":"type-product","3":"status-publish","4":"has-post-thumbnail","6":"product_cat-bang-vapes","7":"product_tag-2-in-1","8":"product_tag-30k-puffs","9":"product_tag-hot-selling","10":"product_tag-mouth-to-lung","11":"product_tag-smart-screen","13":"first","14":"instock","15":"sale","16":"shipping-taxable","17":"purchasable","18":"product-type-variable"},"acf":[],"_links":{"self":[{"href":"https:\/\/bangvapeofficial.com\/de\/wp-json\/wp\/v2\/product\/106","targetHints":{"allow":["GET"]}}],"collection":[{"href":"https:\/\/bangvapeofficial.com\/de\/wp-json\/wp\/v2\/product"}],"about":[{"href":"https:\/\/bangvapeofficial.com\/de\/wp-json\/wp\/v2\/types\/product"}],"replies":[{"embeddable":true,"href":"https:\/\/bangvapeofficial.com\/de\/wp-json\/wp\/v2\/comments?post=106"}],"wp:featuredmedia":[{"embeddable":true,"href":"https:\/\/bangvapeofficial.com\/de\/wp-json\/wp\/v2\/media\/2681"}],"wp:attachment":[{"href":"https:\/\/bangvapeofficial.com\/de\/wp-json\/wp\/v2\/media?parent=106"}],"wp:term":[{"taxonomy":"product_brand","embeddable":true,"href":"https:\/\/bangvapeofficial.com\/de\/wp-json\/wp\/v2\/product_brand?post=106"},{"taxonomy":"product_cat","embeddable":true,"href":"https:\/\/bangvapeofficial.com\/de\/wp-json\/wp\/v2\/product_cat?post=106"},{"taxonomy":"product_tag","embeddable":true,"href":"https:\/\/bangvapeofficial.com\/de\/wp-json\/wp\/v2\/product_tag?post=106"}],"curies":[{"name":"wp","href":"https:\/\/api.w.org\/{rel}","templated":true}]}}