{"id":108,"date":"2025-09-28T09:08:51","date_gmt":"2025-09-28T09:08:51","guid":{"rendered":"https:\/\/bangvapeofficial.com\/?post_type=product&#038;p=108"},"modified":"2025-10-05T09:23:45","modified_gmt":"2025-10-05T09:23:45","slug":"bang-king-double-crystal-20000","status":"publish","type":"product","link":"https:\/\/bangvapeofficial.com\/de\/produkt\/bang-king-double-crystal-20000\/","title":{"rendered":"Bang King Double Crystal 20000 - reibungslose, lang anhaltende Leistung"},"content":{"rendered":"<h2>Bang King Double Crystal 20000<\/h2>\n<h3>20.000 Puffs | 25ML E-Liquid | 650mAh Akku | Typ-C Aufladung<\/h3>\n<p>Der Bang King Double Crystal 20000 wurde f\u00fcr Vape-Enthusiasten entwickelt, die Best\u00e4ndigkeit, Vielfalt und lange Leistung sch\u00e4tzen. Mit bis zu 20.000 Z\u00fcgen kombiniert dieser Einwegdampfer einen glatten Spulenwiderstand, 25ML E-Liquid-Kapazit\u00e4t und Typ-C-Schnellaufladung in einem schlanken, langlebigen Ger\u00e4t. Mit Nikotinwerten von 0% bis 5% bietet er anpassbare Intensit\u00e4t f\u00fcr alle Arten von Benutzern.<\/p>\n<p><img loading=\"lazy\" decoding=\"async\" class=\"alignnone size-full wp-image-3241\" src=\"https:\/\/bangvapeofficial.com\/wp-content\/uploads\/2025\/09\/Bang-King-Double-Crystal-20000-.webp\" width=\"1200\" height=\"2280\" alt=\"Bang-King-Double-Crystal-20000-\" title=\"Bang-King-Double-Crystal-20000-\" srcset=\"https:\/\/bangvapeofficial.com\/wp-content\/uploads\/2025\/09\/Bang-King-Double-Crystal-20000-.webp 1200w, https:\/\/bangvapeofficial.com\/wp-content\/uploads\/2025\/09\/Bang-King-Double-Crystal-20000--158x300.webp 158w, https:\/\/bangvapeofficial.com\/wp-content\/uploads\/2025\/09\/Bang-King-Double-Crystal-20000--539x1024.webp 539w, https:\/\/bangvapeofficial.com\/wp-content\/uploads\/2025\/09\/Bang-King-Double-Crystal-20000--768x1459.webp 768w, https:\/\/bangvapeofficial.com\/wp-content\/uploads\/2025\/09\/Bang-King-Double-Crystal-20000--808x1536.webp 808w, https:\/\/bangvapeofficial.com\/wp-content\/uploads\/2025\/09\/Bang-King-Double-Crystal-20000--1078x2048.webp 1078w, https:\/\/bangvapeofficial.com\/wp-content\/uploads\/2025\/09\/Bang-King-Double-Crystal-20000--600x1140.webp 600w\" sizes=\"auto, (max-width: 1200px) 100vw, 1200px\" \/><\/p>\n<h3>Produkt-Highlights<\/h3>\n<ul>\n<li>20.000 Puffs - f\u00fcr den langfristigen Einsatz ohne h\u00e4ufiges Auswechseln konzipiert<\/li>\n<li>25ML E-Liquid - Hohes Volumen f\u00fcr l\u00e4ngere Sessions<\/li>\n<li>Nikotinst\u00e4rken - W\u00e4hlen Sie 0%, 2%, 3% oder 5%<\/li>\n<li>1.0\u03a9 Mesh Coil - Liefert glatten, reichen Geschmack mit jedem Inhalieren<\/li>\n<li>650mAh-Akku - Zuverl\u00e4ssig und wiederaufladbar \u00fcber Typ-C-Anschluss<\/li>\n<li>Kostenloser Versand und Zollabfertigung - Lieferung direkt zu Ihnen nach Hause ohne versteckte Geb\u00fchren<\/li>\n<\/ul>\n<h3>Verf\u00fcgbare Geschmacksrichtungen<\/h3>\n<ol>\n<li>Saurer Apfel-Himbeere<\/li>\n<li>Pfirsich-Eis<\/li>\n<li>Gemischte Fr\u00fcchte<\/li>\n<li>Erdbeere Wassermelone<\/li>\n<li>Wassermelone Eis<\/li>\n<li>Traubeneis<\/li>\n<li>Blaubeereis<\/li>\n<li>Blaues Razzeis<\/li>\n<li>Erdbeer-Mango<\/li>\n<li>Kiwi-Granatapfel<\/li>\n<li>Energy-Drink<\/li>\n<li>Erdbeer-Kiwi<\/li>\n<\/ol>\n<h3>Warum sollten Sie sich f\u00fcr den Bang King Double Crystal 20000 entscheiden?<\/h3>\n<p>Dieses Ger\u00e4t kombiniert au\u00dfergew\u00f6hnliche Kapazit\u00e4t, anpassbares Nikotin und erstklassige Spulenleistung in einer kompakten und eleganten Form. Mit 12 herausragenden Geschmacksrichtungen und einem langlebigen Akku ist es perfekt f\u00fcr Nutzer, die den ganzen Tag ohne Unterbrechungen dampfen m\u00f6chten.<\/p>","protected":false},"excerpt":{"rendered":"<p>Bang King Double Crystal 20000 bietet 25ML e-Fl\u00fcssigkeit, 650mAh Typ-C-Akku, 1,0\u03a9 Mesh-Spule, und bis zu 20.000 Z\u00fcge. Erh\u00e4ltlich in 12 Geschmacksrichtungen und 4 Nikotinst\u00e4rken.<\/p>","protected":false},"featured_media":252,"comment_status":"open","ping_status":"closed","template":"","meta":{"_acf_changed":false,"bwfblock_default_font":""},"product_brand":[],"product_cat":[17],"product_tag":[46,268,20],"class_list":{"0":"post-108","1":"product","2":"type-product","3":"status-publish","4":"has-post-thumbnail","6":"product_cat-bang-vapes","7":"product_tag-20k-puffs","8":"product_tag-mouth-to-lung","9":"product_tag-smart-screen","11":"first","12":"instock","13":"sale","14":"shipping-taxable","15":"purchasable","16":"product-type-variable"},"acf":[],"_links":{"self":[{"href":"https:\/\/bangvapeofficial.com\/de\/wp-json\/wp\/v2\/product\/108","targetHints":{"allow":["GET"]}}],"collection":[{"href":"https:\/\/bangvapeofficial.com\/de\/wp-json\/wp\/v2\/product"}],"about":[{"href":"https:\/\/bangvapeofficial.com\/de\/wp-json\/wp\/v2\/types\/product"}],"replies":[{"embeddable":true,"href":"https:\/\/bangvapeofficial.com\/de\/wp-json\/wp\/v2\/comments?post=108"}],"wp:featuredmedia":[{"embeddable":true,"href":"https:\/\/bangvapeofficial.com\/de\/wp-json\/wp\/v2\/media\/252"}],"wp:attachment":[{"href":"https:\/\/bangvapeofficial.com\/de\/wp-json\/wp\/v2\/media?parent=108"}],"wp:term":[{"taxonomy":"product_brand","embeddable":true,"href":"https:\/\/bangvapeofficial.com\/de\/wp-json\/wp\/v2\/product_brand?post=108"},{"taxonomy":"product_cat","embeddable":true,"href":"https:\/\/bangvapeofficial.com\/de\/wp-json\/wp\/v2\/product_cat?post=108"},{"taxonomy":"product_tag","embeddable":true,"href":"https:\/\/bangvapeofficial.com\/de\/wp-json\/wp\/v2\/product_tag?post=108"}],"curies":[{"name":"wp","href":"https:\/\/api.w.org\/{rel}","templated":true}]}}