{"id":111,"date":"2025-09-28T09:08:54","date_gmt":"2025-09-28T09:08:54","guid":{"rendered":"https:\/\/bangvapeofficial.com\/?post_type=product&#038;p=111"},"modified":"2025-10-05T06:50:19","modified_gmt":"2025-10-05T06:50:19","slug":"bang-king-25000-disposable-vape","status":"publish","type":"product","link":"https:\/\/bangvapeofficial.com\/de\/produkt\/bang-king-25000-disposable-vape\/","title":{"rendered":"Bang King 25000 Einweg Vape - Dual Pod, 25K Puff Leistung"},"content":{"rendered":"<h2>Bang King 25000 Einweg-Vape<\/h2>\n<h3>Maximaler Geschmack. Maximale Bequemlichkeit.<\/h3>\n<p>Der Bang King 25000 ist ein Einwegdampfer der n\u00e4chsten Generation, der f\u00fcr Leistung, Tragbarkeit und pure Zufriedenheit entwickelt wurde. Mit bis zu 25.000 Z\u00fcgen, einer massiven 46mL E-Liquid-Kapazit\u00e4t und einem leistungsstarken 650mAh Typ-C-Akku wurde er entwickelt, um ein nahtloses Erlebnis zu liefern, egal wohin Sie gehen. Dank des Dual-Pod-Systems k\u00f6nnen Sie die Geschmacksrichtungen sofort wechseln und Ihre Sitzungen verl\u00e4ngern, ohne einen Beat zu verpassen.<\/p>\n<h3>Wesentliche Merkmale<\/h3>\n<ul>\n<li>25.000 Puff-Kapazit\u00e4t - Zwei 12.500-Puff-Pods f\u00fcr l\u00e4ngeren Gebrauch<\/li>\n<li>46mL Total E-Liquid - Massives Volumen f\u00fcr pausenloses Dampfen<\/li>\n<li>Nikotin-Optionen: 0%, 2%, 3%, 5% - W\u00e4hlen Sie Ihre bevorzugte St\u00e4rke<\/li>\n<li>650mAh-Akku - Typ-C-Ladung sorgt f\u00fcr schnelles Aufladen<\/li>\n<li>1.0\u03a9 Mesh Coil mit einstellbarem Luftstrom - Ausgewogene DTL Leistung und Geschmackskontrolle<\/li>\n<li>Dual Pod Design - Wechseln Sie die Geschmacksrichtungen sofort mit zwei vorgef\u00fcllten Pods<\/li>\n<li>Schlank und tragbar - Gl\u00e4nzende Oberfl\u00e4che, ergonomische Passform und taschenfreundliches Profil<\/li>\n<\/ul>\n<p><img loading=\"lazy\" decoding=\"async\" class=\"alignnone size-full wp-image-3237\" src=\"https:\/\/bangvapeofficial.com\/wp-content\/uploads\/2025\/09\/Bang-King-25000-Disposable-Vape.webp\" width=\"800\" height=\"800\" alt=\"Bang-King-25000-Disposable-Vape\" title=\"Bang-King-25000-Disposable-Vape\" srcset=\"https:\/\/bangvapeofficial.com\/wp-content\/uploads\/2025\/09\/Bang-King-25000-Disposable-Vape.webp 800w, https:\/\/bangvapeofficial.com\/wp-content\/uploads\/2025\/09\/Bang-King-25000-Disposable-Vape-300x300.webp 300w, https:\/\/bangvapeofficial.com\/wp-content\/uploads\/2025\/09\/Bang-King-25000-Disposable-Vape-150x150.webp 150w, https:\/\/bangvapeofficial.com\/wp-content\/uploads\/2025\/09\/Bang-King-25000-Disposable-Vape-768x768.webp 768w, https:\/\/bangvapeofficial.com\/wp-content\/uploads\/2025\/09\/Bang-King-25000-Disposable-Vape-600x600.webp 600w, https:\/\/bangvapeofficial.com\/wp-content\/uploads\/2025\/09\/Bang-King-25000-Disposable-Vape-100x100.webp 100w, https:\/\/bangvapeofficial.com\/wp-content\/uploads\/2025\/09\/Bang-King-25000-Disposable-Vape-50x50.webp 50w\" sizes=\"auto, (max-width: 800px) 100vw, 800px\" \/><\/p>\n<h3>Warum Bang King 25000 w\u00e4hlen?<\/h3>\n<p>Dieses Ger\u00e4t ist f\u00fcr Dampfer gebaut, die Premium-Leistung ohne Kompromisse wollen. Das Dual-Pod-System erh\u00f6ht die Flexibilit\u00e4t, die Airflow-Steuerung passt jeden Zug an, und die gro\u00dfe Liquid-Kapazit\u00e4t h\u00e4lt Sie l\u00e4nger durch. Egal, ob Sie auf der Jagd nach Wolken sind oder den Nikotinkonsum reduzieren m\u00f6chten, der Bang King 25000 bietet Ihnen Optionen und sorgt f\u00fcr gleichbleibende Zufriedenheit.<\/p>","protected":false},"excerpt":{"rendered":"<p>Bang King 25000 Disposable Vape verf\u00fcgt \u00fcber zwei 12.500-Puff-Pods, 46mL E-Liquid, eine Mesh-Spule mit Airflow-Kontrolle und eine 650mAh Batterie. Typ-C wiederaufladbar. Erh\u00e4ltlich in 0%-5% Nikotin.<\/p>","protected":false},"featured_media":261,"comment_status":"open","ping_status":"closed","template":"","meta":{"_acf_changed":false,"bwfblock_default_font":""},"product_brand":[],"product_cat":[17],"product_tag":[48,50,22,268],"class_list":{"0":"post-111","1":"product","2":"type-product","3":"status-publish","4":"has-post-thumbnail","6":"product_cat-bang-vapes","7":"product_tag-25k-puffs","8":"product_tag-dual-cups","9":"product_tag-hot-selling","10":"product_tag-mouth-to-lung","12":"first","13":"instock","14":"sale","15":"shipping-taxable","16":"purchasable","17":"product-type-variable"},"acf":[],"_links":{"self":[{"href":"https:\/\/bangvapeofficial.com\/de\/wp-json\/wp\/v2\/product\/111","targetHints":{"allow":["GET"]}}],"collection":[{"href":"https:\/\/bangvapeofficial.com\/de\/wp-json\/wp\/v2\/product"}],"about":[{"href":"https:\/\/bangvapeofficial.com\/de\/wp-json\/wp\/v2\/types\/product"}],"replies":[{"embeddable":true,"href":"https:\/\/bangvapeofficial.com\/de\/wp-json\/wp\/v2\/comments?post=111"}],"wp:featuredmedia":[{"embeddable":true,"href":"https:\/\/bangvapeofficial.com\/de\/wp-json\/wp\/v2\/media\/261"}],"wp:attachment":[{"href":"https:\/\/bangvapeofficial.com\/de\/wp-json\/wp\/v2\/media?parent=111"}],"wp:term":[{"taxonomy":"product_brand","embeddable":true,"href":"https:\/\/bangvapeofficial.com\/de\/wp-json\/wp\/v2\/product_brand?post=111"},{"taxonomy":"product_cat","embeddable":true,"href":"https:\/\/bangvapeofficial.com\/de\/wp-json\/wp\/v2\/product_cat?post=111"},{"taxonomy":"product_tag","embeddable":true,"href":"https:\/\/bangvapeofficial.com\/de\/wp-json\/wp\/v2\/product_tag?post=111"}],"curies":[{"name":"wp","href":"https:\/\/api.w.org\/{rel}","templated":true}]}}