{"id":113,"date":"2025-09-28T09:08:55","date_gmt":"2025-09-28T09:08:55","guid":{"rendered":"https:\/\/bangvapeofficial.com\/?post_type=product&#038;p=113"},"modified":"2025-10-05T06:50:14","modified_gmt":"2025-10-05T06:50:14","slug":"bang-tornado-12000-disposable-vape","status":"publish","type":"product","link":"https:\/\/bangvapeofficial.com\/de\/produkt\/bang-tornado-12000-disposable-vape\/","title":{"rendered":"Bang Tornado 12000 Disposable Vape - Erh\u00f6hen Sie jede Puff"},"content":{"rendered":"<h2>Bang Tornado 12000 Einweg-Vape<\/h2>\n<p>Der Bang Tornado 12000 wurde f\u00fcr Dampfer entwickelt, die \u00fcberragende Leistung, kr\u00e4ftigen Geschmack und lang anhaltende Zufriedenheit erwarten. Dieser Einwegverdampfer wurde mit Blick auf Innovation und Intensit\u00e4t entwickelt und liefert bis zu 12.000 Z\u00fcge, angetrieben von einem robusten Bang Tornado 12000 Einwegverdampfer - Elevate Every Puff und verbessert durch Mesh-Coil-Technologie f\u00fcr konsistente, glatte Z\u00fcge.<\/p>\n<h3>Tornado 12000 <strong>Wesentliche Merkmale:<\/strong><\/h3>\n<ul>\n<li>Hochkapazitiver 650mAh-Akku: Wiederaufladbar \u00fcber Typ-C f\u00fcr ununterbrochene Sessions.<\/li>\n<li>12.000 Z\u00fcge: Verl\u00e4ngerte Lebensdauer, damit Sie ohne Kompromisse l\u00e4nger dampfen k\u00f6nnen.<\/li>\n<li>Mesh Coil System: Sorgt f\u00fcr eine optimale Dampfproduktion und Geschmacksabgabe.<\/li>\n<li>20mL vorgef\u00fclltes E-Liquid: Gro\u00dfz\u00fcgig gef\u00fcllt f\u00fcr ein reichhaltiges, langanhaltendes Erlebnis.<\/li>\n<li>Individuelle Nikotinst\u00e4rken: W\u00e4hlen Sie zwischen 0%, 2%, 3% oder 5% Nikotin, um Ihrem Stil gerecht zu werden.<\/li>\n<li>LED-Farblichtanzeige: Die auff\u00e4llige Beleuchtung verleiht jedem Zug ein besonderes Flair.<\/li>\n<li>Geschmacks-Explosion: Erh\u00e4ltlich in 20 sensationellen Geschmacksrichtungen, die Ihre Geschmacksknospen entz\u00fcnden.<\/li>\n<\/ul>\n<p><img loading=\"lazy\" decoding=\"async\" class=\"alignnone size-full wp-image-3256\" src=\"https:\/\/bangvapeofficial.com\/wp-content\/uploads\/2025\/09\/Bang-Tornado-12000-Disposable-Vape.webp\" width=\"2236\" height=\"2560\" alt=\"Bang-Tornado-12000-Einweg-Vape\" title=\"Bang-Tornado-12000-Einweg-Vape\" srcset=\"https:\/\/bangvapeofficial.com\/wp-content\/uploads\/2025\/09\/Bang-Tornado-12000-Disposable-Vape.webp 2236w, https:\/\/bangvapeofficial.com\/wp-content\/uploads\/2025\/09\/Bang-Tornado-12000-Disposable-Vape-262x300.webp 262w, https:\/\/bangvapeofficial.com\/wp-content\/uploads\/2025\/09\/Bang-Tornado-12000-Disposable-Vape-894x1024.webp 894w, https:\/\/bangvapeofficial.com\/wp-content\/uploads\/2025\/09\/Bang-Tornado-12000-Disposable-Vape-768x879.webp 768w, https:\/\/bangvapeofficial.com\/wp-content\/uploads\/2025\/09\/Bang-Tornado-12000-Disposable-Vape-1342x1536.webp 1342w, https:\/\/bangvapeofficial.com\/wp-content\/uploads\/2025\/09\/Bang-Tornado-12000-Disposable-Vape-1789x2048.webp 1789w, https:\/\/bangvapeofficial.com\/wp-content\/uploads\/2025\/09\/Bang-Tornado-12000-Disposable-Vape-600x687.webp 600w\" sizes=\"auto, (max-width: 2236px) 100vw, 2236px\" \/><\/p>\n<h3><strong>Verf\u00fcgbare Geschmacksrichtungen:<\/strong><\/h3>\n<ol>\n<li>Erdbeere-Banane<\/li>\n<li>Kiwi Passionsfrucht Guave<\/li>\n<li>Erdbeer-Kiwi<\/li>\n<li>Blaues Razzeis<\/li>\n<li>Saurer Apfel-Himbeere<\/li>\n<li>Wassermelone Bubblegum<\/li>\n<li>Erdbeere Wassermelone<\/li>\n<li>Erdbeer-Saft<\/li>\n<li>Schwarzer Drache Eis<\/li>\n<li>Wassermelone Eis<\/li>\n<li>Blaubeereis<\/li>\n<li>Pfirsich Mango Wassermelone<\/li>\n<li>Traubeneis<\/li>\n<li>Gemischte Fr\u00fcchte<\/li>\n<li>Erdbeer-Litschi<\/li>\n<li>Minze Eis<\/li>\n<li>Himbeere Wassermelone<\/li>\n<li>Erdbeereis<\/li>\n<li>Pfirsich-Eis<\/li>\n<li>Erdbeer-Mango<\/li>\n<\/ol>\n<h3><strong>Warum sollten Sie sich f\u00fcr den Bang Tornado 12000 entscheiden?<\/strong><\/h3>\n<p>Entfesseln Sie intensiven Geschmack mit jedem Zug. Egal, ob Du vom traditionellen Rauchen umsteigst oder als erfahrener Vaper auf der Suche nach einem leistungsstarken Ger\u00e4t bist, der Bang Tornado 12000 bietet die perfekte Balance aus Leistung, Anpassungsf\u00e4higkeit und Geschmacksvielfalt. Keine komplizierten Einstellungen. Genie\u00dfen Sie k\u00f6stliche, dichte Wolken \u00fcberall und jederzeit.<\/p>\n<h3><strong>Erh\u00f6hen Sie Ihr Vaping. Beherrsche den Sturm.<\/strong><\/h3>\n<p>Schlie\u00dfe Dich Tausenden an, die umgestiegen sind. Der Bang Tornado 12000 ist nicht nur ein Wegwerfdampfer - er ist eine Revolution in der Hand.<\/p>","protected":false},"excerpt":{"rendered":"<p>Bang Tornado 12000 Disposable Vape liefert 12.000 Z\u00fcge mit einem 650mAh Akku, anpassbarem Nikotin (0%-5%) und mehreren Geschmacksoptionen. Reibungslose Leistung in einem schlanken Design.<\/p>","protected":false},"featured_media":268,"comment_status":"open","ping_status":"closed","template":"","meta":{"_acf_changed":false,"bwfblock_default_font":""},"product_brand":[],"product_cat":[17],"product_tag":[40,22,268,269],"class_list":{"0":"post-113","1":"product","2":"type-product","3":"status-publish","4":"has-post-thumbnail","6":"product_cat-bang-vapes","7":"product_tag-12k-puffs","8":"product_tag-hot-selling","9":"product_tag-mouth-to-lung","10":"product_tag-pen-design","12":"first","13":"instock","14":"sale","15":"shipping-taxable","16":"purchasable","17":"product-type-variable"},"acf":[],"_links":{"self":[{"href":"https:\/\/bangvapeofficial.com\/de\/wp-json\/wp\/v2\/product\/113","targetHints":{"allow":["GET"]}}],"collection":[{"href":"https:\/\/bangvapeofficial.com\/de\/wp-json\/wp\/v2\/product"}],"about":[{"href":"https:\/\/bangvapeofficial.com\/de\/wp-json\/wp\/v2\/types\/product"}],"replies":[{"embeddable":true,"href":"https:\/\/bangvapeofficial.com\/de\/wp-json\/wp\/v2\/comments?post=113"}],"wp:featuredmedia":[{"embeddable":true,"href":"https:\/\/bangvapeofficial.com\/de\/wp-json\/wp\/v2\/media\/268"}],"wp:attachment":[{"href":"https:\/\/bangvapeofficial.com\/de\/wp-json\/wp\/v2\/media?parent=113"}],"wp:term":[{"taxonomy":"product_brand","embeddable":true,"href":"https:\/\/bangvapeofficial.com\/de\/wp-json\/wp\/v2\/product_brand?post=113"},{"taxonomy":"product_cat","embeddable":true,"href":"https:\/\/bangvapeofficial.com\/de\/wp-json\/wp\/v2\/product_cat?post=113"},{"taxonomy":"product_tag","embeddable":true,"href":"https:\/\/bangvapeofficial.com\/de\/wp-json\/wp\/v2\/product_tag?post=113"}],"curies":[{"name":"wp","href":"https:\/\/api.w.org\/{rel}","templated":true}]}}