{"id":114,"date":"2025-09-28T09:08:56","date_gmt":"2025-09-28T09:08:56","guid":{"rendered":"https:\/\/bangvapeofficial.com\/?post_type=product&#038;p=114"},"modified":"2025-10-05T09:23:54","modified_gmt":"2025-10-05T09:23:54","slug":"bang-25000-disposable-vape","status":"publish","type":"product","link":"https:\/\/bangvapeofficial.com\/de\/produkt\/bang-25000-disposable-vape\/","title":{"rendered":"Bang 25000 Disposable Vape - Das ultimative Vaping-Erlebnis"},"content":{"rendered":"<h2><strong>Bang 25000 Einweg Vape\uff0c<\/strong>Bis zu 25.000 Atemz\u00fcge pure Leistung<\/h2>\n<p>Wir stellen den Bang 25000 vor - ein Einwegger\u00e4t mit hoher Kapazit\u00e4t, das f\u00fcr lang anhaltende Zufriedenheit sorgt. Egal, ob Sie ein erfahrener Vaper sind oder vom traditionellen Rauchen umsteigen, dieses Ger\u00e4t kombiniert Komfort, Leistung und Geschmack in einem schlanken, reisefreundlichen Design.<\/p>\n<p><img loading=\"lazy\" decoding=\"async\" class=\"alignnone size-full wp-image-3255\" src=\"https:\/\/bangvapeofficial.com\/wp-content\/uploads\/2025\/09\/Bang-25000-Disposable-Vape.webp\" width=\"1180\" height=\"1950\" alt=\"Bang-25000-Disposable-Vape\" title=\"Bang-25000-Disposable-Vape\" srcset=\"https:\/\/bangvapeofficial.com\/wp-content\/uploads\/2025\/09\/Bang-25000-Disposable-Vape.webp 1180w, https:\/\/bangvapeofficial.com\/wp-content\/uploads\/2025\/09\/Bang-25000-Disposable-Vape-182x300.webp 182w, https:\/\/bangvapeofficial.com\/wp-content\/uploads\/2025\/09\/Bang-25000-Disposable-Vape-620x1024.webp 620w, https:\/\/bangvapeofficial.com\/wp-content\/uploads\/2025\/09\/Bang-25000-Disposable-Vape-768x1269.webp 768w, https:\/\/bangvapeofficial.com\/wp-content\/uploads\/2025\/09\/Bang-25000-Disposable-Vape-929x1536.webp 929w, https:\/\/bangvapeofficial.com\/wp-content\/uploads\/2025\/09\/Bang-25000-Disposable-Vape-600x992.webp 600w\" sizes=\"auto, (max-width: 1180px) 100vw, 1180px\" \/><\/p>\n<h2><strong>Peng 25000 <\/strong><strong>Wesentliche Merkmale<\/strong><\/h2>\n<ul>\n<li>25.000 Puff-Kapazit\u00e4t<strong>\uff1a<\/strong>\u00a0L\u00e4ngere Lebensdauer bedeutet weniger Ersatz und mehr Wert pro Ger\u00e4t<\/li>\n<li>30mL vorgef\u00fclltes E-Liquid: Ein gro\u00dfes Reservoir vollgepackt mit kr\u00e4ftigen, befriedigenden Aromen<\/li>\n<li>Individuelle Nikotin-Optionen: Erh\u00e4ltlich in 0%, 2%, 3% und 5%, um jeder Benutzerpr\u00e4ferenz gerecht zu werden<\/li>\n<li>650mAh wiederaufladbarer Akku: Lang anhaltende Leistung mit Typ-C-Schnellladung<\/li>\n<li>Dual Mesh Spule (1.0\u03a9)<strong>:<\/strong>\u00a0Verbesserte Dampf- und Aromaproduktion bei jedem Zug<\/li>\n<li>Modernes Design: Kompakt, stilvoll und leicht zu transportieren f\u00fcr das Dampfen unterwegs<\/li>\n<li>LED-Anzeige: \u00dcberwacht E-Liquid und Akkulaufzeit in Echtzeit<\/li>\n<\/ul>\n<h3><strong>Warum Bang 25000 w\u00e4hlen?<\/strong><\/h3>\n<p>Der Bang 25000 bietet mehr als nur ein hohes Puffvolumen. Sein fortschrittliches Wicklungssystem, seine gro\u00dfz\u00fcgige Fl\u00fcssigkeitsmenge und seine benutzerfreundlichen Funktionen sorgen jedes Mal f\u00fcr ein geschmeidiges, geschmackvolles Erlebnis. Ohne l\u00e4stiges Nachf\u00fcllen oder Coil-Wechsel ist er die perfekte Wahl f\u00fcr gleichbleibende Leistung ohne \u00c4rger.<\/p>\n<h3><strong>Geschmacksvielfalt<\/strong><\/h3>\n<p>W\u00e4hlen Sie aus einer gro\u00dfen Auswahl der meistverkauften Geschmacksrichtungen - f\u00fcr Geschmacksj\u00e4ger und t\u00e4gliche Nutzer gleicherma\u00dfen.1.Wassermelone Eis2.Erdbeere Kiwi3.Erdbeere Eis4.Pfirsich Mango5.Heidelbeere Himbeere6.Heidelbeere Minze7.gemischte Fr\u00fcchte8.Erdbeere Wassermelone9.Traube Eis10.Wassermelone Bubblegum11.Heidelbeere Eis12.Tigerblut<\/p>\n<h3><strong>Perfekt f\u00fcr:<\/strong><\/h3>\n<ul>\n<li>T\u00e4gliches hohes Nutzeraufkommen<\/li>\n<li>Ehemalige Raucher auf der Suche nach einer starken Alternative<\/li>\n<li>Vaper, die hohe Leistung ohne Wartung bevorzugen<\/li>\n<li>K\u00e4ufer suchen Flexibilit\u00e4t bei der Nikotinst\u00e4rke<\/li>\n<li>Intelligenter, l\u00e4nger und besser dampfen<\/li>\n<\/ul>\n<p>Bang 25000 definiert neu, was ein Einweg-Dampfger\u00e4t sein kann. Gebaut f\u00fcr Ausdauer, entwickelt f\u00fcr den Geschmack, und f\u00fcr Menschen, die mehr von ihrem device.Ready zu aktualisieren wollen gemacht? Erleben Sie den Bang Unterschied heute.<\/p>","protected":false},"excerpt":{"rendered":"<p>Erleben Sie bis zu 25.000 Z\u00fcge mit dem Bang 25000 Disposable Vape. Ausgestattet mit 30mL E-Liquid, Dual-Mesh-Coils und anpassbaren Nikotinwerten von 0% bis 5% bietet dieses wiederaufladbare Ger\u00e4t langanhaltendes, leistungsstarkes Dampfen in einem schlanken, modernen Design.<\/p>","protected":false},"featured_media":2679,"comment_status":"open","ping_status":"closed","template":"","meta":{"_acf_changed":false,"bwfblock_default_font":""},"product_brand":[],"product_cat":[17],"product_tag":[48,268,20],"class_list":{"0":"post-114","1":"product","2":"type-product","3":"status-publish","4":"has-post-thumbnail","6":"product_cat-bang-vapes","7":"product_tag-25k-puffs","8":"product_tag-mouth-to-lung","9":"product_tag-smart-screen","11":"first","12":"instock","13":"sale","14":"shipping-taxable","15":"purchasable","16":"product-type-variable"},"acf":[],"_links":{"self":[{"href":"https:\/\/bangvapeofficial.com\/de\/wp-json\/wp\/v2\/product\/114","targetHints":{"allow":["GET"]}}],"collection":[{"href":"https:\/\/bangvapeofficial.com\/de\/wp-json\/wp\/v2\/product"}],"about":[{"href":"https:\/\/bangvapeofficial.com\/de\/wp-json\/wp\/v2\/types\/product"}],"replies":[{"embeddable":true,"href":"https:\/\/bangvapeofficial.com\/de\/wp-json\/wp\/v2\/comments?post=114"}],"wp:featuredmedia":[{"embeddable":true,"href":"https:\/\/bangvapeofficial.com\/de\/wp-json\/wp\/v2\/media\/2679"}],"wp:attachment":[{"href":"https:\/\/bangvapeofficial.com\/de\/wp-json\/wp\/v2\/media?parent=114"}],"wp:term":[{"taxonomy":"product_brand","embeddable":true,"href":"https:\/\/bangvapeofficial.com\/de\/wp-json\/wp\/v2\/product_brand?post=114"},{"taxonomy":"product_cat","embeddable":true,"href":"https:\/\/bangvapeofficial.com\/de\/wp-json\/wp\/v2\/product_cat?post=114"},{"taxonomy":"product_tag","embeddable":true,"href":"https:\/\/bangvapeofficial.com\/de\/wp-json\/wp\/v2\/product_tag?post=114"}],"curies":[{"name":"wp","href":"https:\/\/api.w.org\/{rel}","templated":true}]}}