{"id":115,"date":"2025-09-28T09:08:56","date_gmt":"2025-09-28T09:08:56","guid":{"rendered":"https:\/\/bangvapeofficial.com\/?post_type=product&#038;p=115"},"modified":"2025-10-05T07:08:09","modified_gmt":"2025-10-05T07:08:09","slug":"bang-36000-disposable-vape","status":"publish","type":"product","link":"https:\/\/bangvapeofficial.com\/de\/produkt\/bang-36000-disposable-vape\/","title":{"rendered":"Bang 36000 Disposable Vape - Entfessle das Biest in jedem Zug"},"content":{"rendered":"<h2>Bang 36000 Einweg-Vape<\/h2>\n<h3>Bis zu 36.000 Z\u00fcge un\u00fcbertroffener Leistung, Stil und Befriedigung<\/h3>\n<p>Wir stellen den Bang 36000 vor, einen innovativen Einwegdampfer f\u00fcr mutige Dampfer, die sich nach maximaler Leistung, anhaltendem Geschmack und unverwechselbarem Design sehnen. Mit bis zu 36.000 Z\u00fcgen, einer 0,60-\u03a9-Mesh-Spule und einem 650-mAh-Akku bietet dieses Ger\u00e4t ein Direct-to-Lung (DTL)-Erlebnis der n\u00e4chsten Generation, verpackt in einer dynamischen Gatling-Gun-Feuerwerks\u00e4sthetik.<\/p>\n<h3>Wesentliche Merkmale<\/h3>\n<ul>\n<li>36.000 Puff-Kapazit\u00e4t - Gebaut f\u00fcr Ausdauer und langfristige Zufriedenheit<\/li>\n<li>High-Capacity E-Liquid-Patrone - Reduziert Nachf\u00fcllungen und unterst\u00fctzt l\u00e4ngere Nutzung<\/li>\n<li>Anpassbare Nikotinst\u00e4rken - Erh\u00e4ltlich in 0%, 2%, 3% und 5% f\u00fcr flexible Zufriedenheit<\/li>\n<li>650mAh wiederaufladbarer Akku - Lang anhaltende Leistung mit USB Typ-C Schnellladung<\/li>\n<li>0.60\u03a9 Advanced Mesh Coil - Glatter, gleichm\u00e4\u00dfiger Dampf mit reichhaltiger Geschmacksabgabe<\/li>\n<li>Auff\u00e4lliges Gatling Gun Feuerwerk Design - Aufsehenerregender visueller Reiz f\u00fcr diejenigen, die laut dampfen<\/li>\n<\/ul>\n<h3><img loading=\"lazy\" decoding=\"async\" class=\"alignnone size-full wp-image-3236\" src=\"https:\/\/bangvapeofficial.com\/wp-content\/uploads\/2025\/09\/Bang-36000-Disposable-Vape.webp\" width=\"850\" height=\"2560\" alt=\"Bang-36000-Disposable-Vape\" title=\"Bang-36000-Disposable-Vape\" srcset=\"https:\/\/bangvapeofficial.com\/wp-content\/uploads\/2025\/09\/Bang-36000-Disposable-Vape.webp 850w, https:\/\/bangvapeofficial.com\/wp-content\/uploads\/2025\/09\/Bang-36000-Disposable-Vape-100x300.webp 100w, https:\/\/bangvapeofficial.com\/wp-content\/uploads\/2025\/09\/Bang-36000-Disposable-Vape-340x1024.webp 340w, https:\/\/bangvapeofficial.com\/wp-content\/uploads\/2025\/09\/Bang-36000-Disposable-Vape-768x2313.webp 768w, https:\/\/bangvapeofficial.com\/wp-content\/uploads\/2025\/09\/Bang-36000-Disposable-Vape-510x1536.webp 510w, https:\/\/bangvapeofficial.com\/wp-content\/uploads\/2025\/09\/Bang-36000-Disposable-Vape-680x2048.webp 680w, https:\/\/bangvapeofficial.com\/wp-content\/uploads\/2025\/09\/Bang-36000-Disposable-Vape-600x1807.webp 600w\" sizes=\"auto, (max-width: 850px) 100vw, 850px\" \/><\/h3>\n<h3>Warum sollte man sich f\u00fcr den Bang 36000 entscheiden?<\/h3>\n<p>Dieses Ger\u00e4t vereint rohe Kraft, raffinierte Dampfabgabe und unverwechselbares Design, um ein unvergleichliches Dampferlebnis zu bieten. Egal, ob Sie ein erfahrener Wolkenj\u00e4ger sind oder einfach nur das Beste an Leistung und Stil wollen, der Bang 36000 ist gebaut, um zu \u00fcbertreffen.<\/p>\n<h3>Ideal f\u00fcr:<\/h3>\n<ul>\n<li>T\u00e4gliches hohes Nutzeraufkommen<\/li>\n<li>Fans des k\u00fchnen Direct-to-Lung (DTL)-Dampfens<\/li>\n<li>Stilbewusste Dampfer, die auffallen wollen<\/li>\n<li>Jeder, der eine dauerhafte Einwegl\u00f6sung ben\u00f6tigt<\/li>\n<\/ul>","protected":false},"excerpt":{"rendered":"<p>Bang 36000 Disposable Vape liefert bis zu 36.000 Z\u00fcge mit einer Mesh-Spule, einem 650mAh-Akku und DTL-Leistung - verpackt in einem k\u00fchnen Gatling-Gun-Feuerwerk-Design.<\/p>","protected":false},"featured_media":2683,"comment_status":"open","ping_status":"closed","template":"","meta":{"_acf_changed":false,"bwfblock_default_font":""},"product_brand":[],"product_cat":[17],"product_tag":[30,34,42,268],"class_list":{"0":"post-115","1":"product","2":"type-product","3":"status-publish","4":"has-post-thumbnail","6":"product_cat-bang-vapes","7":"product_tag-36k-puffs","8":"product_tag-direct-to-lung-dtl","9":"product_tag-hugo-vapor","10":"product_tag-mouth-to-lung","12":"first","13":"instock","14":"sale","15":"shipping-taxable","16":"purchasable","17":"product-type-variable"},"acf":[],"_links":{"self":[{"href":"https:\/\/bangvapeofficial.com\/de\/wp-json\/wp\/v2\/product\/115","targetHints":{"allow":["GET"]}}],"collection":[{"href":"https:\/\/bangvapeofficial.com\/de\/wp-json\/wp\/v2\/product"}],"about":[{"href":"https:\/\/bangvapeofficial.com\/de\/wp-json\/wp\/v2\/types\/product"}],"replies":[{"embeddable":true,"href":"https:\/\/bangvapeofficial.com\/de\/wp-json\/wp\/v2\/comments?post=115"}],"wp:featuredmedia":[{"embeddable":true,"href":"https:\/\/bangvapeofficial.com\/de\/wp-json\/wp\/v2\/media\/2683"}],"wp:attachment":[{"href":"https:\/\/bangvapeofficial.com\/de\/wp-json\/wp\/v2\/media?parent=115"}],"wp:term":[{"taxonomy":"product_brand","embeddable":true,"href":"https:\/\/bangvapeofficial.com\/de\/wp-json\/wp\/v2\/product_brand?post=115"},{"taxonomy":"product_cat","embeddable":true,"href":"https:\/\/bangvapeofficial.com\/de\/wp-json\/wp\/v2\/product_cat?post=115"},{"taxonomy":"product_tag","embeddable":true,"href":"https:\/\/bangvapeofficial.com\/de\/wp-json\/wp\/v2\/product_tag?post=115"}],"curies":[{"name":"wp","href":"https:\/\/api.w.org\/{rel}","templated":true}]}}