{"id":116,"date":"2025-09-28T09:08:56","date_gmt":"2025-09-28T09:08:56","guid":{"rendered":"https:\/\/bangvapeofficial.com\/?post_type=product&#038;p=116"},"modified":"2025-10-05T09:23:56","modified_gmt":"2025-10-05T09:23:56","slug":"bang-blaze-tornado-20k","status":"publish","type":"product","link":"https:\/\/bangvapeofficial.com\/de\/produkt\/bang-blaze-tornado-20k\/","title":{"rendered":"Bang Blaze Tornado 20K - Den Geschmack verdrehen, den Sturm anf\u00fchren"},"content":{"rendered":"<h1>Bang Blaze Tornado 20K<\/h1>\n<h3>20.000 Hauch von unverf\u00e4lschtem Geschmack<\/h3>\n<p>Der Bang Blaze Tornado 20K ist der ideale Begleiter f\u00fcr alle, die gerne und viel dampfen. Dieser wiederaufladbare Einwegverdampfer wurde f\u00fcr Geschmacksj\u00e4ger und Vieldampfer entwickelt und liefert bis zu 20.000 sanfte, geschmacksintensive Z\u00fcge in einem schlanken, stra\u00dfentauglichen Design.<\/p>\n<h3><strong>Wesentliche Merkmale<\/strong><\/h3>\n<ul>\n<li>20.000 Puff-Kapazit\u00e4t: Gebaut f\u00fcr Ausdauer. Kein Nachf\u00fcllen, kein Nachlassen.<\/li>\n<li>Typ-C wiederaufladbar: Schnelles Aufladen, l\u00e4ngeres Spielen.<\/li>\n<li>Schlankes, langlebiges Design: Gebaut f\u00fcr Flexibilit\u00e4t und Leistung.<\/li>\n<li>Glatter, gleichm\u00e4\u00dfiger Zug: Jeder Zug ist wie der erste.<\/li>\n<li>Geschmacksintensive Formel: Optimiert f\u00fcr tiefe Befriedigung bei jedem Zug.<\/li>\n<\/ul>\n<p><img loading=\"lazy\" decoding=\"async\" class=\"alignnone size-full wp-image-3235\" src=\"https:\/\/bangvapeofficial.com\/wp-content\/uploads\/2025\/09\/Bang-Blaze-Tornado-20K-3.webp\" width=\"1147\" height=\"2048\" alt=\"Bang-Blaze-Tornado-20K-3\" title=\"Bang-Blaze-Tornado-20K-3\" srcset=\"https:\/\/bangvapeofficial.com\/wp-content\/uploads\/2025\/09\/Bang-Blaze-Tornado-20K-3.webp 1147w, https:\/\/bangvapeofficial.com\/wp-content\/uploads\/2025\/09\/Bang-Blaze-Tornado-20K-3-168x300.webp 168w, https:\/\/bangvapeofficial.com\/wp-content\/uploads\/2025\/09\/Bang-Blaze-Tornado-20K-3-574x1024.webp 574w, https:\/\/bangvapeofficial.com\/wp-content\/uploads\/2025\/09\/Bang-Blaze-Tornado-20K-3-768x1371.webp 768w, https:\/\/bangvapeofficial.com\/wp-content\/uploads\/2025\/09\/Bang-Blaze-Tornado-20K-3-860x1536.webp 860w, https:\/\/bangvapeofficial.com\/wp-content\/uploads\/2025\/09\/Bang-Blaze-Tornado-20K-3-600x1071.webp 600w\" sizes=\"auto, (max-width: 1147px) 100vw, 1147px\" \/><\/p>\n<h3><strong>Flavor Drop - Wischen Sie nach Lust und Laune<\/strong><\/h3>\n<ul>\n<li>Wassermelone - Knackig, k\u00fchl und sauber.<\/li>\n<li>Erdbeer-Wassermelone - S\u00fc\u00df + saftig = ganzt\u00e4gige Stimmung.<\/li>\n<li>Blueberry Ice - Mitternachtsk\u00e4lte, wie in der Stadt.<\/li>\n<li>Heidelbeere-Himbeere - Beeren-Duo mit einem kr\u00e4ftigen Abgang.<\/li>\n<li>Strawberry Ice - k\u00fchl, frisch, unvergesslich.<\/li>\n<li>Erdbeer-Kiwi - Spritzig, s\u00fc\u00df, ausgewogen.<\/li>\n<li>Mango-Pfirsich-Wassermelone - Tropische Ausgewogenheit in Vollendung.<\/li>\n<li>Kiwi Passionsfrucht Guave - Exotisch, frech, sanft.<\/li>\n<li>Peach Ice - Leichter Pfirsich mit einem k\u00fchlen Ausatem.<\/li>\n<li>Mixed Berries - Fruchtiges Chaos in jedem Zug.<\/li>\n<li>Blueberry Grape - Saftig und dunkel, sanft im Abgang.<\/li>\n<li>Watermelon Bubblegum - S\u00fc\u00dfe Nostalgie in neuem Gewand.<\/li>\n<\/ul>\n<h3><strong>Warum der Bang Blaze Tornado 20K?<\/strong><\/h3>\n<p>Der Blaze Tornado 20K wurde f\u00fcr alle entwickelt, die den ganzen Tag \u00fcber dampfen wollen, die einen k\u00fchnen Geschmack suchen und die keine Kompromisse eingehen wollen. Er liefert zuverl\u00e4ssige Wolken, einen reichen Geschmack und eine hohe Leistung - ohne Kompromisse.<\/p>","protected":false},"excerpt":{"rendered":"<p>Der Bang Blaze Tornado 20K liefert 20.000 Z\u00fcge eines kr\u00e4ftigen, gleichm\u00e4\u00dfigen Geschmacks in einem schlanken, wiederaufladbaren Design. W\u00e4hlen Sie aus \u00fcber 12 Premium-Geschmacksrichtungen. Einfach auspacken und dampfen.<\/p>","protected":false},"featured_media":2687,"comment_status":"open","ping_status":"closed","template":"","meta":{"_acf_changed":false,"bwfblock_default_font":""},"product_brand":[],"product_cat":[17],"product_tag":[46,268,269,20],"class_list":{"0":"post-116","1":"product","2":"type-product","3":"status-publish","4":"has-post-thumbnail","6":"product_cat-bang-vapes","7":"product_tag-20k-puffs","8":"product_tag-mouth-to-lung","9":"product_tag-pen-design","10":"product_tag-smart-screen","12":"first","13":"instock","14":"sale","15":"shipping-taxable","16":"purchasable","17":"product-type-variable"},"acf":[],"_links":{"self":[{"href":"https:\/\/bangvapeofficial.com\/de\/wp-json\/wp\/v2\/product\/116","targetHints":{"allow":["GET"]}}],"collection":[{"href":"https:\/\/bangvapeofficial.com\/de\/wp-json\/wp\/v2\/product"}],"about":[{"href":"https:\/\/bangvapeofficial.com\/de\/wp-json\/wp\/v2\/types\/product"}],"replies":[{"embeddable":true,"href":"https:\/\/bangvapeofficial.com\/de\/wp-json\/wp\/v2\/comments?post=116"}],"wp:featuredmedia":[{"embeddable":true,"href":"https:\/\/bangvapeofficial.com\/de\/wp-json\/wp\/v2\/media\/2687"}],"wp:attachment":[{"href":"https:\/\/bangvapeofficial.com\/de\/wp-json\/wp\/v2\/media?parent=116"}],"wp:term":[{"taxonomy":"product_brand","embeddable":true,"href":"https:\/\/bangvapeofficial.com\/de\/wp-json\/wp\/v2\/product_brand?post=116"},{"taxonomy":"product_cat","embeddable":true,"href":"https:\/\/bangvapeofficial.com\/de\/wp-json\/wp\/v2\/product_cat?post=116"},{"taxonomy":"product_tag","embeddable":true,"href":"https:\/\/bangvapeofficial.com\/de\/wp-json\/wp\/v2\/product_tag?post=116"}],"curies":[{"name":"wp","href":"https:\/\/api.w.org\/{rel}","templated":true}]}}