{"id":1164,"date":"2025-09-29T03:10:25","date_gmt":"2025-09-29T03:10:25","guid":{"rendered":"https:\/\/bangvapeofficial.com\/?post_type=product&#038;p=1164"},"modified":"2025-10-07T04:21:42","modified_gmt":"2025-10-07T04:21:42","slug":"bang-blaze-60000-puffs-4-in-1-flavors-disposable-vape","status":"publish","type":"product","link":"https:\/\/bangvapeofficial.com\/de\/produkt\/bang-blaze-60000-puffs-4-in-1-flavors-disposable-vape\/","title":{"rendered":"Bang Blaze 60000 Puffs 4 in 1 Aromen Vape Einweg elektronische Zigarette Puff Bang King 60K Vape"},"content":{"rendered":"<h2>Bang Blaze 60000 Puffs 4 in 1 Geschmacksrichtungen<\/h2>\n<p>Vape Pen liefert bis zu 60.000 Z\u00fcge mit einem einzigartigen Vier-Tank-System, so dass Benutzer zwischen vier Geschmacksrichtungen leicht wechseln k\u00f6nnen. Mit einem eleganten LED-Bildschirm und 10 anpassbaren Fruchtaromen (einschlie\u00dflich OEM-Optionen) ist er ideal f\u00fcr neue und erfahrene Vaper. Erh\u00e4ltlich in unserem Puff china Warehouse f\u00fcr schnellen und zuverl\u00e4ssigen Versand.<\/p>\n<p><img loading=\"lazy\" decoding=\"async\" class=\"alignnone size-full wp-image-3233\" title=\"Bang-Blaze-Einweg-Vape-60000-Puffs-skaliert-1\" src=\"https:\/\/bangvapeofficial.com\/wp-content\/uploads\/2025\/09\/Bang-Blaze-Disposable-Vape-60000-Puffs-scaled-1.webp\" alt=\"Bang-Blaze-Einweg-Vape-60000-Puffs-skaliert-1\" width=\"2560\" height=\"1280\" srcset=\"https:\/\/bangvapeofficial.com\/wp-content\/uploads\/2025\/09\/Bang-Blaze-Disposable-Vape-60000-Puffs-scaled-1.webp 2560w, https:\/\/bangvapeofficial.com\/wp-content\/uploads\/2025\/09\/Bang-Blaze-Disposable-Vape-60000-Puffs-scaled-1-300x150.webp 300w, https:\/\/bangvapeofficial.com\/wp-content\/uploads\/2025\/09\/Bang-Blaze-Disposable-Vape-60000-Puffs-scaled-1-1024x512.webp 1024w, https:\/\/bangvapeofficial.com\/wp-content\/uploads\/2025\/09\/Bang-Blaze-Disposable-Vape-60000-Puffs-scaled-1-768x384.webp 768w, https:\/\/bangvapeofficial.com\/wp-content\/uploads\/2025\/09\/Bang-Blaze-Disposable-Vape-60000-Puffs-scaled-1-1536x768.webp 1536w, https:\/\/bangvapeofficial.com\/wp-content\/uploads\/2025\/09\/Bang-Blaze-Disposable-Vape-60000-Puffs-scaled-1-2048x1024.webp 2048w, https:\/\/bangvapeofficial.com\/wp-content\/uploads\/2025\/09\/Bang-Blaze-Disposable-Vape-60000-Puffs-scaled-1-600x300.webp 600w\" sizes=\"auto, (max-width: 2560px) 100vw, 2560px\" \/><\/p>\n<h3>Wesentliche Merkmale<\/h3>\n<ul>\n<li>Puff-Kapazit\u00e4t: Bis zu 60.000 Z\u00fcge f\u00fcr lang anhaltende Leistung<\/li>\n<\/ul>\n<h3>Geschmacksauswahl (12 Optionen)<\/h3>\n<ol>\n<li>Wassermelonen-Eis\/Blaubeer-Minze\/Fuii-Eis\/Limetten-Romantik<\/li>\n<li>Wassermeloneneis\/Blaubeerkirsche\/Sommerzeit\/Saure Mango-Ananas<\/li>\n<li>Heidelbeereis\/Pfirsicheis\/Regenbogenbonbons\/Zitrone-Sauerorange<\/li>\n<li>Heidelbeereis\/Pfirsich-Mango-Wassermelone\/Passionskuss\/Melone-Apfel<\/li>\n<li>Heidelbeere-Himbeere\/Mischbeere\/Kalifornische Kirsche\/Maracuja-Mango<\/li>\n<li>Heidelbeer-Himbeer-Trauben-Eis\/Beeren-Eis\/Aloe-Mango-Melone<\/li>\n<li>Energydrink\/Erdbeere-Banane\/Mango-Pfirsich-Aprikose\/Passionsfrucht-Kiwi-Limette<\/li>\n<li>Energydrink Blaubeere-Wassermelone\/Sauerapfel-Himbeere\/B\u00e4renklau<\/li>\n<li>Erdbeer-Mango\/Wassermelone-Kaugummi\/roter Mojito\/Liebe66<\/li>\n<li>Erdbeer-Mango\/Erdbeer-Kiwi\/Apfel-Traube\/Wassermelone-Drachenfrucht<\/li>\n<li>Erdbeer-Wassermelone\/Schwarzes Eis\/Dreizehn Melone\/Cranberry-Traube<\/li>\n<li>Erdbeer-Wassermelone-Kiwi-Passionsfrucht-Guave-Mango-Eis\/Wassermelone-Sauerpfirsich<\/li>\n<\/ol>\n<p><em>Hinweis: Enth\u00e4lt 1 Nachf\u00fcllflasche. Das Nachf\u00fcllen ist einfach und unauff\u00e4llig.<\/em><\/p>\n<h3>Warum Bang 60000 w\u00e4hlen?<\/h3>\n<ul>\n<li>Wiederbef\u00fcllbarer Tank = weniger Abfall, mehr Individualit\u00e4t<\/li>\n<li>Echtzeit-\u00dcberwachung \u00fcber LED-Smart-Display<\/li>\n<li>Sicherheit an erster Stelle mit Kindersicherung<\/li>\n<li>W\u00e4hlen Sie zwischen entspanntem MTL- oder kraftvollem DTL-Ausgang<\/li>\n<li>Perfekt f\u00fcr Langzeitnutzer und Vielvapierer<\/li>\n<\/ul>","protected":false},"excerpt":{"rendered":"<p>Bang Blaze 60000 4-in-1 kombiniert Innovation und Leistung in einem Einwegger\u00e4t mit hoher Kapazit\u00e4t. Es verf\u00fcgt \u00fcber vier unabh\u00e4ngige Tanks, die ein sofortiges Umschalten zwischen vier verschiedenen Geschmacksrichtungen erm\u00f6glichen - perfekt f\u00fcr Benutzer, die sich nach Abwechslung sehnen. Mit einer massiven 60ml e-Fl\u00fcssigkeitskapazit\u00e4t und bis zu 60.000 Z\u00fcgen ist dieses Ger\u00e4t f\u00fcr einen lang anhaltenden Gebrauch konzipiert.<\/p>","protected":false},"featured_media":1194,"comment_status":"open","ping_status":"closed","template":"","meta":{"_acf_changed":false,"bwfblock_default_font":""},"product_brand":[],"product_cat":[17],"product_tag":[272,332,268,20],"class_list":{"0":"post-1164","1":"product","2":"type-product","3":"status-publish","4":"has-post-thumbnail","6":"product_cat-bang-vapes","7":"product_tag-4-in-1","8":"product_tag-60k-puffs","9":"product_tag-mouth-to-lung","10":"product_tag-smart-screen","12":"first","13":"instock","14":"shipping-taxable","15":"purchasable","16":"product-type-variable"},"acf":[],"_links":{"self":[{"href":"https:\/\/bangvapeofficial.com\/de\/wp-json\/wp\/v2\/product\/1164","targetHints":{"allow":["GET"]}}],"collection":[{"href":"https:\/\/bangvapeofficial.com\/de\/wp-json\/wp\/v2\/product"}],"about":[{"href":"https:\/\/bangvapeofficial.com\/de\/wp-json\/wp\/v2\/types\/product"}],"replies":[{"embeddable":true,"href":"https:\/\/bangvapeofficial.com\/de\/wp-json\/wp\/v2\/comments?post=1164"}],"wp:featuredmedia":[{"embeddable":true,"href":"https:\/\/bangvapeofficial.com\/de\/wp-json\/wp\/v2\/media\/1194"}],"wp:attachment":[{"href":"https:\/\/bangvapeofficial.com\/de\/wp-json\/wp\/v2\/media?parent=1164"}],"wp:term":[{"taxonomy":"product_brand","embeddable":true,"href":"https:\/\/bangvapeofficial.com\/de\/wp-json\/wp\/v2\/product_brand?post=1164"},{"taxonomy":"product_cat","embeddable":true,"href":"https:\/\/bangvapeofficial.com\/de\/wp-json\/wp\/v2\/product_cat?post=1164"},{"taxonomy":"product_tag","embeddable":true,"href":"https:\/\/bangvapeofficial.com\/de\/wp-json\/wp\/v2\/product_tag?post=1164"}],"curies":[{"name":"wp","href":"https:\/\/api.w.org\/{rel}","templated":true}]}}