{"id":1165,"date":"2025-09-29T03:10:25","date_gmt":"2025-09-29T03:10:25","guid":{"rendered":"https:\/\/bangvapeofficial.com\/?post_type=product&#038;p=1165"},"modified":"2025-10-07T04:21:30","modified_gmt":"2025-10-07T04:21:30","slug":"bang-75000-puffs-3in1-flavors-disposable-vape","status":"publish","type":"product","link":"https:\/\/bangvapeofficial.com\/de\/produkt\/bang-75000-puffs-3in1-flavors-disposable-vape\/","title":{"rendered":"Bang 75000 Puffs 3 in 1 Geschmacksrichtungen Wiederaufladbare Einweg-E-Zigarette Bang King Balze 75K Vape Kit"},"content":{"rendered":"<h2>Bang 75000 Puffs 3in1 Geschmacksrichtungen<\/h2>\n<p>Genie\u00dfen Sie bis zu 75.000 Z\u00fcge mit dem 3in1-Aromasystem von Bang, das dreifachen Geschmack in einem Ger\u00e4t vereint. Mit einer massiven 63ml e-Fl\u00fcssigkeitskapazit\u00e4t, einem 600mAh-Akku und dreifachen Mesh-Coils (1,0\u03a9), liefert es konsistenten Geschmack und dichten Dampf. Ausgestattet mit einem schnellen Typ-C-Ladeanschluss und unterst\u00fctzt vollst\u00e4ndig OEM \/ ODM-Anpassung.<\/p>\n<h3>Wesentliche Merkmale<\/h3>\n<ul>\n<li>75.000 Puffs - Erweiterte Nutzung, perfekt f\u00fcr den ganzt\u00e4gigen, langfristigen Gebrauch<\/li>\n<li>45ML Dual Flavor E-Liquid - Genie\u00dfen Sie zwei verschiedene Geschmacksrichtungen pro Ger\u00e4t<\/li>\n<li>Nikotinst\u00e4rken: Erh\u00e4ltlich in 0%, 2%, 3% und 5%<\/li>\n<li>650mAh Akku - Gleichbleibende Leistung mit Typ-C Schnellladung<\/li>\n<li>Typ-C-Ladeanschluss - Schnelles und effizientes Aufladen unterwegs<\/li>\n<li>Pflanzliches Glycerin, Propylenglykol, nat\u00fcrliche und k\u00fcnstliche Aromen<\/li>\n<\/ul>\n<p><img loading=\"lazy\" decoding=\"async\" class=\"alignnone size-full wp-image-3232\" title=\"Bang-75000-Puffs-3in1-Flavors-1\" src=\"https:\/\/bangvapeofficial.com\/wp-content\/uploads\/2025\/09\/Bang-75000-Puffs-3in1-Flavors-1.webp\" alt=\"Bang-75000-Puffs-3in1-Flavors-1\" width=\"1536\" height=\"2560\" srcset=\"https:\/\/bangvapeofficial.com\/wp-content\/uploads\/2025\/09\/Bang-75000-Puffs-3in1-Flavors-1.webp 1536w, https:\/\/bangvapeofficial.com\/wp-content\/uploads\/2025\/09\/Bang-75000-Puffs-3in1-Flavors-1-180x300.webp 180w, https:\/\/bangvapeofficial.com\/wp-content\/uploads\/2025\/09\/Bang-75000-Puffs-3in1-Flavors-1-614x1024.webp 614w, https:\/\/bangvapeofficial.com\/wp-content\/uploads\/2025\/09\/Bang-75000-Puffs-3in1-Flavors-1-768x1280.webp 768w, https:\/\/bangvapeofficial.com\/wp-content\/uploads\/2025\/09\/Bang-75000-Puffs-3in1-Flavors-1-922x1536.webp 922w, https:\/\/bangvapeofficial.com\/wp-content\/uploads\/2025\/09\/Bang-75000-Puffs-3in1-Flavors-1-1229x2048.webp 1229w, https:\/\/bangvapeofficial.com\/wp-content\/uploads\/2025\/09\/Bang-75000-Puffs-3in1-Flavors-1-600x1000.webp 600w\" sizes=\"auto, (max-width: 1536px) 100vw, 1536px\" \/><\/p>\n<h3>Verf\u00fcgbare Geschmackskombinationen (12 Optionen mit zwei Geschmacksrichtungen)<\/h3>\n<p>1.Wassermelone\/Red Bull\/Erdbeer-Kiwi<br \/>\n2.Zitronen-Limetten-Erdbeer-Wassermelonen-Blaubeer-Eis<br \/>\n3.Erdbeer-Banane\/Himbeer-Wassermelone\/rosa Limonade<br \/>\n4.blue razz kirsche\/k\u00fchle minze\/pfirsich mango<br \/>\n5.tropische Fr\u00fcchte\/Erdbeere\/Wassermelone\/Zitrone\/Pfirsich<br \/>\n6.Ananas-Kokos-Erdbeer-Banane-Blauer Raps<br \/>\n7.Erdbeer-Wassermelone\/Dreiermelone\/Erdbeereis<br \/>\n8.gemischte Fr\u00fcchte\/Mango-Pfirsich\/Trauben-Eis<br \/>\n9.Erdbeer-Vanille-Cola\/Pfirsich-Eis\/Schwarzer Drache-Eis<br \/>\n10.lush Eis\/Kiwi Passionsfrucht\/Guave\/Stroh-Mango<br \/>\n11.Erdbeer-Wassermelone\/Wassermelone\/blaues Razzeis<br \/>\n12.Beerenlimonade\/Sternbeere Red Bull\/Erdbeerpomp<br \/>\n13.doppelte Apfel-Frucht-Fusion\/Ananaseis<br \/>\n14.cola ice\/mr blau\/kirsche cola<br \/>\n15.Erdbeerdonut\/Bananeneis\/Liebe66<br \/>\n16.ice tea lemon ice\/mango on ice\/lychee iceDual Flavor Design - Wechseln Sie die Geschmacksrichtungen m\u00fchelos mit einem einfachen Schiebe- oder Kippmechanismus (je nach Modell).<\/p>\n<h3>Warum Bang King 35000 w\u00e4hlen?<\/h3>\n<ul>\n<li>Dreifache Geschmacksrichtungen, ein Ger\u00e4t - Nie mehr mehrere Vapes mitnehmen<\/li>\n<li>Riesige Saftkapazit\u00e4t - 45ml f\u00fcr sorgenfreien Gebrauch<\/li>\n<li>Anpassbares Nikotin - W\u00e4hlen Sie die St\u00e4rke, die zu Ihnen passt<\/li>\n<li>Komfort beim Wiederaufladen - Typ-C sorgt f\u00fcr schnelles Aufladen<\/li>\n<li>Bereit f\u00fcr den Gro\u00dfhandel - Display-Box mit 10 St\u00fcck, perfekt f\u00fcr den Wiederverkauf<\/li>\n<\/ul>","protected":false},"excerpt":{"rendered":"<p>Bang 75000 Puffs 3in1 Flavors bietet ein revolution\u00e4res Dreifach-Aroma-Erlebnis mit 63 ml e-Fl\u00fcssigkeit, 600 mAh Akku und Dreifach-Mesh-Coils.<\/p>","protected":false},"featured_media":1195,"comment_status":"open","ping_status":"closed","template":"","meta":{"_acf_changed":false,"bwfblock_default_font":""},"product_brand":[],"product_cat":[17],"product_tag":[273,337,268,20],"class_list":{"0":"post-1165","1":"product","2":"type-product","3":"status-publish","4":"has-post-thumbnail","6":"product_cat-bang-vapes","7":"product_tag-3-in-1","8":"product_tag-75k-puffs","9":"product_tag-mouth-to-lung","10":"product_tag-smart-screen","12":"first","13":"instock","14":"sale","15":"featured","16":"shipping-taxable","17":"purchasable","18":"product-type-variable"},"acf":[],"_links":{"self":[{"href":"https:\/\/bangvapeofficial.com\/de\/wp-json\/wp\/v2\/product\/1165","targetHints":{"allow":["GET"]}}],"collection":[{"href":"https:\/\/bangvapeofficial.com\/de\/wp-json\/wp\/v2\/product"}],"about":[{"href":"https:\/\/bangvapeofficial.com\/de\/wp-json\/wp\/v2\/types\/product"}],"replies":[{"embeddable":true,"href":"https:\/\/bangvapeofficial.com\/de\/wp-json\/wp\/v2\/comments?post=1165"}],"wp:featuredmedia":[{"embeddable":true,"href":"https:\/\/bangvapeofficial.com\/de\/wp-json\/wp\/v2\/media\/1195"}],"wp:attachment":[{"href":"https:\/\/bangvapeofficial.com\/de\/wp-json\/wp\/v2\/media?parent=1165"}],"wp:term":[{"taxonomy":"product_brand","embeddable":true,"href":"https:\/\/bangvapeofficial.com\/de\/wp-json\/wp\/v2\/product_brand?post=1165"},{"taxonomy":"product_cat","embeddable":true,"href":"https:\/\/bangvapeofficial.com\/de\/wp-json\/wp\/v2\/product_cat?post=1165"},{"taxonomy":"product_tag","embeddable":true,"href":"https:\/\/bangvapeofficial.com\/de\/wp-json\/wp\/v2\/product_tag?post=1165"}],"curies":[{"name":"wp","href":"https:\/\/api.w.org\/{rel}","templated":true}]}}