{"id":2574,"date":"2025-10-05T06:32:40","date_gmt":"2025-10-05T06:32:40","guid":{"rendered":"https:\/\/bangvapeofficial.com\/?post_type=product&#038;p=2574"},"modified":"2025-10-07T04:20:48","modified_gmt":"2025-10-07T04:20:48","slug":"bang-leader-85k-disposable-vape-3-in-1","status":"publish","type":"product","link":"https:\/\/bangvapeofficial.com\/de\/produkt\/bang-leader-85k-disposable-vape-3-in-1\/","title":{"rendered":"Bang Leader 85K Disposable Vape\uff5c85.000 Puffs | Triple Flavor Switch System"},"content":{"rendered":"<p><em>Bang Leader 85K<\/em>\u00a0ist nicht nur ein Rauchger\u00e4t, sondern der Einstieg in ein au\u00dfergew\u00f6hnliches Raucherlebnis. Sein einzigartiges Merkmal ist die unglaubliche Anzahl an Z\u00fcgen: Der Bang Leader 85K verf\u00fcgt \u00fcber eine beeindruckende Kapazit\u00e4t von bis zu 85.000 Z\u00fcgen, damit Sie Ihr Rauchvergn\u00fcgen \u00fcber einen l\u00e4ngeren Zeitraum genie\u00dfen k\u00f6nnen. 3-in-1-Aroma-Pod-System: Dieses Ger\u00e4t verf\u00fcgt \u00fcber ein einzigartiges 3-in-1-Aromapod-System mit drei unabh\u00e4ngigen<em>\u00a015ml H\u00fclsen<\/em>in H\u00f6he von insgesamt<em>\u00a045ml<\/em>\u00a0von E-Liquid. Leistungsstarke wiederaufladbare Batterie: Der Bang Leader 85K ist mit einem 850mAh-Akku ausgestattet, der eine stabile und kontinuierliche Leistung bietet. Erweiterte Mesh Coil Technologie: Die integrierte 1.0\u03a9 Mesh Coil (einige Modelle verf\u00fcgen \u00fcber ein Quad Mesh Coil Design) ist speziell f\u00fcr eine schnelle Erw\u00e4rmung ausgelegt. Dies f\u00fchrt zu einer effizienten Verdampfung der e-Fl\u00fcssigkeit, die einen intensiven Geschmack und glatten, dichten Dampf mit jedem Zug liefert.<\/p>\n<h2>Wesentliche Merkmale<\/h2>\n<ul>\n<li>\u00a0Bis zu 85.000 Z\u00fcge<\/li>\n<li>Hauptmerkmale: 3 - in - 1 Geschmacks-Pod-System, mit drei separaten 15 - ml Pods, insgesamt 45 ml e - Fl\u00fcssigkeit<\/li>\n<li>Leistungsstarke wiederaufladbare Batterie: Ausgestattet mit einem wiederaufladbaren 850 mAh-Akku<\/li>\n<li>Erweiterte Mesh-Spule Technologie: 1.0\u03a9 Mesh-Spule<\/li>\n<li>15 - ml Schoten, insgesamt 45 ml e - liquid<\/li>\n<li>\n<div>\n<div>15 k\u00f6stliche Geschmacksrichtungen<\/div>\n<\/div>\n<\/li>\n<li>Nikotinst\u00e4rke\uff1a0%\uff0c2%\uff0c3%\uff0c5%<\/li>\n<\/ul>\n<h2>15 Geschmackskombinationen - Bang Leader 85K<\/h2>\n<h2>Bananeneis &amp; Erdbeere Wassermelone &amp; Gummib\u00e4rchen<\/h2>\n<p>Cremiges, gefrorenes Bananeneis, saftige Erdbeer-Wassermelone und z\u00e4he Gummib\u00e4rchen sorgen f\u00fcr ein s\u00fc\u00dfes, fruchtiges, bonbonartiges Dampferlebnis.<\/p>\n<p>Schwarzer Drache Eis &amp; Marshmallow &amp; Sommertraum<br \/>\nDas k\u00fchne und geheimnisvolle Black Dragon Ice, der flauschige Marshmallow und der tropisch-fruchtige Summer Dream bilden eine sanfte, exotische Mischung.<\/p>\n<p>Blueberry Ice &amp; Blue Razz &amp; Duftende Birne<\/p>\n<p>Gek\u00fchltes Blaubeereis, spritziges Blue Razz und knackige Duftbirne bilden ein k\u00fchles, s\u00fc\u00dfes und leicht s\u00e4uerliches Trio.<\/p>\n<p>Kirsche Cranberry &amp; Pfirsich Mango &amp; Ananas<br \/>\nS\u00e4uerliche Kirsch-Cranberry, seidige Pfirsich-Mango und leuchtende Ananas sorgen f\u00fcr eine spritzig-s\u00fc\u00dfe Explosion tropischer Fr\u00fcchte.<\/p>\n<p>Cola Eis &amp; Apfel Pfirsich &amp; Pinke Limonade<br \/>\nKlassische sprudelnde Cola Ice, sanfter Apfel-Pfirsich und spritzige Pink Lemonade - eine erfrischende Kombination aus Limonade und Frucht.<\/p>\n<p>Red Bull &amp; Blaubeere Wassermelone &amp; Erdbeere Eiscreme<br \/>\nDer energiegeladene Red Bull, die saftige Blaubeer-Wassermelone und das cremige Erdbeereis sorgen f\u00fcr einen Schub an Geschmack und S\u00fc\u00dfe.<\/p>\n<p>Traubeneis &amp; Erdbeere Kiwi &amp; Passionsfrucht Guave<br \/>\nS\u00fc\u00dfes Traubeneis, erfrischende Erdbeer-Kiwi und exotische Passionsfrucht-Guave sorgen f\u00fcr eine vielschichtige tropisch-fruchtige Abk\u00fchlung.<\/p>\n<p>Liebe 666 &amp; Heidelbeere-Himbeere &amp; Vimto<br \/>\nRomantische Liebe 666, spritzige Blaubeere-Himbeere und der reichhaltige, fruchtige, soda\u00e4hnliche Geschmack von Vimto sorgen f\u00fcr eine verspielte, lebendige Mischung.<\/p>\n<p>Mix Fruit &amp; Mojito Pfirsich &amp; Heidelbeere Himbeere<br \/>\nEine bunte Mischung aus Fr\u00fcchten, k\u00fchlem Mojito-Pfirsich und spritziger Heidelbeere-Himbeere - erfrischend und saftig.<\/p>\n<p>Ananaseis &amp; Erdbeere Red Bull &amp; gemischte Beeren<\/p>\n<p>K\u00fchles Ananas-Eis, energiegeladener Strawberry Red Bull und s\u00fc\u00dfe Mixed Berries f\u00fcr einen tropisch-beerigen Kick.<\/p>\n<p>Roter Apfel Eis &amp; Himbeere Wassermelone &amp; Aloe Traube<br \/>\nKnackiges Red Apple Ice, spritzige Himbeer-Wassermelone und sanfte Aloe Grape f\u00fcr eine saubere, erfrischende Geschmackskombination.<\/p>\n<p>Erdbeere Eis &amp; Zitrone Orange &amp; Wassermelone Kaugummi<br \/>\nFrostiges Erdbeereis, zitrusartige Zitrone-Orange und nostalgisches Wassermelonen-Kaugummi ergeben eine verspielte fruchtige Mischung.<\/p>\n<p>Erdbeere-Himbeere &amp; Schwarze Johannisbeere &amp; Erdbeer-Banane<br \/>\nLeuchtendes Erdbeer-Himbeer, reichhaltige schwarze Johannisbeere und cremige Erdbeer-Banane - ein Traum f\u00fcr Beerenliebhaber.<\/p>\n<p>Erdbeer-Wassermelone &amp; Kirsche-Cola &amp; Erdbeer-Sahne<br \/>\nSaftige Erdbeer-Wassermelone, spritzige Cherry Coke und weiche Erdbeer-Creme f\u00fcr einen Soda-Shop-Stil vape.<\/p>\n<p>Wassermeloneneis &amp; Mango-Pfirsich-Orange-Soda<br \/>\nGek\u00fchltes Wassermeloneneis, tropischer Mango-Pfirsich und sprudelnde Orangenlimonade sorgen f\u00fcr eine spritzige, fruchtige Erfrischung.<\/p>\n<h2>FAQs \u00fcber Bang Leader 85K<\/h2>\n<p>F1: Wie viele Z\u00fcge bietet der Bang Leader 85K?<br \/>\nA: Jedes Ger\u00e4t liefert bis zu 85.000 Z\u00fcge, so dass Sie ohne h\u00e4ufiges Auswechseln eine extrem lange Lebensdauer haben.<\/p>\n<p>F2: Enth\u00e4lt der Bang Leader 85K Nikotin?<br \/>\nA: Er ist sowohl mit als auch ohne Nikotin erh\u00e4ltlich, so dass Sie je nach Ihren Vorlieben w\u00e4hlen k\u00f6nnen.<\/p>\n<p>F3: Ist das Ger\u00e4t wiederaufladbar?<br \/>\nA: Ja, es verf\u00fcgt \u00fcber einen wiederaufladbaren Akku mit einem USB-C-Ladeanschluss f\u00fcr schnelles und bequemes Aufladen.<\/p>\n<p>F4: Wie viele Geschmacksrichtungen gibt es?<br \/>\nA: Es gibt 15 erstklassige Geschmackskombinationen, die jeweils mit vielschichtigen Geschmacksprofilen f\u00fcr ein reichhaltiges Dampferlebnis entwickelt wurden.<\/p>\n<p>F5: Kann ich den Luftstrom oder die Dampfproduktion einstellen?<br \/>\nA: Ja, der Bang Leader 85K wird mit einer einstellbaren Airflow-Kontrolle geliefert, mit der Sie den Zug und den Dampfaussto\u00df individuell anpassen k\u00f6nnen.<\/p>\n<p>F6: Woran erkenne ich, dass das E-Liquid zur Neige geht?<br \/>\nA: Das Ger\u00e4t verf\u00fcgt \u00fcber ein intelligentes Display, das den Fl\u00fcssigkeits- und Batteriestand in Echtzeit anzeigt.<\/p>\n<p>F7: Muss ich E-Liquid nachf\u00fcllen?<br \/>\nA: Ein Nachf\u00fcllen ist nicht erforderlich - der Bang Leader 85K ist vorgef\u00fcllt und sofort einsatzbereit.<\/p>\n<p>F8: Ist der Geschmack bis zum letzten Zug gleichbleibend?<br \/>\nA: Ja, dank der fortschrittlichen Spulentechnologie genie\u00dfen Sie stabilen Geschmack und Dampfproduktion bis zum Ende.<\/p>\n<p>F9: Wie sollte ich meinen Bang Leader 85K aufbewahren?<br \/>\nA: Bewahren Sie es an einem k\u00fchlen, trockenen Ort auf, fern von direktem Sonnenlicht und extremer Hitze, um eine optimale Leistung zu gew\u00e4hrleisten.<\/p>\n<p>F10: Ist es f\u00fcr Anf\u00e4nger geeignet?<br \/>\nA: Auf jeden Fall - der Bang Leader 85K wird durch Ziehen aktiviert, wodurch er sowohl f\u00fcr Anf\u00e4nger als auch f\u00fcr erfahrene Dampfer einfach zu bedienen ist.<\/p>","protected":false},"excerpt":{"rendered":"<p><em>Bang Leader 85K<\/em>\u00a0ist nicht nur ein Rauchger\u00e4t, sondern der Einstieg in ein au\u00dfergew\u00f6hnliches Raucherlebnis. Sein einzigartiges Merkmal ist die unglaubliche Anzahl an Z\u00fcgen: Der Bang Leader 85K verf\u00fcgt \u00fcber eine beeindruckende Kapazit\u00e4t von bis zu 85.000 Z\u00fcgen, so dass Sie Ihr Rauchvergn\u00fcgen \u00fcber einen l\u00e4ngeren Zeitraum hinweg genie\u00dfen k\u00f6nnen.<\/p>","protected":false},"featured_media":2623,"comment_status":"open","ping_status":"closed","template":"","meta":{"_acf_changed":false,"bwfblock_default_font":""},"product_brand":[],"product_cat":[17],"product_tag":[273,334,268,20],"class_list":{"0":"post-2574","1":"product","2":"type-product","3":"status-publish","4":"has-post-thumbnail","6":"product_cat-bang-vapes","7":"product_tag-3-in-1","8":"product_tag-85k-puffs","9":"product_tag-mouth-to-lung","10":"product_tag-smart-screen","12":"first","13":"instock","14":"sale","15":"shipping-taxable","16":"purchasable","17":"product-type-variable"},"acf":[],"_links":{"self":[{"href":"https:\/\/bangvapeofficial.com\/de\/wp-json\/wp\/v2\/product\/2574","targetHints":{"allow":["GET"]}}],"collection":[{"href":"https:\/\/bangvapeofficial.com\/de\/wp-json\/wp\/v2\/product"}],"about":[{"href":"https:\/\/bangvapeofficial.com\/de\/wp-json\/wp\/v2\/types\/product"}],"replies":[{"embeddable":true,"href":"https:\/\/bangvapeofficial.com\/de\/wp-json\/wp\/v2\/comments?post=2574"}],"wp:featuredmedia":[{"embeddable":true,"href":"https:\/\/bangvapeofficial.com\/de\/wp-json\/wp\/v2\/media\/2623"}],"wp:attachment":[{"href":"https:\/\/bangvapeofficial.com\/de\/wp-json\/wp\/v2\/media?parent=2574"}],"wp:term":[{"taxonomy":"product_brand","embeddable":true,"href":"https:\/\/bangvapeofficial.com\/de\/wp-json\/wp\/v2\/product_brand?post=2574"},{"taxonomy":"product_cat","embeddable":true,"href":"https:\/\/bangvapeofficial.com\/de\/wp-json\/wp\/v2\/product_cat?post=2574"},{"taxonomy":"product_tag","embeddable":true,"href":"https:\/\/bangvapeofficial.com\/de\/wp-json\/wp\/v2\/product_tag?post=2574"}],"curies":[{"name":"wp","href":"https:\/\/api.w.org\/{rel}","templated":true}]}}