{"id":91,"date":"2025-09-28T09:08:33","date_gmt":"2025-09-28T09:08:33","guid":{"rendered":"https:\/\/bangvapeofficial.com\/?post_type=product&#038;p=91"},"modified":"2025-10-05T09:23:36","modified_gmt":"2025-10-05T09:23:36","slug":"bang-king-30k","status":"publish","type":"product","link":"https:\/\/bangvapeofficial.com\/de\/produkt\/bang-king-30k\/","title":{"rendered":"Bang King 30K - Zwei Geschmacksrichtungen. Maximale Leistung. Den ganzen Tag."},"content":{"rendered":"<h2>Bang King 30K<\/h2>\n<h3>30.000 Puffs | 36mL E-Liquid | Mesh Coil | Dual Flavor Switch<\/h3>\n<p>Hast Du genug von langweiligen Vapes, die schnell ausbrennen? Hier ist der Bang King 30K - ein leistungsstarker Einwegdampfer mit bis zu 30.000 Z\u00fcgen, Dual-Flavor-Rotation und einem schlanken, verbesserten Design, das den Bang 30000 in den Schatten stellt. Egal, ob Sie auf einer Party oder unterwegs sind, dieses Ger\u00e4t ist so gebaut, dass es lange h\u00e4lt und die Dinge frisch h\u00e4lt.<\/p>\n<p><img loading=\"lazy\" decoding=\"async\" class=\"alignnone size-full wp-image-3253\" src=\"https:\/\/bangvapeofficial.com\/wp-content\/uploads\/2025\/09\/Bang-King-30K-5.webp\" width=\"985\" height=\"2560\" alt=\"Bang-King-30K-5\" title=\"Bang-King-30K-5\" srcset=\"https:\/\/bangvapeofficial.com\/wp-content\/uploads\/2025\/09\/Bang-King-30K-5.webp 985w, https:\/\/bangvapeofficial.com\/wp-content\/uploads\/2025\/09\/Bang-King-30K-5-115x300.webp 115w, https:\/\/bangvapeofficial.com\/wp-content\/uploads\/2025\/09\/Bang-King-30K-5-394x1024.webp 394w, https:\/\/bangvapeofficial.com\/wp-content\/uploads\/2025\/09\/Bang-King-30K-5-768x1996.webp 768w, https:\/\/bangvapeofficial.com\/wp-content\/uploads\/2025\/09\/Bang-King-30K-5-591x1536.webp 591w, https:\/\/bangvapeofficial.com\/wp-content\/uploads\/2025\/09\/Bang-King-30K-5-788x2048.webp 788w, https:\/\/bangvapeofficial.com\/wp-content\/uploads\/2025\/09\/Bang-King-30K-5-600x1559.webp 600w\" sizes=\"auto, (max-width: 985px) 100vw, 985px\" \/><\/p>\n<h3>Warum es sich abhebt<\/h3>\n<ul>\n<li>30.000 Puff-Kapazit\u00e4t - Unerreichte Ausdauer in einem Einweg-Vape<\/li>\n<li>36mL Pre-Filled E-Liquid - Lange Sitzungen, Null Nachf\u00fcllungen<\/li>\n<li>550mAh Typ-C-Akku - Schnelles Aufladen, ganzt\u00e4gige Leistung<\/li>\n<li>1.2\u03a9 Mesh Coil - Glatter Dampf und kr\u00e4ftiger Geschmack vom ersten bis zum letzten Zug<\/li>\n<li>Dual Flavor Twist Switch - Wechseln Sie sofort zwischen zwei Geschmacksrichtungen<\/li>\n<li>Leichtes Design - Wiegt nur 0,12 kg und ist leicht zu transportieren<\/li>\n<\/ul>\n<h3>Geschmackskombinationen, die es in sich haben<\/h3>\n<p>Mit 12 unglaublichen Dual-Flavor-Kombinationen wird es Ihnen nie langweilig werden. Einige der Top-Auswahlen sind:<\/p>\n<ol>\n<li>Wassermelonen-Eis + Heidelbeer-Minze - frisch und k\u00fchl<\/li>\n<li>Erdbeer-Wassermelone + Kiwi-Passionsfrucht-Guave - S\u00fc\u00dfe tropische Mischung<\/li>\n<li>Red Bull + Blaubeer-Wassermelone - Fruchtig mit einem Hauch von Energy-Drink<\/li>\n<li>Blueberry Ice + Black Dragon Ice - Eisig mit dunkler Note<\/li>\n<li>Erdbeer-Kiwi + Saurer Apfel-Himbeere - K\u00fchn, spritzig und s\u00e4ttigend<\/li>\n<\/ol>\n<p><em>Jedes Ger\u00e4t verf\u00fcgt \u00fcber einen Drehschalter, der einen schnellen Wechsel des Geschmacks erm\u00f6glicht.<\/em><\/p>\n<h3>Optionen f\u00fcr Gro\u00dfverpackungen<\/h3>\n<ul>\n<li>10er-Pack Box - 1,2kg<\/li>\n<li>100 St\u00fcck Umkarton - 12,6kg (605\u00d7332\u00d7140mm)<\/li>\n<li>Kiste mit 180 Einheiten - 22,2kg (490\u00d7370\u00d7260mm)<\/li>\n<\/ul>\n<p>Ideal sowohl f\u00fcr Einzelanwender als auch f\u00fcr Wiederverk\u00e4ufer, die sich einen Vorrat anlegen wollen.<\/p>","protected":false},"excerpt":{"rendered":"<p>Bang King 30K bietet 30.000 Z\u00fcge, Dual-Flavor Switching, 36mL e-Fl\u00fcssigkeit, Mesh-Coil-Technologie und schnelles Typ-C-Laden. Langlebig, geschmackvoll und unterhaltsam im Gebrauch.<\/p>","protected":false},"featured_media":138,"comment_status":"open","ping_status":"closed","template":"","meta":{"_acf_changed":false,"bwfblock_default_font":""},"product_brand":[],"product_cat":[17],"product_tag":[274,24,21,22,268,20],"class_list":{"0":"post-91","1":"product","2":"type-product","3":"status-publish","4":"has-post-thumbnail","6":"product_cat-bang-vapes","7":"product_tag-2-in-1","8":"product_tag-30k-puffs","9":"product_tag-double-flavors","10":"product_tag-hot-selling","11":"product_tag-mouth-to-lung","12":"product_tag-smart-screen","14":"first","15":"instock","16":"sale","17":"featured","18":"shipping-taxable","19":"purchasable","20":"product-type-variable"},"acf":[],"_links":{"self":[{"href":"https:\/\/bangvapeofficial.com\/de\/wp-json\/wp\/v2\/product\/91","targetHints":{"allow":["GET"]}}],"collection":[{"href":"https:\/\/bangvapeofficial.com\/de\/wp-json\/wp\/v2\/product"}],"about":[{"href":"https:\/\/bangvapeofficial.com\/de\/wp-json\/wp\/v2\/types\/product"}],"replies":[{"embeddable":true,"href":"https:\/\/bangvapeofficial.com\/de\/wp-json\/wp\/v2\/comments?post=91"}],"wp:featuredmedia":[{"embeddable":true,"href":"https:\/\/bangvapeofficial.com\/de\/wp-json\/wp\/v2\/media\/138"}],"wp:attachment":[{"href":"https:\/\/bangvapeofficial.com\/de\/wp-json\/wp\/v2\/media?parent=91"}],"wp:term":[{"taxonomy":"product_brand","embeddable":true,"href":"https:\/\/bangvapeofficial.com\/de\/wp-json\/wp\/v2\/product_brand?post=91"},{"taxonomy":"product_cat","embeddable":true,"href":"https:\/\/bangvapeofficial.com\/de\/wp-json\/wp\/v2\/product_cat?post=91"},{"taxonomy":"product_tag","embeddable":true,"href":"https:\/\/bangvapeofficial.com\/de\/wp-json\/wp\/v2\/product_tag?post=91"}],"curies":[{"name":"wp","href":"https:\/\/api.w.org\/{rel}","templated":true}]}}