{"id":92,"date":"2025-09-28T09:08:34","date_gmt":"2025-09-28T09:08:34","guid":{"rendered":"https:\/\/bangvapeofficial.com\/?post_type=product&#038;p=92"},"modified":"2025-10-05T08:33:11","modified_gmt":"2025-10-05T08:33:11","slug":"bang-king-35000","status":"publish","type":"product","link":"https:\/\/bangvapeofficial.com\/de\/produkt\/bang-king-35000\/","title":{"rendered":"Bang King 35000 - Doppelte Geschmacksrichtung. Doppelte Befriedigung. 35K Puffs."},"content":{"rendered":"<h2>Bang King 35000 - Doppelte Geschmacksrichtung. Doppelte Befriedigung. 35K Puffs.<\/h2>\n<h3>35.000 Puffs | 36ML E-Liquid | Dual-Flavor in einem Ger\u00e4t | Typ-C wiederaufladbar<\/h3>\n<p>Der Bang King 35000 Dual Flavors Disposable Vape wurde f\u00fcr Geschmacksliebhaber entwickelt, die eine lange Nutzungsdauer und die Freiheit haben wollen, zwischen zwei erstklassigen Geschmacksprofilen zu wechseln - ohne das Ger\u00e4t zu wechseln. Mit einer massiven 36ml E-Liquid-Kapazit\u00e4t, 35.000 Puff-Ausgang, und ein 650mAh Akku, dieses Ger\u00e4t kombiniert Ausdauer und Vielseitigkeit wie kein anderer.Ob Sie f\u00fcr Null Nikotin oder eine mutige 5% Hit suchen, liefert der Bang King 35000 eine ma\u00dfgeschneiderte, befriedigende vaping Erfahrung f\u00fcr jede Art von Benutzer.<\/p>\n<p><img loading=\"lazy\" decoding=\"async\" class=\"alignnone size-full wp-image-3252\" src=\"https:\/\/bangvapeofficial.com\/wp-content\/uploads\/2025\/09\/Bang-King-35000-5-1.webp\" width=\"853\" height=\"2560\" alt=\"Bang-King-35000-5-1\" title=\"Bang-King-35000-5-1\" srcset=\"https:\/\/bangvapeofficial.com\/wp-content\/uploads\/2025\/09\/Bang-King-35000-5-1.webp 853w, https:\/\/bangvapeofficial.com\/wp-content\/uploads\/2025\/09\/Bang-King-35000-5-1-100x300.webp 100w, https:\/\/bangvapeofficial.com\/wp-content\/uploads\/2025\/09\/Bang-King-35000-5-1-341x1024.webp 341w, https:\/\/bangvapeofficial.com\/wp-content\/uploads\/2025\/09\/Bang-King-35000-5-1-768x2305.webp 768w, https:\/\/bangvapeofficial.com\/wp-content\/uploads\/2025\/09\/Bang-King-35000-5-1-512x1536.webp 512w, https:\/\/bangvapeofficial.com\/wp-content\/uploads\/2025\/09\/Bang-King-35000-5-1-682x2048.webp 682w, https:\/\/bangvapeofficial.com\/wp-content\/uploads\/2025\/09\/Bang-King-35000-5-1-600x1801.webp 600w\" sizes=\"auto, (max-width: 853px) 100vw, 853px\" \/><\/p>\n<h3>Wesentliche Merkmale<\/h3>\n<ul>\n<li>35.000 Puffs - Erweiterte Nutzung, perfekt f\u00fcr den ganzt\u00e4gigen, langfristigen Gebrauch<\/li>\n<li>36ML Dual Flavor E-Liquid - Genie\u00dfen Sie zwei verschiedene Geschmacksrichtungen pro Ger\u00e4t<\/li>\n<li>Nikotinst\u00e4rken: Erh\u00e4ltlich in 0%, 2%, 3% und 5%<\/li>\n<li>650mAh Akku - Gleichbleibende Leistung mit Typ-C Schnellladung<\/li>\n<li>Typ-C-Ladeanschluss - Schnelles und effizientes Aufladen unterwegs<\/li>\n<li>Display-Schachtel: 10 Einheiten pro Einzelhandelskarton, ideal f\u00fcr den Gro\u00dfhandel oder Wiederverkauf<\/li>\n<\/ul>\n<h3>Verf\u00fcgbare Geschmackskombinationen (12 Optionen mit zwei Geschmacksrichtungen)<\/h3>\n<ol>\n<li>Blaues Razz-Eis &amp; Saftiges Pfirsich-Eis<\/li>\n<li>Erdbeer-Wassermelone &amp; Wassermeloneneis<\/li>\n<li>Erdbeer-Banane &amp; Doppelter Apfel<\/li>\n<li>Dreifach-Beereneis &amp; Tropische Fr\u00fcchte<\/li>\n<li>Kirschbombe &amp; Traubeneis<\/li>\n<li>Pfirsich Mango &amp; Erdbeere Mango<\/li>\n<li>Mango auf Limette &amp; k\u00fchle Minze<\/li>\n<li>Cherry Pop &amp; Herr Blau<\/li>\n<li>Schwarzer Drache Eis &amp; Erdbeer-Kiwi<\/li>\n<li>Red Bull &amp; Pfirsichbeere<\/li>\n<li>Rosa Zitrone &amp; Herr Blau<\/li>\n<li>Kiwi Passionsfrucht Guave &amp; Blaue Kirsche Zitrone<\/li>\n<\/ol>\n<p>Dual Flavor Design - Wechseln Sie die Geschmacksrichtungen m\u00fchelos mit einem einfachen Schiebe- oder Kippmechanismus (je nach Modell).<\/p>\n<h3>Warum Bang King 35000 w\u00e4hlen?<\/h3>\n<ul>\n<li>Zwei Geschmacksrichtungen, ein Ger\u00e4t - Nie mehr mehrere Vapes mitnehmen<\/li>\n<li>Riesige Saftkapazit\u00e4t - 36ml f\u00fcr sorgenfreien Gebrauch<\/li>\n<li>Anpassbares Nikotin - W\u00e4hlen Sie die St\u00e4rke, die zu Ihnen passt<\/li>\n<li>Komfort beim Wiederaufladen - Typ-C sorgt f\u00fcr schnelles Aufladen<\/li>\n<li>Bereit f\u00fcr den Gro\u00dfhandel - Display-Box mit 10 St\u00fcck, perfekt f\u00fcr den Wiederverkauf<\/li>\n<\/ul>","protected":false},"excerpt":{"rendered":"<p>Bang King 35000 liefert 35.000 Z\u00fcge mit 36 ml E-Liquid mit zwei Geschmacksrichtungen, 650-mAh-Akku und Typ-C-Aufladung. Erh\u00e4ltlich in 0%-5% Nikotin. Verkauft in 10-St\u00fcck-Display-Boxen.<\/p>","protected":false},"featured_media":2996,"comment_status":"open","ping_status":"closed","template":"","meta":{"_acf_changed":false,"bwfblock_default_font":""},"product_brand":[],"product_cat":[17],"product_tag":[274,25,21,22,268],"class_list":{"0":"post-92","1":"product","2":"type-product","3":"status-publish","4":"has-post-thumbnail","6":"product_cat-bang-vapes","7":"product_tag-2-in-1","8":"product_tag-35k-puffs","9":"product_tag-double-flavors","10":"product_tag-hot-selling","11":"product_tag-mouth-to-lung","13":"first","14":"instock","15":"sale","16":"shipping-taxable","17":"purchasable","18":"product-type-variable"},"acf":[],"_links":{"self":[{"href":"https:\/\/bangvapeofficial.com\/de\/wp-json\/wp\/v2\/product\/92","targetHints":{"allow":["GET"]}}],"collection":[{"href":"https:\/\/bangvapeofficial.com\/de\/wp-json\/wp\/v2\/product"}],"about":[{"href":"https:\/\/bangvapeofficial.com\/de\/wp-json\/wp\/v2\/types\/product"}],"replies":[{"embeddable":true,"href":"https:\/\/bangvapeofficial.com\/de\/wp-json\/wp\/v2\/comments?post=92"}],"wp:featuredmedia":[{"embeddable":true,"href":"https:\/\/bangvapeofficial.com\/de\/wp-json\/wp\/v2\/media\/2996"}],"wp:attachment":[{"href":"https:\/\/bangvapeofficial.com\/de\/wp-json\/wp\/v2\/media?parent=92"}],"wp:term":[{"taxonomy":"product_brand","embeddable":true,"href":"https:\/\/bangvapeofficial.com\/de\/wp-json\/wp\/v2\/product_brand?post=92"},{"taxonomy":"product_cat","embeddable":true,"href":"https:\/\/bangvapeofficial.com\/de\/wp-json\/wp\/v2\/product_cat?post=92"},{"taxonomy":"product_tag","embeddable":true,"href":"https:\/\/bangvapeofficial.com\/de\/wp-json\/wp\/v2\/product_tag?post=92"}],"curies":[{"name":"wp","href":"https:\/\/api.w.org\/{rel}","templated":true}]}}