{"id":95,"date":"2025-09-28T09:08:37","date_gmt":"2025-09-28T09:08:37","guid":{"rendered":"https:\/\/bangvapeofficial.com\/?post_type=product&#038;p=95"},"modified":"2025-10-05T09:23:39","modified_gmt":"2025-10-05T09:23:39","slug":"bang-king-36000disposable-vape","status":"publish","type":"product","link":"https:\/\/bangvapeofficial.com\/de\/produkt\/bang-king-36000disposable-vape\/","title":{"rendered":"Bang King 36000 Puffs Vape mit Zodiac Sternzeichen Design Einweg-E-Zigarette"},"content":{"rendered":"<h2>Bang King 36000 Puffs Vape<\/h2>\n<h3>36.000 Puffs | 30ML E-Liquid | Touch-Screen Airflow Control | Typ-C Aufladung<\/h3>\n<p>Die Bang King Constellation 36000 ist eine elegante, hochwertige Einweg-E-Zigarette, die f\u00fcr fortschrittliche Leistung, enorme Langlebigkeit und anpassbaren Luftstrom entwickelt wurde. Mit 36.000 Z\u00fcgen, 30ML von e-Fl\u00fcssigkeit, und Touchscreen einstellbare Luftstrom, bietet diese vape eine ma\u00dfgeschneiderte Erfahrung f\u00fcr Geschmack Chaser, allt\u00e4gliche Benutzer und Stil fokussiert vapers gleicherma\u00dfen.<\/p>\n<p><img loading=\"lazy\" decoding=\"async\" class=\"alignnone size-full wp-image-3250\" src=\"https:\/\/bangvapeofficial.com\/wp-content\/uploads\/2025\/09\/Bang-King-36000-Puffs.webp\" width=\"800\" height=\"1592\" alt=\"Bang-King-36000-Puffs\" title=\"Bang-King-36000-Puffs\" srcset=\"https:\/\/bangvapeofficial.com\/wp-content\/uploads\/2025\/09\/Bang-King-36000-Puffs.webp 800w, https:\/\/bangvapeofficial.com\/wp-content\/uploads\/2025\/09\/Bang-King-36000-Puffs-151x300.webp 151w, https:\/\/bangvapeofficial.com\/wp-content\/uploads\/2025\/09\/Bang-King-36000-Puffs-515x1024.webp 515w, https:\/\/bangvapeofficial.com\/wp-content\/uploads\/2025\/09\/Bang-King-36000-Puffs-768x1528.webp 768w, https:\/\/bangvapeofficial.com\/wp-content\/uploads\/2025\/09\/Bang-King-36000-Puffs-772x1536.webp 772w, https:\/\/bangvapeofficial.com\/wp-content\/uploads\/2025\/09\/Bang-King-36000-Puffs-600x1194.webp 600w\" sizes=\"auto, (max-width: 800px) 100vw, 800px\" \/><\/p>\n<h3>Wesentliche Merkmale<\/h3>\n<ul>\n<li>36.000 Puff-Kapazit\u00e4t - f\u00fcr langes Dampfen ohne h\u00e4ufigen Austausch gebaut<\/li>\n<li>30ML Pre-Filled E-Liquid - Konsistenter Geschmack vom ersten bis zum letzten Zug<\/li>\n<li>Einstellbarer Luftstrom \u00fcber Touchscreen - Personalisieren Sie jeden Zug mit der unteren Touchscreen-Steuerung<\/li>\n<li>650mAh Akku - Lange Lebensdauer und schnelles Aufladen \u00fcber USB-C<\/li>\n<li>1.0\u03a9 Widerstand - Glatter Geschmack und Dampf Balance ideal f\u00fcr alle Ebenen<\/li>\n<li>Leicht und ergonomisch - nur 25 g f\u00fcr ultimative Tragbarkeit<\/li>\n<li>Schlankes, langlebiges Design - Minimalistisches Design mit starker Leistung unter der Haube<\/li>\n<\/ul>\n<h3>Auswahl der Geschmacksrichtungen<\/h3>\n<ol>\n<li>Blaues Razzeis<\/li>\n<li>Erdbeere Wassermelone<\/li>\n<li>Wassermelone Eis<\/li>\n<li>Erdbeere-Banane<\/li>\n<li>Tropische Fr\u00fcchte<\/li>\n<li>Dreifach-Beereneis<\/li>\n<li>Saftiges Pfirsicheis<\/li>\n<li>Erdbeer-Kiwi<\/li>\n<li>Pfirsich Mango Wassermelone<\/li>\n<li>Kiwi Passionsfrucht Guave<\/li>\n<li>Traubeneis<\/li>\n<li>Herr Blau<\/li>\n<\/ol>\n<p>Entdecken Sie 12 k\u00fchne Geschmacksprofile, die alle f\u00fcr reichhaltigen Geschmack, weiche Wolken und anhaltende Zufriedenheit sorgen. Von eisiger Frische bis hin zu tropischen Mischungen ist f\u00fcr jeden Gaumen etwas dabei.<\/p>\n<h3>Warum Bang King Constellation 36000 w\u00e4hlen?<\/h3>\n<ul>\n<li>Elite Performance - 36K Puffs + Mesh-Spule = konsistente, geschmackvolle Hits<\/li>\n<li>Anpassung - Der einstellbare Luftstrom gibt Ihnen volle Kontrolle \u00fcber den Zug<\/li>\n<li>Modernes Dienstprogramm - Touchscreen-Oberfl\u00e4che und schnelles USB-C-Laden<\/li>\n<li>Nikotinoptionen - W\u00e4hlen Sie zwischen 0%, 2%, 3% oder 5%<\/li>\n<\/ul>\n<p>Egal, ob Sie von Zigaretten umsteigen, einen hochwertigen Verdampfer suchen oder langfristige Zuverl\u00e4ssigkeit w\u00fcnschen, der Bang King Constellation 36000 ist Ihre All-in-One-L\u00f6sung.<\/p>","protected":false},"excerpt":{"rendered":"<p>Bang King 36000 Puffs Vape liefert 36K Puffs mit 30ML E-Liquid, einem 650mAh-Akku, einstellbarem Luftstrom, Touchscreen-Steuerung und 12 Geschmacksrichtungen. USB-C wiederaufladbar.<\/p>","protected":false},"featured_media":2694,"comment_status":"open","ping_status":"closed","template":"","meta":{"_acf_changed":false,"bwfblock_default_font":""},"product_brand":[],"product_cat":[17],"product_tag":[30,26,268,20],"class_list":{"0":"post-95","1":"product","2":"type-product","3":"status-publish","4":"has-post-thumbnail","6":"product_cat-bang-vapes","7":"product_tag-36k-puffs","8":"product_tag-adjust-gas-at-the-bottom","9":"product_tag-mouth-to-lung","10":"product_tag-smart-screen","12":"first","13":"instock","14":"sale","15":"shipping-taxable","16":"purchasable","17":"product-type-variable"},"acf":[],"_links":{"self":[{"href":"https:\/\/bangvapeofficial.com\/de\/wp-json\/wp\/v2\/product\/95","targetHints":{"allow":["GET"]}}],"collection":[{"href":"https:\/\/bangvapeofficial.com\/de\/wp-json\/wp\/v2\/product"}],"about":[{"href":"https:\/\/bangvapeofficial.com\/de\/wp-json\/wp\/v2\/types\/product"}],"replies":[{"embeddable":true,"href":"https:\/\/bangvapeofficial.com\/de\/wp-json\/wp\/v2\/comments?post=95"}],"wp:featuredmedia":[{"embeddable":true,"href":"https:\/\/bangvapeofficial.com\/de\/wp-json\/wp\/v2\/media\/2694"}],"wp:attachment":[{"href":"https:\/\/bangvapeofficial.com\/de\/wp-json\/wp\/v2\/media?parent=95"}],"wp:term":[{"taxonomy":"product_brand","embeddable":true,"href":"https:\/\/bangvapeofficial.com\/de\/wp-json\/wp\/v2\/product_brand?post=95"},{"taxonomy":"product_cat","embeddable":true,"href":"https:\/\/bangvapeofficial.com\/de\/wp-json\/wp\/v2\/product_cat?post=95"},{"taxonomy":"product_tag","embeddable":true,"href":"https:\/\/bangvapeofficial.com\/de\/wp-json\/wp\/v2\/product_tag?post=95"}],"curies":[{"name":"wp","href":"https:\/\/api.w.org\/{rel}","templated":true}]}}