{"id":96,"date":"2025-09-28T09:08:38","date_gmt":"2025-09-28T09:08:38","guid":{"rendered":"https:\/\/bangvapeofficial.com\/?post_type=product&#038;p=96"},"modified":"2025-10-05T07:19:44","modified_gmt":"2025-10-05T07:19:44","slug":"bang-e-shisha-head-42000","status":"publish","type":"product","link":"https:\/\/bangvapeofficial.com\/de\/produkt\/bang-e-shisha-head-42000\/","title":{"rendered":"Bang E-Shisha Kopf 42000 - Luxus trifft auf Leistung"},"content":{"rendered":"<h2>Bang E-Shisha Kopf 42000<\/h2>\n<h3>42.000 Puffs | Gold Design | 30ML E-Liquid | 1000mAh Batterie | Wasserpfeifen-kompatibel<\/h3>\n<p>Suchen Sie nach einem Shisha-Upgrade? Die Bang E-Shisha Head 42000 Puffs ist nicht Ihre durchschnittliche E-Shisha - es ist ein Gold-finished Kraftpaket f\u00fcr Geschmack, Langlebigkeit und Stil entwickelt. Gebaut, um nahtlos mit Ihrem Wasserpfeifen-Setup zu integrieren, liefert dieses Ger\u00e4t mit hoher Kapazit\u00e4t bis zu 42.000 Puffs, 30ML e-Fl\u00fcssigkeit und eine 0,6\u03a9 Mesh-Doppelspule f\u00fcr mutige, geschmackvolle hits.Whether Sie in Luxus-\u00c4sthetik oder lange Sitzungen ohne den Aufwand sind, kombiniert diese E-Shisha Kopf beides.<\/p>\n<p><img loading=\"lazy\" decoding=\"async\" class=\"alignnone size-full wp-image-3249\" src=\"https:\/\/bangvapeofficial.com\/wp-content\/uploads\/2025\/09\/Bang-E-Shisha-Head-42000-2.webp\" width=\"1652\" height=\"2560\" alt=\"Bang-E-Shisha-Head-42000-2\" title=\"Bang-E-Shisha-Head-42000-2\" srcset=\"https:\/\/bangvapeofficial.com\/wp-content\/uploads\/2025\/09\/Bang-E-Shisha-Head-42000-2.webp 1652w, https:\/\/bangvapeofficial.com\/wp-content\/uploads\/2025\/09\/Bang-E-Shisha-Head-42000-2-194x300.webp 194w, https:\/\/bangvapeofficial.com\/wp-content\/uploads\/2025\/09\/Bang-E-Shisha-Head-42000-2-661x1024.webp 661w, https:\/\/bangvapeofficial.com\/wp-content\/uploads\/2025\/09\/Bang-E-Shisha-Head-42000-2-768x1190.webp 768w, https:\/\/bangvapeofficial.com\/wp-content\/uploads\/2025\/09\/Bang-E-Shisha-Head-42000-2-991x1536.webp 991w, https:\/\/bangvapeofficial.com\/wp-content\/uploads\/2025\/09\/Bang-E-Shisha-Head-42000-2-1322x2048.webp 1322w, https:\/\/bangvapeofficial.com\/wp-content\/uploads\/2025\/09\/Bang-E-Shisha-Head-42000-2-600x930.webp 600w\" sizes=\"auto, (max-width: 1652px) 100vw, 1652px\" \/><\/p>\n<h3>Wesentliche Merkmale<\/h3>\n<ul>\n<li>42.000 Puffs - Langer Gebrauch f\u00fcr lang anhaltenden Genuss<\/li>\n<li>30ML Pre-Filled E-Liquid - Null Nachf\u00fcllungen ben\u00f6tigt mid-session<\/li>\n<li>1000mAh Akku - Gleichbleibende Leistung mit schneller Typ-C Aufladung<\/li>\n<li>0.6\u03a9 Mesh Dual Coil - Verbesserte W\u00e4rmeverteilung und reichen Geschmack<\/li>\n<li>Goldfarbenes Finish - Premium-Look und -Gef\u00fchl f\u00fcr Luxusliebhaber<\/li>\n<li>Wasserpfeifen-kompatibel - L\u00e4sst sich leicht in die meisten Wasserpfeifen-Systeme integrieren<\/li>\n<li>Verpackung - 8 Einheiten pro Karton | Gewicht der einzelnen Einheit: 146g | Karton: 1224g<\/li>\n<li>Abmessungen des Kartons: 54 \u00d7 42,6 \u00d7 28,8 cm | Bruttogewicht: 25,5 kg<\/li>\n<\/ul>\n<h3>Geschmacksrichtung Lineup<\/h3>\n<ol>\n<li>Minze<\/li>\n<li>Blaubeer-Minze<\/li>\n<li>Doppelte \u00c4pfel<\/li>\n<li>Pfirsich-Eis<\/li>\n<li>Heidelbeere-Himbeere<\/li>\n<li>Blaubeereis<\/li>\n<li>Blaubeere Pfirsich<\/li>\n<li>Wassermelone<\/li>\n<li>Erdbeere Wassermelone<\/li>\n<li>Erdbeer-Litschi<\/li>\n<li>Weintrauben-Minze<\/li>\n<li>Gemischtes Obst<\/li>\n<\/ol>\n<h3>Warum Bang E-Shisha Kopf 42000 w\u00e4hlen?<\/h3>\n<ul>\n<li>Stilaussage: Die goldene Oberfl\u00e4che verleiht jeder Einrichtung Eleganz<\/li>\n<li>Eingebaute Leistung: Dual-Mesh-Spule + 30ML = intensive, voll-aromatische Wolken<\/li>\n<li>Entworfen f\u00fcr Hookah-Enthusiasten: Zum direkten Anschluss an Ihre Wasserpfeife gebaut<\/li>\n<li>Lang anhaltendes Vergn\u00fcgen: 42K Puffs und eine hocheffiziente Batterie bedeuten weniger Austausch und mehr Entspannung<\/li>\n<\/ul>","protected":false},"excerpt":{"rendered":"<p>Bang E-Shisha Kopf 42000 bietet 42K Puffs, 30ML e-Fl\u00fcssigkeit, 1000mAh Akku, Dual-Mesh-Spule, und Gold-Finish. Kompatibel mit Wasserpfeifen. Typ-C wiederaufladbar.<\/p>","protected":false},"featured_media":2689,"comment_status":"open","ping_status":"closed","template":"","meta":{"_acf_changed":false,"bwfblock_default_font":""},"product_brand":[],"product_cat":[17],"product_tag":[33,34,35,36],"class_list":{"0":"post-96","1":"product","2":"type-product","3":"status-publish","4":"has-post-thumbnail","6":"product_cat-bang-vapes","7":"product_tag-42k-puffs","8":"product_tag-direct-to-lung-dtl","9":"product_tag-hookah","10":"product_tag-hugo-vapor-shisha","12":"first","13":"instock","14":"sale","15":"shipping-taxable","16":"purchasable","17":"product-type-variable"},"acf":[],"_links":{"self":[{"href":"https:\/\/bangvapeofficial.com\/de\/wp-json\/wp\/v2\/product\/96","targetHints":{"allow":["GET"]}}],"collection":[{"href":"https:\/\/bangvapeofficial.com\/de\/wp-json\/wp\/v2\/product"}],"about":[{"href":"https:\/\/bangvapeofficial.com\/de\/wp-json\/wp\/v2\/types\/product"}],"replies":[{"embeddable":true,"href":"https:\/\/bangvapeofficial.com\/de\/wp-json\/wp\/v2\/comments?post=96"}],"wp:featuredmedia":[{"embeddable":true,"href":"https:\/\/bangvapeofficial.com\/de\/wp-json\/wp\/v2\/media\/2689"}],"wp:attachment":[{"href":"https:\/\/bangvapeofficial.com\/de\/wp-json\/wp\/v2\/media?parent=96"}],"wp:term":[{"taxonomy":"product_brand","embeddable":true,"href":"https:\/\/bangvapeofficial.com\/de\/wp-json\/wp\/v2\/product_brand?post=96"},{"taxonomy":"product_cat","embeddable":true,"href":"https:\/\/bangvapeofficial.com\/de\/wp-json\/wp\/v2\/product_cat?post=96"},{"taxonomy":"product_tag","embeddable":true,"href":"https:\/\/bangvapeofficial.com\/de\/wp-json\/wp\/v2\/product_tag?post=96"}],"curies":[{"name":"wp","href":"https:\/\/api.w.org\/{rel}","templated":true}]}}