{"id":98,"date":"2025-09-28T09:08:40","date_gmt":"2025-09-28T09:08:40","guid":{"rendered":"https:\/\/bangvapeofficial.com\/?post_type=product&#038;p=98"},"modified":"2025-10-05T07:05:50","modified_gmt":"2025-10-05T07:05:50","slug":"bang-28k-disposable-vape","status":"publish","type":"product","link":"https:\/\/bangvapeofficial.com\/de\/produkt\/bang-28k-disposable-vape\/","title":{"rendered":"Bang 28K Puffs - Anpassbare Ice Control Einweg-Vape"},"content":{"rendered":"<h2>Bang 28k Puffs - Anpassbare Ice Control Einweg-Vape<\/h2>\n<h3>Bis zu 28.000 Puffs | Ice Level Selector | 30ML E-Liquid | 650mAh Batterie<\/h3>\n<p>Geschmack. K\u00fchlen. Kontrolle. Der Bang 28K Puffs Disposable Vape bringt die n\u00e4chste Stufe der Individualisierung in die Welt der Einwegprodukte. Mit drei einstellbaren Eisstufen, bis zu 28.000 Z\u00fcgen und einer gro\u00dfen Auswahl an Premium-Geschmacksrichtungen wurde er f\u00fcr Vaper entwickelt, die die volle Kontrolle \u00fcber ihr Erlebnis haben wollen - von der Intensit\u00e4t bis zur Coolness.<\/p>\n<p><img loading=\"lazy\" decoding=\"async\" class=\"alignnone size-full wp-image-3247\" src=\"https:\/\/bangvapeofficial.com\/wp-content\/uploads\/2025\/09\/Bang-28K-Puffs.webp\" width=\"800\" height=\"2250\" alt=\"Bang-28K-Puffs\" title=\"Bang-28K-Puffs\" srcset=\"https:\/\/bangvapeofficial.com\/wp-content\/uploads\/2025\/09\/Bang-28K-Puffs.webp 800w, https:\/\/bangvapeofficial.com\/wp-content\/uploads\/2025\/09\/Bang-28K-Puffs-107x300.webp 107w, https:\/\/bangvapeofficial.com\/wp-content\/uploads\/2025\/09\/Bang-28K-Puffs-364x1024.webp 364w, https:\/\/bangvapeofficial.com\/wp-content\/uploads\/2025\/09\/Bang-28K-Puffs-768x2160.webp 768w, https:\/\/bangvapeofficial.com\/wp-content\/uploads\/2025\/09\/Bang-28K-Puffs-546x1536.webp 546w, https:\/\/bangvapeofficial.com\/wp-content\/uploads\/2025\/09\/Bang-28K-Puffs-728x2048.webp 728w, https:\/\/bangvapeofficial.com\/wp-content\/uploads\/2025\/09\/Bang-28K-Puffs-600x1688.webp 600w\" sizes=\"auto, (max-width: 800px) 100vw, 800px\" \/><\/p>\n<h3>Wesentliche Merkmale<\/h3>\n<p>28.000 Puff-Kapazit\u00e4t - Langlebige Leistung<br \/>\n30ML E-Liquid Tank - Null Nachf\u00fcllungen, alle Zufriedenheit<br \/>\nTaste Ice Control - Umschalten zwischen 3 K\u00fchlstufen:<\/p>\n<ul>\n<li>Gr\u00fcn - Maximales Eis<\/li>\n<li>Blau - Helles Eis<\/li>\n<li>Gelb - Kein Eis<\/li>\n<\/ul>\n<p>650mAh Akku - Typ-C Schnellladung<br \/>\nNikotinflexibilit\u00e4t - W\u00e4hlen Sie zwischen 0%, 2%, 3% oder 5%<br \/>\nDraw-Activated Firing - Keine Kn\u00f6pfe zum Verdampfen; einfach inhalieren<br \/>\nLED-Eisstandsanzeige - sofortiger \u00dcberblick \u00fcber die Einstellung<\/p>\n<h3>Geschmacksrichtung Lineup<\/h3>\n<ol>\n<li>Erdbeer-Wassermelonen-Eis<\/li>\n<li>Blaubeereis<\/li>\n<li>Blut und Sand<\/li>\n<li>Ananas-Kokosnuss<\/li>\n<li>Erdbeere-Banane<\/li>\n<li>Gemischtes Obst<\/li>\n<li>Blaubeeren Himbeeren<\/li>\n<li>Pfirsich-Eis<\/li>\n<li>Mango Pfirsich<\/li>\n<li>Wassermelone<\/li>\n<li>Traubeneis<\/li>\n<li>Erdbeer-Kiwi<\/li>\n<\/ol>\n<h3>Warum Bang 28K w\u00e4hlen?<\/h3>\n<ul>\n<li>Kontrollieren Sie Ihre K\u00fchlung - Passen Sie die K\u00fchlintensit\u00e4t jederzeit an<\/li>\n<li>Geschmack, der anh\u00e4lt - 30ML Fl\u00fcssigkeit liefert kr\u00e4ftigen Geschmack bis zum letzten Zug<\/li>\n<li>Kein Stress, einfach verdampfen - Wiederaufladbar und Einweg f\u00fcr totalen Komfort<\/li>\n<li>Flexible Nikotinst\u00e4rke - Optionen f\u00fcr jede Benutzerstufe<\/li>\n<\/ul>","protected":false},"excerpt":{"rendered":"<p>Bang 28K bietet bis zu 28.000 Z\u00fcge mit 30ML E-Liquid, einen wiederaufladbaren 650mAh Akku und einen 3-stufigen Eiskontrollschalter. Erh\u00e4ltlich in 0%-5% Nikotin und 12 Geschmacksrichtungen.<\/p>","protected":false},"featured_media":2680,"comment_status":"open","ping_status":"closed","template":"","meta":{"_acf_changed":false,"bwfblock_default_font":""},"product_brand":[],"product_cat":[17],"product_tag":[38,39,267,268],"class_list":{"0":"post-98","1":"product","2":"type-product","3":"status-publish","4":"has-post-thumbnail","6":"product_cat-bang-vapes","7":"product_tag-28k-puffs","8":"product_tag-airflow-dtl","9":"product_tag-ice-level-adjustment","10":"product_tag-mouth-to-lung","12":"first","13":"instock","14":"sale","15":"shipping-taxable","16":"purchasable","17":"product-type-variable"},"acf":[],"_links":{"self":[{"href":"https:\/\/bangvapeofficial.com\/de\/wp-json\/wp\/v2\/product\/98","targetHints":{"allow":["GET"]}}],"collection":[{"href":"https:\/\/bangvapeofficial.com\/de\/wp-json\/wp\/v2\/product"}],"about":[{"href":"https:\/\/bangvapeofficial.com\/de\/wp-json\/wp\/v2\/types\/product"}],"replies":[{"embeddable":true,"href":"https:\/\/bangvapeofficial.com\/de\/wp-json\/wp\/v2\/comments?post=98"}],"wp:featuredmedia":[{"embeddable":true,"href":"https:\/\/bangvapeofficial.com\/de\/wp-json\/wp\/v2\/media\/2680"}],"wp:attachment":[{"href":"https:\/\/bangvapeofficial.com\/de\/wp-json\/wp\/v2\/media?parent=98"}],"wp:term":[{"taxonomy":"product_brand","embeddable":true,"href":"https:\/\/bangvapeofficial.com\/de\/wp-json\/wp\/v2\/product_brand?post=98"},{"taxonomy":"product_cat","embeddable":true,"href":"https:\/\/bangvapeofficial.com\/de\/wp-json\/wp\/v2\/product_cat?post=98"},{"taxonomy":"product_tag","embeddable":true,"href":"https:\/\/bangvapeofficial.com\/de\/wp-json\/wp\/v2\/product_tag?post=98"}],"curies":[{"name":"wp","href":"https:\/\/api.w.org\/{rel}","templated":true}]}}