{"id":99,"date":"2025-09-28T09:08:41","date_gmt":"2025-09-28T09:08:41","guid":{"rendered":"https:\/\/bangvapeofficial.com\/?post_type=product&#038;p=99"},"modified":"2025-10-05T07:23:52","modified_gmt":"2025-10-05T07:23:52","slug":"bang-king-30000-pro-30k","status":"publish","type":"product","link":"https:\/\/bangvapeofficial.com\/de\/produkt\/bang-king-30000-pro-30k\/","title":{"rendered":"Bang King 30000 Pro - 30K Puffs raffinierte Leistung"},"content":{"rendered":"<h2>Bang King 30000 Pro<\/h2>\n<h3>Dual Flavor | 36mL E-Liquid | 850mAh Akku | USB-C wiederaufladbar<\/h3>\n<p>Erleben Sie mit dem Bang King 30000 Pro un\u00fcbertroffenen Verdampfungskomfort und Geschmacksausdauer. Dieses leistungsstarke Einwegger\u00e4t liefert bis zu 30.000 Z\u00fcge, angetrieben von einem 36mL E-Liquid-Reservoir und einem zuverl\u00e4ssigen 850mAh-Akku. Mit seinem ergonomischen, ovalen Geh\u00e4use bietet der Pro sowohl Komfort als auch Stil f\u00fcr den t\u00e4glichen Gebrauch und l\u00e4ngere Sessions.<\/p>\n<p><img loading=\"lazy\" decoding=\"async\" class=\"alignnone size-full wp-image-3259\" src=\"https:\/\/bangvapeofficial.com\/wp-content\/uploads\/2025\/09\/Bang-King-30000-Pro-7.webp\" width=\"556\" height=\"964\" alt=\"Bang-King-30000-Pro-7\" title=\"Bang-King-30000-Pro-7\" srcset=\"https:\/\/bangvapeofficial.com\/wp-content\/uploads\/2025\/09\/Bang-King-30000-Pro-7.webp 556w, https:\/\/bangvapeofficial.com\/wp-content\/uploads\/2025\/09\/Bang-King-30000-Pro-7-173x300.webp 173w\" sizes=\"auto, (max-width: 556px) 100vw, 556px\" \/><\/p>\n<h3>Wesentliche Merkmale<\/h3>\n<ul>\n<li>30.000 Puff-Kapazit\u00e4t - l\u00e4ngeres Dampfen f\u00fcr lang anhaltende Zufriedenheit<\/li>\n<li>36mL E-Liquid Volumen - Massive interne Reservoir f\u00fcr ununterbrochene Nutzung<\/li>\n<li>850mAh-Akku - USB-C-Schnellladung f\u00fcr keine Ausfallzeiten<\/li>\n<li>Ergonomisches, ovales Design - Kompakt, schlank und angenehm zu halten<\/li>\n<li>Optionen f\u00fcr die Nikotinst\u00e4rke - erh\u00e4ltlich in 0%, 2%, 3% und 5%<\/li>\n<li>Geschmacksvielfalt - W\u00e4hlen Sie aus mehreren kr\u00e4ftigen, erfrischenden Geschmackskombinationen<\/li>\n<li>Draw-Activated System - Keine Kn\u00f6pfe, nur sanftes, sofortiges Verdampfen<\/li>\n<\/ul>\n<h3>Design, das funktioniert<\/h3>\n<p>Der Bang King 30000 Pro hat nicht nur ein gro\u00dfes Fassungsverm\u00f6gen, sondern ist auch intelligent verarbeitet. Seine stromlinienf\u00f6rmige, ovale Form liegt ganz nat\u00fcrlich in der Hand, w\u00e4hrend sein k\u00fchnes \u00c4u\u00dferes die lebendigen Geschmackskombinationen im Inneren widerspiegelt. Er ist tragbar, modern und leicht aufzuladen und bietet den ganzen Tag lang Leistung in einem eleganten Paket.<\/p>\n<h3>Warum Bang King 30000 Pro w\u00e4hlen?<\/h3>\n<ul>\n<li>Perfekt f\u00fcr Benutzer, die eine maximale Puffzeit bei schlankem Design w\u00fcnschen<\/li>\n<li>Ergonomisch, reisefreundlich und f\u00fcr den diskreten, t\u00e4glichen Gebrauch konzipiert<\/li>\n<li>Wiederaufladbar, spart Kosten und Abfall bei mehreren Sitzungen<\/li>\n<li>Bietet zwei Geschmacksrichtungen f\u00fcr Abwechslung, ohne mehrere Ger\u00e4te mit sich f\u00fchren zu m\u00fcssen<\/li>\n<\/ul>","protected":false},"excerpt":{"rendered":"<p>Bang King 30000 Pro liefert bis zu 30.000 Z\u00fcge mit einer Kapazit\u00e4t von 36 ml e-Fl\u00fcssigkeit, zwei Geschmacksoptionen, einem 850-mAh-Akku und einem schlanken ovalen Design. USB-C wiederaufladbar.<\/p>","protected":false},"featured_media":2691,"comment_status":"open","ping_status":"closed","template":"","meta":{"_acf_changed":false,"bwfblock_default_font":""},"product_brand":[],"product_cat":[17],"product_tag":[24,22,268],"class_list":{"0":"post-99","1":"product","2":"type-product","3":"status-publish","4":"has-post-thumbnail","6":"product_cat-bang-vapes","7":"product_tag-30k-puffs","8":"product_tag-hot-selling","9":"product_tag-mouth-to-lung","11":"first","12":"instock","13":"sale","14":"featured","15":"shipping-taxable","16":"purchasable","17":"product-type-variable"},"acf":[],"_links":{"self":[{"href":"https:\/\/bangvapeofficial.com\/de\/wp-json\/wp\/v2\/product\/99","targetHints":{"allow":["GET"]}}],"collection":[{"href":"https:\/\/bangvapeofficial.com\/de\/wp-json\/wp\/v2\/product"}],"about":[{"href":"https:\/\/bangvapeofficial.com\/de\/wp-json\/wp\/v2\/types\/product"}],"replies":[{"embeddable":true,"href":"https:\/\/bangvapeofficial.com\/de\/wp-json\/wp\/v2\/comments?post=99"}],"wp:featuredmedia":[{"embeddable":true,"href":"https:\/\/bangvapeofficial.com\/de\/wp-json\/wp\/v2\/media\/2691"}],"wp:attachment":[{"href":"https:\/\/bangvapeofficial.com\/de\/wp-json\/wp\/v2\/media?parent=99"}],"wp:term":[{"taxonomy":"product_brand","embeddable":true,"href":"https:\/\/bangvapeofficial.com\/de\/wp-json\/wp\/v2\/product_brand?post=99"},{"taxonomy":"product_cat","embeddable":true,"href":"https:\/\/bangvapeofficial.com\/de\/wp-json\/wp\/v2\/product_cat?post=99"},{"taxonomy":"product_tag","embeddable":true,"href":"https:\/\/bangvapeofficial.com\/de\/wp-json\/wp\/v2\/product_tag?post=99"}],"curies":[{"name":"wp","href":"https:\/\/api.w.org\/{rel}","templated":true}]}}