{"id":1036,"date":"2025-09-28T09:46:58","date_gmt":"2025-09-28T09:46:58","guid":{"rendered":"https:\/\/bangvapeofficial.com\/?page_id=1036"},"modified":"2025-09-29T03:41:10","modified_gmt":"2025-09-29T03:41:10","slug":"wholesale","status":"publish","type":"page","link":"https:\/\/bangvapeofficial.com\/es\/wholesale\/","title":{"rendered":"MAYORISTA"},"content":{"rendered":"<p>Nos dedicamos a suministrar cigarrillos electr\u00f3nicos y accesorios de alta calidad a minoristas y distribuidores de todo el mundo. Como proveedor l\u00edder del sector, ofrecemos una amplia gama de productos y precios al por mayor competitivos para satisfacer las diversas necesidades de su negocio.<\/p>\n\n\n\n<h4 class=\"wp-block-heading\" id=\"why-choose-us\">\u00bfPor qu\u00e9 elegirnos?<\/h4>\n\n\n\n<ul class=\"wp-block-list\">\n<li>Amplia selecci\u00f3n de productos: Desde los \u00faltimos dispositivos para cigarrillos electr\u00f3nicos hasta una gran variedad de sabores de e-l\u00edquidos, tenemos todo lo que necesitas.<\/li>\n\n\n\n<li>Calidad superior: Todos nuestros productos se someten a rigurosas pruebas de calidad para garantizar su seguridad y fiabilidad.<\/li>\n\n\n\n<li>Cantidades de pedido flexibles: Tanto si es un peque\u00f1o minorista como un gran distribuidor, podemos adaptarnos a sus necesidades de pedido.<\/li>\n\n\n\n<li>Servicios de env\u00edo r\u00e1pidos: Asociados con m\u00faltiples empresas de log\u00edstica global, nos aseguramos de que sus pedidos se entreguen de forma r\u00e1pida y segura, con seguimiento en l\u00ednea en tiempo real.<\/li>\n\n\n\n<li>Excelente atenci\u00f3n al cliente: Nuestro dedicado equipo est\u00e1 aqu\u00ed para ayudarle con cualquier consulta o problema que pueda tener.<\/li>\n<\/ul>\n\n\n\n<p>P\u00f3ngase en contacto hoy mismo con nuestro equipo de mayoristas para obtener m\u00e1s informaci\u00f3n sobre nuestras ofertas y descuentos para mayoristas.<\/p>\n\n\n\n<p>Esperamos colaborar con usted y lograr juntos un gran \u00e9xito.<\/p>","protected":false},"excerpt":{"rendered":"<p>We are dedicated to providing high-quality e-cigarettes and accessories to retailers and distributors worldwide. As a leading supplier in the industry, we offer a wide range of products and competitive wholesale prices to meet the diverse needs of your business. Why Choose Us? Contact our wholesale team today to learn more about our offerings and [&#8230;]","protected":false},"author":1,"featured_media":0,"parent":0,"menu_order":0,"comment_status":"closed","ping_status":"closed","template":"","meta":{"_acf_changed":false,"bwfblock_default_font":"","footnotes":""},"class_list":["post-1036","page","type-page","status-publish","hentry"],"acf":[],"_links":{"self":[{"href":"https:\/\/bangvapeofficial.com\/es\/wp-json\/wp\/v2\/pages\/1036","targetHints":{"allow":["GET"]}}],"collection":[{"href":"https:\/\/bangvapeofficial.com\/es\/wp-json\/wp\/v2\/pages"}],"about":[{"href":"https:\/\/bangvapeofficial.com\/es\/wp-json\/wp\/v2\/types\/page"}],"author":[{"embeddable":true,"href":"https:\/\/bangvapeofficial.com\/es\/wp-json\/wp\/v2\/users\/1"}],"replies":[{"embeddable":true,"href":"https:\/\/bangvapeofficial.com\/es\/wp-json\/wp\/v2\/comments?post=1036"}],"version-history":[{"count":2,"href":"https:\/\/bangvapeofficial.com\/es\/wp-json\/wp\/v2\/pages\/1036\/revisions"}],"predecessor-version":[{"id":1842,"href":"https:\/\/bangvapeofficial.com\/es\/wp-json\/wp\/v2\/pages\/1036\/revisions\/1842"}],"wp:attachment":[{"href":"https:\/\/bangvapeofficial.com\/es\/wp-json\/wp\/v2\/media?parent=1036"}],"curies":[{"name":"wp","href":"https:\/\/api.w.org\/{rel}","templated":true}]}}