{"id":1038,"date":"2025-09-28T09:47:12","date_gmt":"2025-09-28T09:47:12","guid":{"rendered":"https:\/\/bangvapeofficial.com\/?page_id=1038"},"modified":"2025-10-08T03:21:11","modified_gmt":"2025-10-08T03:21:11","slug":"about-us","status":"publish","type":"page","link":"https:\/\/bangvapeofficial.com\/es\/about-us\/","title":{"rendered":"SOBRE NOSOTROS"},"content":{"rendered":"<p>Bienvenido a Bang Vape Oficial, su destino para los cigarrillos electr\u00f3nicos desechables de primera calidad y productos de vape.our misi\u00f3n es proporcionar la m\u00e1xima calidad, soluciones innovadoras vaping adaptado a sus necesidades.<\/p>\n<h2>Nuestros productos<\/h2>\n<p>Ofrecemos cigarrillos electr\u00f3nicos desechables de alta calidad y servicios OEM para productos de vapeo personalizados. Todos nuestros productos se someten a rigurosas pruebas para garantizar que cumplen los est\u00e1ndares m\u00e1s exigentes.<\/p>\n<h2>Servicios mayoristas y OEM<\/h2>\n<p>Ofrecemos cigarrillos electr\u00f3nicos desechables de alta calidad y servicios OEM para productos de vapeo personalizados. Todos nuestros productos se someten a rigurosas pruebas para garantizar que cumplen los est\u00e1ndares m\u00e1s exigentes.<\/p>\n<h2>Env\u00edo r\u00e1pido y seguro<\/h2>\n<p>Tramitamos los pedidos en un plazo de 1 a 3 d\u00edas laborables y los enviamos a trav\u00e9s de empresas de transporte fiables como DHL, DPD, UPS y servicios postales locales.<\/p>\n<h3>Pagos seguros<\/h3>\n<p>Apoyamos paypal, tarjetas de cr\u00e9dito, transferencias bancarias, utilizando el cifrado SSL para la transmisi\u00f3n de datos.<\/p>\n<h3>Atenci\u00f3n al cliente<\/h3>\n<p>Nuestro equipo de atenci\u00f3n al cliente est\u00e1 aqu\u00ed para ayudarle. P\u00f3ngase en contacto con nosotros por correo electr\u00f3nico en hi@bangvapeofficial.com o whatsapp +86 190 4254 0825. Estamos disponibles de lunes a viernes, de 9.00 a 20.00, hora de China.<\/p>","protected":false},"excerpt":{"rendered":"","protected":false},"author":1,"featured_media":0,"parent":0,"menu_order":0,"comment_status":"closed","ping_status":"closed","template":"","meta":{"_acf_changed":false,"bwfblock_default_font":"","footnotes":""},"class_list":["post-1038","page","type-page","status-publish","hentry"],"acf":[],"_links":{"self":[{"href":"https:\/\/bangvapeofficial.com\/es\/wp-json\/wp\/v2\/pages\/1038","targetHints":{"allow":["GET"]}}],"collection":[{"href":"https:\/\/bangvapeofficial.com\/es\/wp-json\/wp\/v2\/pages"}],"about":[{"href":"https:\/\/bangvapeofficial.com\/es\/wp-json\/wp\/v2\/types\/page"}],"author":[{"embeddable":true,"href":"https:\/\/bangvapeofficial.com\/es\/wp-json\/wp\/v2\/users\/1"}],"replies":[{"embeddable":true,"href":"https:\/\/bangvapeofficial.com\/es\/wp-json\/wp\/v2\/comments?post=1038"}],"version-history":[{"count":8,"href":"https:\/\/bangvapeofficial.com\/es\/wp-json\/wp\/v2\/pages\/1038\/revisions"}],"predecessor-version":[{"id":3469,"href":"https:\/\/bangvapeofficial.com\/es\/wp-json\/wp\/v2\/pages\/1038\/revisions\/3469"}],"wp:attachment":[{"href":"https:\/\/bangvapeofficial.com\/es\/wp-json\/wp\/v2\/media?parent=1038"}],"curies":[{"name":"wp","href":"https:\/\/api.w.org\/{rel}","templated":true}]}}