{"id":2323,"date":"2025-10-05T04:22:21","date_gmt":"2025-10-05T04:22:21","guid":{"rendered":"https:\/\/bangvapeofficial.com\/?page_id=2323"},"modified":"2025-10-05T04:23:01","modified_gmt":"2025-10-05T04:23:01","slug":"shipping-policy","status":"publish","type":"page","link":"https:\/\/bangvapeofficial.com\/es\/shipping-policy\/","title":{"rendered":"Pol\u00edtica de env\u00edos"},"content":{"rendered":"<h3 class=\"wp-block-heading\" id=\"gspb_heading-id-gsbp-d625368\">Importante<\/h3>\n\n\n\n<p>Nuestro equipo procesar\u00e1 y enviar\u00e1 su pedido en un plazo de 1 a 3 d\u00edas laborables tras recibir el pago y le facilitaremos un n\u00famero de seguimiento.<\/p>\n\n\n\n<h4 class=\"wp-block-heading\" id=\"shipping-time\">Plazo de entrega<\/h4>\n\n\n\n<ul class=\"wp-block-list\">\n<li>El env\u00edo suele tardar entre 7 y 14 d\u00edas laborables, dependiendo de su ubicaci\u00f3n.<\/li>\n\n\n\n<li>Los plazos de entrega pueden variar en funci\u00f3n del transportista y de su ubicaci\u00f3n espec\u00edfica.<\/li>\n<\/ul>\n\n\n\n<h4 class=\"wp-block-heading\" id=\"shipping-carriers\">Transportistas<\/h4>\n\n\n\n<p>Utilizamos transportistas de confianza para garantizar que sus pedidos se entregan de forma segura y puntual. Nuestros socios de env\u00edo incluyen:<\/p>\n\n\n\n<ul class=\"wp-block-list\">\n<li>DHL<\/li>\n\n\n\n<li>DPD<\/li>\n\n\n\n<li>UPS<\/li>\n\n\n\n<li>Servicios postales locales<\/li>\n<\/ul>\n\n\n\n<h4 class=\"wp-block-heading\" id=\"order-tracking\">Seguimiento de pedidos<\/h4>\n\n\n\n<ul class=\"wp-block-list\">\n<li>Una vez enviado su pedido, recibir\u00e1 un n\u00famero de seguimiento por correo electr\u00f3nico.<\/li>\n\n\n\n<li>Puede utilizar este n\u00famero de seguimiento para controlar el estado de su env\u00edo en nuestro sitio web o en el del transportista.<\/li>\n<\/ul>\n\n\n\n<h4 class=\"wp-block-heading\" id=\"shipping-costs\">Gastos de env\u00edo<\/h4>\n\n\n\n<ul class=\"wp-block-list\">\n<li>Los gastos de env\u00edo se calculan en el momento de pagar en funci\u00f3n del peso y el destino del pedido.<\/li>\n\n\n\n<li>Cualquier tasa, impuesto o arancel aduanero adicional correr\u00e1 por nuestra cuenta, excepto en Canad\u00e1.<\/li>\n<\/ul>\n\n\n\n<h4 class=\"wp-block-heading\" id=\"delivery-issues\">Problemas de entrega<\/h4>\n\n\n\n<ul class=\"wp-block-list\">\n<li>Si su pedido se retrasa, se pierde o resulta da\u00f1ado durante el env\u00edo, p\u00f3ngase en contacto inmediatamente con nuestro equipo de atenci\u00f3n al cliente.<\/li>\n\n\n\n<li>Trabajaremos con el transportista para resolver cualquier problema y asegurarnos de que reciba su pedido.<\/li>\n<\/ul>\n\n\n\n<p><strong>Tenga en cuenta lo siguiente:<\/strong><\/p>\n\n\n\n<p>Es responsabilidad del cliente asegurarse de que la informaci\u00f3n de la direcci\u00f3n proporcionada es correcta, incluyendo la ciudad, el estado y el c\u00f3digo postal para evitar cualquier error o retraso en el env\u00edo.<\/p>\n\n\n\n<p>\u00bfNo ha encontrado lo que buscaba?\u00a0<a href=\"https:\/\/bangvapeofficial.com\/es\/contact-us\/\"><strong>Cont\u00e1ctanos<\/strong><\/a><\/p>","protected":false},"excerpt":{"rendered":"<p>Important Our team will process and dispatch your order within 1-3 business day of receiving payment and we will issue you a tracking number. Shipping Time Shipping Carriers We use reliable shipping carriers to ensure your orders are delivered safely and on time. Our shipping partners include: Order Tracking Shipping Costs Delivery Issues Please Note: [&#8230;]","protected":false},"author":1,"featured_media":0,"parent":0,"menu_order":0,"comment_status":"closed","ping_status":"closed","template":"","meta":{"_acf_changed":false,"bwfblock_default_font":"","footnotes":""},"class_list":["post-2323","page","type-page","status-publish","hentry"],"acf":[],"_links":{"self":[{"href":"https:\/\/bangvapeofficial.com\/es\/wp-json\/wp\/v2\/pages\/2323","targetHints":{"allow":["GET"]}}],"collection":[{"href":"https:\/\/bangvapeofficial.com\/es\/wp-json\/wp\/v2\/pages"}],"about":[{"href":"https:\/\/bangvapeofficial.com\/es\/wp-json\/wp\/v2\/types\/page"}],"author":[{"embeddable":true,"href":"https:\/\/bangvapeofficial.com\/es\/wp-json\/wp\/v2\/users\/1"}],"replies":[{"embeddable":true,"href":"https:\/\/bangvapeofficial.com\/es\/wp-json\/wp\/v2\/comments?post=2323"}],"version-history":[{"count":2,"href":"https:\/\/bangvapeofficial.com\/es\/wp-json\/wp\/v2\/pages\/2323\/revisions"}],"predecessor-version":[{"id":2325,"href":"https:\/\/bangvapeofficial.com\/es\/wp-json\/wp\/v2\/pages\/2323\/revisions\/2325"}],"wp:attachment":[{"href":"https:\/\/bangvapeofficial.com\/es\/wp-json\/wp\/v2\/media?parent=2323"}],"curies":[{"name":"wp","href":"https:\/\/api.w.org\/{rel}","templated":true}]}}