{"id":100,"date":"2025-09-28T09:08:42","date_gmt":"2025-09-28T09:08:42","guid":{"rendered":"https:\/\/bangvapeofficial.com\/?post_type=product&#038;p=100"},"modified":"2025-10-05T07:16:45","modified_gmt":"2025-10-05T07:16:45","slug":"bang-blaze-shisha-40000","status":"publish","type":"product","link":"https:\/\/bangvapeofficial.com\/es\/producto\/bang-blaze-shisha-40000\/","title":{"rendered":"Bang Blaze Shisha 40000 - Recargable, listo para la venta al por mayor"},"content":{"rendered":"<h2>Bang Blaze Shisha 40000<\/h2>\n<h3>40K Puffs | 40ML Capacidad | Bater\u00eda 1000mAh | Aceite Rellenable | Carga Tipo-C<\/h3>\n<p>El Bang Blaze Shisha 40000 Disposable Vape es un e-cigarrillo recargable de primer nivel dise\u00f1ado para el m\u00e1ximo rendimiento y comodidad. Con una capacidad masiva de 40.000 caladas, un tanque recargable de 40ML, una bobina de malla de 0,6\u03a9 y una bater\u00eda recargable Tipo-C de 1000mAh, este dispositivo ofrece una experiencia de vapeo rica y consistente, ideal para usuarios ocasionales, minoristas y salones de narguile.<\/p>\n<p><img loading=\"lazy\" decoding=\"async\" class=\"alignnone size-full wp-image-3246\" src=\"https:\/\/bangvapeofficial.com\/wp-content\/uploads\/2025\/09\/Bang-Blaze-Shisha-40000-6-scaled-1.webp\" width=\"1045\" height=\"2560\" alt=\"Bang-Blaze-Shisha-40000-6-scaled-1\" title=\"Bang-Blaze-Shisha-40000-6-scaled-1\" srcset=\"https:\/\/bangvapeofficial.com\/wp-content\/uploads\/2025\/09\/Bang-Blaze-Shisha-40000-6-scaled-1.webp 1045w, https:\/\/bangvapeofficial.com\/wp-content\/uploads\/2025\/09\/Bang-Blaze-Shisha-40000-6-scaled-1-122x300.webp 122w, https:\/\/bangvapeofficial.com\/wp-content\/uploads\/2025\/09\/Bang-Blaze-Shisha-40000-6-scaled-1-418x1024.webp 418w, https:\/\/bangvapeofficial.com\/wp-content\/uploads\/2025\/09\/Bang-Blaze-Shisha-40000-6-scaled-1-768x1881.webp 768w, https:\/\/bangvapeofficial.com\/wp-content\/uploads\/2025\/09\/Bang-Blaze-Shisha-40000-6-scaled-1-627x1536.webp 627w, https:\/\/bangvapeofficial.com\/wp-content\/uploads\/2025\/09\/Bang-Blaze-Shisha-40000-6-scaled-1-836x2048.webp 836w, https:\/\/bangvapeofficial.com\/wp-content\/uploads\/2025\/09\/Bang-Blaze-Shisha-40000-6-scaled-1-600x1470.webp 600w\" sizes=\"auto, (max-width: 1045px) 100vw, 1045px\" \/><\/p>\n<h3>Caracter\u00edsticas principales<\/h3>\n<ul>\n<li>Capacidad para 40.000 soplidos - Dise\u00f1ada para un rendimiento duradero<\/li>\n<li>Dep\u00f3sito recargable de 40 ml: f\u00e1cil de rellenar, reduce los residuos y los costes con el tiempo<\/li>\n<li>Opciones de nicotina - Disponible en 0%, 2%, 3% y 5%<\/li>\n<li>Bobina de malla de 0,6\u03a9: proporciona un sabor mejorado y una producci\u00f3n de vapor suave.<\/li>\n<li>Bater\u00eda de 1000 mAh: recargable mediante Type-C para una alimentaci\u00f3n r\u00e1pida y fiable.<\/li>\n<li>Elegante y ergon\u00f3mico: dise\u00f1o compacto perfecto para uso personal o minorista<\/li>\n<li>Wholesale Ready - Envasado 10 unidades\/caja, 200 unidades\/cart\u00f3n<\/li>\n<\/ul>\n<h3>Opciones de sabores (12 disponibles)<\/h3>\n<ol>\n<li>Sand\u00eda<\/li>\n<li>Sand\u00eda Fresa<\/li>\n<li>Pi\u00f1a Colada<\/li>\n<li>Fresa helada<\/li>\n<li>Red Bull<\/li>\n<li>Melocot\u00f3n helado<\/li>\n<li>Hielo de ar\u00e1ndanos<\/li>\n<li>Ar\u00e1ndano Frambuesa<\/li>\n<li>Uvas en flor<\/li>\n<li>Manzanas dobles<\/li>\n<li>Frutas variadas<\/li>\n<li>Mango Melocot\u00f3n<\/li>\n<\/ol>\n<h3>\u00bfPor qu\u00e9 elegir Bang Blaze Shisha 40000?<\/h3>\n<ul>\n<li>Dep\u00f3sito recargable: saca m\u00e1s partido a cada unidad<\/li>\n<li>Bater\u00eda de larga duraci\u00f3n: c\u00e9lula de 1000 mAh dise\u00f1ada para resistir<\/li>\n<li>Niveles de nicotina personalizados - Desde 0% de nicotina hasta opciones de 5%<\/li>\n<li>Sabor superior - Bobina de malla para nubes sabrosas y suaves golpes de garganta<\/li>\n<li>Paquetes para mayoristas - Soluci\u00f3n rentable para la venta al por menor o entre empresas (B2B)<\/li>\n<\/ul>","protected":false},"excerpt":{"rendered":"<p>Bang Blaze Shisha 40000 ofrece 40K caladas, un tanque recargable de 40ML, bobina de malla, bater\u00eda de 1000mAh y 12 sabores. Recargable tipo C. Disponible en nicotina 0%-5%.<\/p>","protected":false},"featured_media":2688,"comment_status":"open","ping_status":"closed","template":"","meta":{"_acf_changed":false,"bwfblock_default_font":""},"product_brand":[],"product_cat":[17],"product_tag":[23,36,266,265,27],"class_list":{"0":"post-100","1":"product","2":"type-product","3":"status-publish","4":"has-post-thumbnail","6":"product_cat-bang-vapes","7":"product_tag-40k-puffs","8":"product_tag-hugo-vapor-shisha","9":"product_tag-refillable","10":"product_tag-shisha","11":"product_tag-with-liquild","13":"first","14":"instock","15":"sale","16":"shipping-taxable","17":"purchasable","18":"product-type-variable"},"acf":[],"_links":{"self":[{"href":"https:\/\/bangvapeofficial.com\/es\/wp-json\/wp\/v2\/product\/100","targetHints":{"allow":["GET"]}}],"collection":[{"href":"https:\/\/bangvapeofficial.com\/es\/wp-json\/wp\/v2\/product"}],"about":[{"href":"https:\/\/bangvapeofficial.com\/es\/wp-json\/wp\/v2\/types\/product"}],"replies":[{"embeddable":true,"href":"https:\/\/bangvapeofficial.com\/es\/wp-json\/wp\/v2\/comments?post=100"}],"wp:featuredmedia":[{"embeddable":true,"href":"https:\/\/bangvapeofficial.com\/es\/wp-json\/wp\/v2\/media\/2688"}],"wp:attachment":[{"href":"https:\/\/bangvapeofficial.com\/es\/wp-json\/wp\/v2\/media?parent=100"}],"wp:term":[{"taxonomy":"product_brand","embeddable":true,"href":"https:\/\/bangvapeofficial.com\/es\/wp-json\/wp\/v2\/product_brand?post=100"},{"taxonomy":"product_cat","embeddable":true,"href":"https:\/\/bangvapeofficial.com\/es\/wp-json\/wp\/v2\/product_cat?post=100"},{"taxonomy":"product_tag","embeddable":true,"href":"https:\/\/bangvapeofficial.com\/es\/wp-json\/wp\/v2\/product_tag?post=100"}],"curies":[{"name":"wp","href":"https:\/\/api.w.org\/{rel}","templated":true}]}}