{"id":102,"date":"2025-09-28T09:08:45","date_gmt":"2025-09-28T09:08:45","guid":{"rendered":"https:\/\/bangvapeofficial.com\/?post_type=product&#038;p=102"},"modified":"2025-10-05T06:51:27","modified_gmt":"2025-10-05T06:51:27","slug":"bang-king-12000","status":"publish","type":"product","link":"https:\/\/bangvapeofficial.com\/es\/producto\/bang-king-12000\/","title":{"rendered":"Bang King 12000 Porsche - 12.000 bocanadas de potencia y estilo"},"content":{"rendered":"<h2>Bang King 12000 Porsche<\/h2>\n<h3>Dise\u00f1o en forma de bala | 18mL E-Liquid | 550mAh Bater\u00eda | Mesh Coil | Carga Tipo-C<\/h3>\n<p>Combinando un dise\u00f1o elegante con un rendimiento duradero, el vapeador desechable Bang King 12000 Porsche ofrece 12.000 caladas de vapor suave y sabroso alimentado por una bater\u00eda recargable de 550mAh. Con 18mL de e-l\u00edquido, bobina de calentamiento de malla y carga r\u00e1pida Tipo-C, este dispositivo ofrece una experiencia de vapeo de alta calidad y sin complicaciones en un cuerpo audaz con forma de bala.<\/p>\n<h3>Caracter\u00edsticas principales<\/h3>\n<ul>\n<li>12.000 bocanadas - Dise\u00f1ada para un uso prolongado<\/li>\n<li>Capacidad de 18 ml de E-l\u00edquido - Menos recargas, m\u00e1s satisfacci\u00f3n<\/li>\n<li>Bater\u00eda de 550 mAh: potencia constante con carga r\u00e1pida USB Type-C.<\/li>\n<li>1.2\u03a9 Mesh Coil - Calentamiento avanzado para un sabor rico y suave.<\/li>\n<li>Opciones de nicotina - Disponible en concentraciones 0%, 2%, 3% y 5%<\/li>\n<li>Dise\u00f1o inspirado en las balas: \u00fanico, elegante y ergon\u00f3mico<\/li>\n<li>12 sabores disponibles - Algo para cada paladar<\/li>\n<li>Embalaje a granel - 10 unidades\/caja para venta al por menor o reventa<\/li>\n<\/ul>\n<h3>Sabores disponibles<\/h3>\n<ul>\n<li>Sand\u00eda<\/li>\n<li>Sand\u00eda con fresa<\/li>\n<li>Hielo de ar\u00e1ndanos<\/li>\n<li>Ar\u00e1ndano Frambuesa<\/li>\n<li>Fresa Mango<\/li>\n<li>Hielo del Drag\u00f3n Negro<\/li>\n<li>Cereza Cola<\/li>\n<li>Ar\u00e1ndano Uva<\/li>\n<li>Triple baya<\/li>\n<li>Fresa Kiwi<\/li>\n<li>Melocot\u00f3n helado<\/li>\n<li>Sand\u00eda Chicle<\/li>\n<\/ul>\n<h3>\u00bfPor qu\u00e9 elegir el Bang King 12000 Porsche?<\/h3>\n<p>Para los vapeadores que quieren una mezcla de rendimiento, portabilidad y personalidad, el Bang King Porsche 12K es perfecto. Su larga duraci\u00f3n, dise\u00f1o moderno y sistema de bobina de malla suave lo hacen ideal para el uso diario, ya seas un nuevo usuario o un entusiasta experimentado.<\/p>\n<p><img loading=\"lazy\" decoding=\"async\" class=\"alignnone size-full wp-image-3244\" src=\"https:\/\/bangvapeofficial.com\/wp-content\/uploads\/2025\/09\/Vaper12K-Bang-E-Cig-Wholesale-Vaporizer-Price-12000-Puff-Disposable-Smoking-12000-12K-Vape-Bang-King.webp\" width=\"1060\" height=\"1855\" alt=\"Vaper12K-Bang-E-Cig-Wholesale-Vaporizer-Price-12000-Puff-Disposable-Smoking-12000-12K-Vape-Bang-King\" title=\"Vaper12K-Bang-E-Cig-Wholesale-Vaporizer-Price-12000-Puff-Disposable-Smoking-12000-12K-Vape-Bang-King\" srcset=\"https:\/\/bangvapeofficial.com\/wp-content\/uploads\/2025\/09\/Vaper12K-Bang-E-Cig-Wholesale-Vaporizer-Price-12000-Puff-Disposable-Smoking-12000-12K-Vape-Bang-King.webp 1060w, https:\/\/bangvapeofficial.com\/wp-content\/uploads\/2025\/09\/Vaper12K-Bang-E-Cig-Wholesale-Vaporizer-Price-12000-Puff-Disposable-Smoking-12000-12K-Vape-Bang-King-171x300.webp 171w, https:\/\/bangvapeofficial.com\/wp-content\/uploads\/2025\/09\/Vaper12K-Bang-E-Cig-Wholesale-Vaporizer-Price-12000-Puff-Disposable-Smoking-12000-12K-Vape-Bang-King-585x1024.webp 585w, https:\/\/bangvapeofficial.com\/wp-content\/uploads\/2025\/09\/Vaper12K-Bang-E-Cig-Wholesale-Vaporizer-Price-12000-Puff-Disposable-Smoking-12000-12K-Vape-Bang-King-768x1344.webp 768w, https:\/\/bangvapeofficial.com\/wp-content\/uploads\/2025\/09\/Vaper12K-Bang-E-Cig-Wholesale-Vaporizer-Price-12000-Puff-Disposable-Smoking-12000-12K-Vape-Bang-King-878x1536.webp 878w, https:\/\/bangvapeofficial.com\/wp-content\/uploads\/2025\/09\/Vaper12K-Bang-E-Cig-Wholesale-Vaporizer-Price-12000-Puff-Disposable-Smoking-12000-12K-Vape-Bang-King-600x1050.webp 600w\" sizes=\"auto, (max-width: 1060px) 100vw, 1060px\" \/><\/p>","protected":false},"excerpt":{"rendered":"<p class=\"\" data-start=\"2058\" data-end=\"2214\">Bang King 12000 Porsche ofrece 12.000 caladas, 18mL de e-l\u00edquido, una bobina de malla, bater\u00eda de 550mAh y carga Type-C, todo ello envuelto en un elegante dise\u00f1o inspirado en una bala.<\/p>","protected":false},"featured_media":208,"comment_status":"open","ping_status":"closed","template":"","meta":{"_acf_changed":false,"bwfblock_default_font":""},"product_brand":[],"product_cat":[17],"product_tag":[40,268],"class_list":{"0":"post-102","1":"product","2":"type-product","3":"status-publish","4":"has-post-thumbnail","6":"product_cat-bang-vapes","7":"product_tag-12k-puffs","8":"product_tag-mouth-to-lung","10":"first","11":"instock","12":"sale","13":"shipping-taxable","14":"purchasable","15":"product-type-variable"},"acf":[],"_links":{"self":[{"href":"https:\/\/bangvapeofficial.com\/es\/wp-json\/wp\/v2\/product\/102","targetHints":{"allow":["GET"]}}],"collection":[{"href":"https:\/\/bangvapeofficial.com\/es\/wp-json\/wp\/v2\/product"}],"about":[{"href":"https:\/\/bangvapeofficial.com\/es\/wp-json\/wp\/v2\/types\/product"}],"replies":[{"embeddable":true,"href":"https:\/\/bangvapeofficial.com\/es\/wp-json\/wp\/v2\/comments?post=102"}],"wp:featuredmedia":[{"embeddable":true,"href":"https:\/\/bangvapeofficial.com\/es\/wp-json\/wp\/v2\/media\/208"}],"wp:attachment":[{"href":"https:\/\/bangvapeofficial.com\/es\/wp-json\/wp\/v2\/media?parent=102"}],"wp:term":[{"taxonomy":"product_brand","embeddable":true,"href":"https:\/\/bangvapeofficial.com\/es\/wp-json\/wp\/v2\/product_brand?post=102"},{"taxonomy":"product_cat","embeddable":true,"href":"https:\/\/bangvapeofficial.com\/es\/wp-json\/wp\/v2\/product_cat?post=102"},{"taxonomy":"product_tag","embeddable":true,"href":"https:\/\/bangvapeofficial.com\/es\/wp-json\/wp\/v2\/product_tag?post=102"}],"curies":[{"name":"wp","href":"https:\/\/api.w.org\/{rel}","templated":true}]}}