{"id":103,"date":"2025-09-28T09:08:46","date_gmt":"2025-09-28T09:08:46","guid":{"rendered":"https:\/\/bangvapeofficial.com\/?post_type=product&#038;p=103"},"modified":"2025-10-05T06:51:19","modified_gmt":"2025-10-05T06:51:19","slug":"bang-32000-puffs-vape","status":"publish","type":"product","link":"https:\/\/bangvapeofficial.com\/es\/producto\/bang-32000-puffs-vape\/","title":{"rendered":"Bang 32000 caladas cigarrillo electr\u00f3nico desechable - Potencia, sabor y control en un dispositivo inteligente"},"content":{"rendered":"<h2>Bang 32000 Puffs Vape<\/h2>\n<p>Lleva tu experiencia de vapeo al siguiente nivel con el Bang 32000 Puffs Vape, un cigarrillo electr\u00f3nico desechable de alta capacidad dise\u00f1ado para ofrecer rendimiento, sabor y comodidad. Con dos bobinas de malla de 0,5 \u03a9, una capacidad de e-l\u00edquido de 32ML, y una pantalla de aceite y potencia, este dispositivo ofrece nubes suaves y caladas consistentes, todo en un dise\u00f1o elegante y moderno.<\/p>\n<p><img loading=\"lazy\" decoding=\"async\" class=\"alignnone size-full wp-image-3258\" src=\"https:\/\/bangvapeofficial.com\/wp-content\/uploads\/2025\/09\/Bang-32000-Puffs-Vape.webp\" width=\"1339\" height=\"2560\" alt=\"Bang-32000-Puffs-Vape\" title=\"Bang-32000-Puffs-Vape\" srcset=\"https:\/\/bangvapeofficial.com\/wp-content\/uploads\/2025\/09\/Bang-32000-Puffs-Vape.webp 1339w, https:\/\/bangvapeofficial.com\/wp-content\/uploads\/2025\/09\/Bang-32000-Puffs-Vape-157x300.webp 157w, https:\/\/bangvapeofficial.com\/wp-content\/uploads\/2025\/09\/Bang-32000-Puffs-Vape-536x1024.webp 536w, https:\/\/bangvapeofficial.com\/wp-content\/uploads\/2025\/09\/Bang-32000-Puffs-Vape-768x1468.webp 768w, https:\/\/bangvapeofficial.com\/wp-content\/uploads\/2025\/09\/Bang-32000-Puffs-Vape-803x1536.webp 803w, https:\/\/bangvapeofficial.com\/wp-content\/uploads\/2025\/09\/Bang-32000-Puffs-Vape-1071x2048.webp 1071w, https:\/\/bangvapeofficial.com\/wp-content\/uploads\/2025\/09\/Bang-32000-Puffs-Vape-600x1147.webp 600w\" sizes=\"auto, (max-width: 1339px) 100vw, 1339px\" \/><\/p>\n<h3>Caracter\u00edsticas principales<\/h3>\n<ul>\n<li>Aprox. 32.000 inhalaciones - Dise\u00f1ada para resistir, ideal para un uso intensivo o prolongado<\/li>\n<li>E-l\u00edquido precargado de 32ML - Sin complicaciones de recarga, s\u00f3lo disfrute ininterrumpido<\/li>\n<li>Doble bobina de malla de 0,5\u03a9: vapor y sabor mejorados desde la primera calada hasta la \u00faltima.<\/li>\n<li>Opciones de nicotina: 0%, 2%, 3% y 5% para adaptarse a todo tipo de usuarios<\/li>\n<li>Potencia regulable: personaliza la salida para conseguir m\u00e1s potencia o un sabor m\u00e1s suave.<\/li>\n<li>Bater\u00eda recargable de 650 mAh - Carga r\u00e1pida USB Type-C para una r\u00e1pida respuesta<\/li>\n<li>Pantalla de aceite y potencia: controla los niveles de l\u00edquido y la bater\u00eda en tiempo real<\/li>\n<\/ul>\n<h3>Las opciones de sabor incluyen<\/h3>\n<ul>\n<li>Ar\u00e1ndano Frambuesa<\/li>\n<li>Sand\u00eda Cereza<\/li>\n<li>Hielo de ar\u00e1ndanos<\/li>\n<li>Hielo de sand\u00eda<\/li>\n<li>Sand\u00eda con fresa<\/li>\n<li>Fresa Kiwi<\/li>\n<li>Red Bull<\/li>\n<li>Sand\u00eda Chicle<\/li>\n<li>Hielo de uva<\/li>\n<li>Melocot\u00f3n Mango<\/li>\n<li>Melocot\u00f3n helado<\/li>\n<li>Frutas variadas<\/li>\n<\/ul>\n<h3>\u00bfPor qu\u00e9 elegir Bang 32000?<\/h3>\n<p>Esto no es s\u00f3lo un desechable, es una experiencia de vapeo premium. La potencia ajustable te da el control. El indicador de potencia y aceite te da informaci\u00f3n. Y la alta capacidad de calada significa menos reemplazos y m\u00e1s valor. Ya sea por el sabor, la flexibilidad o el rendimiento puro, el Bang 32000 lo tiene todo.<\/p>","protected":false},"excerpt":{"rendered":"<p>Bang 32000 Puffs Vape con 32ML e-liquid, bobinas duales de malla de 0,5\u03a9, potencia ajustable y una pantalla completa de aceite y bater\u00eda. Recargable. 12 sabores disponibles.<\/p>","protected":false},"featured_media":219,"comment_status":"open","ping_status":"closed","template":"","meta":{"_acf_changed":false,"bwfblock_default_font":""},"product_brand":[],"product_cat":[17],"product_tag":[41,268,20],"class_list":{"0":"post-103","1":"product","2":"type-product","3":"status-publish","4":"has-post-thumbnail","6":"product_cat-bang-vapes","7":"product_tag-32k-puffs","8":"product_tag-mouth-to-lung","9":"product_tag-smart-screen","11":"first","12":"instock","13":"sale","14":"shipping-taxable","15":"purchasable","16":"product-type-variable"},"acf":[],"_links":{"self":[{"href":"https:\/\/bangvapeofficial.com\/es\/wp-json\/wp\/v2\/product\/103","targetHints":{"allow":["GET"]}}],"collection":[{"href":"https:\/\/bangvapeofficial.com\/es\/wp-json\/wp\/v2\/product"}],"about":[{"href":"https:\/\/bangvapeofficial.com\/es\/wp-json\/wp\/v2\/types\/product"}],"replies":[{"embeddable":true,"href":"https:\/\/bangvapeofficial.com\/es\/wp-json\/wp\/v2\/comments?post=103"}],"wp:featuredmedia":[{"embeddable":true,"href":"https:\/\/bangvapeofficial.com\/es\/wp-json\/wp\/v2\/media\/219"}],"wp:attachment":[{"href":"https:\/\/bangvapeofficial.com\/es\/wp-json\/wp\/v2\/media?parent=103"}],"wp:term":[{"taxonomy":"product_brand","embeddable":true,"href":"https:\/\/bangvapeofficial.com\/es\/wp-json\/wp\/v2\/product_brand?post=103"},{"taxonomy":"product_cat","embeddable":true,"href":"https:\/\/bangvapeofficial.com\/es\/wp-json\/wp\/v2\/product_cat?post=103"},{"taxonomy":"product_tag","embeddable":true,"href":"https:\/\/bangvapeofficial.com\/es\/wp-json\/wp\/v2\/product_tag?post=103"}],"curies":[{"name":"wp","href":"https:\/\/api.w.org\/{rel}","templated":true}]}}