{"id":104,"date":"2025-09-28T09:08:47","date_gmt":"2025-09-28T09:08:47","guid":{"rendered":"https:\/\/bangvapeofficial.com\/?post_type=product&#038;p=104"},"modified":"2025-10-05T09:23:49","modified_gmt":"2025-10-05T09:23:49","slug":"bang-36000-power","status":"publish","type":"product","link":"https:\/\/bangvapeofficial.com\/es\/producto\/bang-36000-power\/","title":{"rendered":"Bang 36000 Power: el vapeador de alta capacidad m\u00e1s inteligente hasta la fecha"},"content":{"rendered":"<h2>Bang 36000 Potencia<\/h2>\n<h3>36,000 Puffs | 36ML E-Liquid | Control T\u00e1ctil | Pantalla Completa | Modos de Potencia Ajustable<\/h3>\n<p>Cansado de los vaporizadores desechables que se secan demasiado r\u00e1pido, dan caladas d\u00e9biles o no siguen tu ritmo, te presentamos el Bang 36000 Power. Dise\u00f1ado para vapeadores serios, este dispositivo combina tecnolog\u00eda de \u00faltima generaci\u00f3n, gran capacidad de calada y rendimiento personalizable en un cuerpo elegante con control t\u00e1ctil. Tanto si est\u00e1s en modo fr\u00edo como si buscas un sabor intenso, este vapeador se ajusta a tu ritmo, sin compromisos.<\/p>\n<p><img loading=\"lazy\" decoding=\"async\" class=\"alignnone size-full wp-image-3243\" src=\"https:\/\/bangvapeofficial.com\/wp-content\/uploads\/2025\/09\/Bang-36000-Power.webp\" width=\"1180\" height=\"1950\" alt=\"Bang-36000-Power\" title=\"Bang-36000-Power\" srcset=\"https:\/\/bangvapeofficial.com\/wp-content\/uploads\/2025\/09\/Bang-36000-Power.webp 1180w, https:\/\/bangvapeofficial.com\/wp-content\/uploads\/2025\/09\/Bang-36000-Power-182x300.webp 182w, https:\/\/bangvapeofficial.com\/wp-content\/uploads\/2025\/09\/Bang-36000-Power-620x1024.webp 620w, https:\/\/bangvapeofficial.com\/wp-content\/uploads\/2025\/09\/Bang-36000-Power-768x1269.webp 768w, https:\/\/bangvapeofficial.com\/wp-content\/uploads\/2025\/09\/Bang-36000-Power-929x1536.webp 929w, https:\/\/bangvapeofficial.com\/wp-content\/uploads\/2025\/09\/Bang-36000-Power-600x992.webp 600w\" sizes=\"auto, (max-width: 1180px) 100vw, 1180px\" \/><\/p>\n<h3>Caracter\u00edsticas principales<\/h3>\n<ul>\n<li>36.000 caladas - Dise\u00f1ado para resistir. Vapea m\u00e1s, recarga menos.<\/li>\n<li>E-l\u00edquido precargado de 36mL - No necesita recargas. Simplemente disfruta del viaje.<\/li>\n<li>Panel de control t\u00e1ctil: despl\u00e1zate f\u00e1cilmente por los ajustes.<\/li>\n<li>Modos de potencia personalizables: P1 (Baja), P2 (Media), P3 (Alta) para una intensidad a medida<\/li>\n<li>Visualizaci\u00f3n en pantalla completa: vea el recuento de caladas, el nivel de energ\u00eda, la bater\u00eda y el nivel de aceite en tiempo real<\/li>\n<li>Bater\u00eda recargable de 650mAh - Carga r\u00e1pida Tipo-C para entregas r\u00e1pidas<\/li>\n<li>Funciones de seguridad inteligentes: incluye protecci\u00f3n contra sobrecarga, cortocircuito y baja tensi\u00f3n.<\/li>\n<li>Sistema Draw-Activated: inhala y listo, sin botones ni configuraci\u00f3n.<\/li>\n<\/ul>\n<h3>Sabores populares<\/h3>\n<ul>\n<li>Melocot\u00f3n Mango Sand\u00eda<\/li>\n<li>Hielo de uva<\/li>\n<li>Fresa Pl\u00e1tano<\/li>\n<li>Hielo de sand\u00eda<\/li>\n<li>Triple baya<\/li>\n<li>Hielo del Drag\u00f3n Negro<em>(...\u00a1y m\u00e1s!)<\/em><\/li>\n<\/ul>\n<h3>\u00bfPor qu\u00e9 elegir la Bang 36000 Power?<\/h3>\n<p>Si usted es un vapeador pesado o simplemente odia ser interrumpido por bater\u00edas agotadas y sabor d\u00e9bil, el Bang 36000 Power le da el control total. Con estad\u00edsticas en tiempo real, salida personalizable y una longevidad sin igual, es el sistema de vapeo inteligente definitivo, todo en un dispositivo elegante y sensible.<\/p>\n<h2><\/h2>","protected":false},"excerpt":{"rendered":"<p class=\"\" data-start=\"2151\" data-end=\"2316\">Bang 36000 Power ofrece 36K caladas, 36mL de e-l\u00edquido, potencia ajustable (P1\/P2\/P3), pantalla completa y funciones de seguridad inteligentes. Carga tipo C. Vape con control t\u00e1ctil.<\/p>","protected":false},"featured_media":2686,"comment_status":"open","ping_status":"closed","template":"","meta":{"_acf_changed":false,"bwfblock_default_font":""},"product_brand":[],"product_cat":[17],"product_tag":[30,42,268,20],"class_list":{"0":"post-104","1":"product","2":"type-product","3":"status-publish","4":"has-post-thumbnail","6":"product_cat-bang-vapes","7":"product_tag-36k-puffs","8":"product_tag-hugo-vapor","9":"product_tag-mouth-to-lung","10":"product_tag-smart-screen","12":"first","13":"instock","14":"sale","15":"shipping-taxable","16":"purchasable","17":"product-type-variable"},"acf":[],"_links":{"self":[{"href":"https:\/\/bangvapeofficial.com\/es\/wp-json\/wp\/v2\/product\/104","targetHints":{"allow":["GET"]}}],"collection":[{"href":"https:\/\/bangvapeofficial.com\/es\/wp-json\/wp\/v2\/product"}],"about":[{"href":"https:\/\/bangvapeofficial.com\/es\/wp-json\/wp\/v2\/types\/product"}],"replies":[{"embeddable":true,"href":"https:\/\/bangvapeofficial.com\/es\/wp-json\/wp\/v2\/comments?post=104"}],"wp:featuredmedia":[{"embeddable":true,"href":"https:\/\/bangvapeofficial.com\/es\/wp-json\/wp\/v2\/media\/2686"}],"wp:attachment":[{"href":"https:\/\/bangvapeofficial.com\/es\/wp-json\/wp\/v2\/media?parent=104"}],"wp:term":[{"taxonomy":"product_brand","embeddable":true,"href":"https:\/\/bangvapeofficial.com\/es\/wp-json\/wp\/v2\/product_brand?post=104"},{"taxonomy":"product_cat","embeddable":true,"href":"https:\/\/bangvapeofficial.com\/es\/wp-json\/wp\/v2\/product_cat?post=104"},{"taxonomy":"product_tag","embeddable":true,"href":"https:\/\/bangvapeofficial.com\/es\/wp-json\/wp\/v2\/product_tag?post=104"}],"curies":[{"name":"wp","href":"https:\/\/api.w.org\/{rel}","templated":true}]}}