{"id":105,"date":"2025-09-28T09:08:48","date_gmt":"2025-09-28T09:08:48","guid":{"rendered":"https:\/\/bangvapeofficial.com\/?post_type=product&#038;p=105"},"modified":"2025-10-05T09:23:47","modified_gmt":"2025-10-05T09:23:47","slug":"bang-36000-ice-level-adjustable-cool-unmatched-power","status":"publish","type":"product","link":"https:\/\/bangvapeofficial.com\/es\/producto\/bang-36000-ice-level-adjustable-cool-unmatched-power\/","title":{"rendered":"Bang 36000 Ice Level - Fr\u00edo ajustable, potencia inigualable"},"content":{"rendered":"<h2>Bang 36000 Nivel de hielo<\/h2>\n<h3>36,000 Puffs | Control de Hielo Ajustable | 36mL E-Liquid | Bater\u00eda 850mAh<\/h3>\n<p>\u00bfCansado de los vaporizadores que no pueden mantener el ritmo? El Bang 36000 Ice Level est\u00e1 aqu\u00ed para cambiar las reglas del juego. Dise\u00f1ado para los vapeadores que exigen potencia, control y personalizaci\u00f3n, este dispositivo le permite ajustar la intensidad de enfriamiento para que coincida con su estado de \u00e1nimo. Y con 36.000 caladas, un enorme tanque de e-l\u00edquido de 36mL, y una bater\u00eda recargable de larga duraci\u00f3n de 850mAh, puedes disfrutar de sabores suaves y audaces todo el d\u00eda, todos los d\u00edas, sin compromiso.<\/p>\n<p><img loading=\"lazy\" decoding=\"async\" class=\"alignnone size-full wp-image-3242\" src=\"https:\/\/bangvapeofficial.com\/wp-content\/uploads\/2025\/09\/Bang-36000-Ice-Level-.webp\" width=\"1180\" height=\"1950\" alt=\"Bang-36000-Ice-Level-\" title=\"Bang-36000-Ice-Level-\" srcset=\"https:\/\/bangvapeofficial.com\/wp-content\/uploads\/2025\/09\/Bang-36000-Ice-Level-.webp 1180w, https:\/\/bangvapeofficial.com\/wp-content\/uploads\/2025\/09\/Bang-36000-Ice-Level--182x300.webp 182w, https:\/\/bangvapeofficial.com\/wp-content\/uploads\/2025\/09\/Bang-36000-Ice-Level--620x1024.webp 620w, https:\/\/bangvapeofficial.com\/wp-content\/uploads\/2025\/09\/Bang-36000-Ice-Level--768x1269.webp 768w, https:\/\/bangvapeofficial.com\/wp-content\/uploads\/2025\/09\/Bang-36000-Ice-Level--929x1536.webp 929w, https:\/\/bangvapeofficial.com\/wp-content\/uploads\/2025\/09\/Bang-36000-Ice-Level--600x992.webp 600w\" sizes=\"auto, (max-width: 1180px) 100vw, 1180px\" \/><\/p>\n<h3>Caracter\u00edsticas principales<\/h3>\n<ul>\n<li>Nivel de hielo ajustable: personaliza el fr\u00edo de sutil a intenso<\/li>\n<li>36.000 inhalaciones: capacidad l\u00edder en el sector para un uso prolongado<\/li>\n<li>36mL E-L\u00edquido Volumen - Cero recargas, s\u00f3lo puro sabor<\/li>\n<li>Bater\u00eda Type-C de 850 mAh: rec\u00e1rgala r\u00e1pidamente y vapea m\u00e1s tiempo<\/li>\n<li>Opciones de nicotina - Disponible en concentraciones 0%, 2%, 3% y 5%<\/li>\n<li>Activado por dibujo: no requiere botones ni configuraci\u00f3n<\/li>\n<\/ul>\n<h3>\u00bfPor qu\u00e9 elegir Bang 36000 Ice Level?<\/h3>\n<ul>\n<li>Toma el control con la refrigeraci\u00f3n regulable<\/li>\n<li>Disfruta de largas sesiones sin preocuparte por las recargas o la carga<\/li>\n<li>Adapta tu dosis de nicotina a tu estilo de vida<\/li>\n<li>Ideal tanto para principiantes como para vapeadores experimentados<\/li>\n<\/ul>\n<h3>Las mejores opciones de sabor son<\/h3>\n<ol>\n<li>Hielo de sand\u00eda - Crujiente y refrescante<\/li>\n<li>Fresa Helada - Fresco y afrutado<\/li>\n<li>Triple Berry - Atrevido y jugoso<\/li>\n<li>Love 66 - Ex\u00f3tico, arom\u00e1tico y profundamente satisfactorio<em>(M\u00e1s sabores disponibles en la tienda)<\/em><\/li>\n<\/ol>","protected":false},"excerpt":{"rendered":"<p class=\"\" data-start=\"2003\" data-end=\"2172\">Bang 36000 Ice Level ofrece 36.000 caladas, 36mL de e-l\u00edquido, refrigeraci\u00f3n por hielo ajustable, bater\u00eda recargable Tipo-C de 850mAh y opciones de nicotina 0-5%. Puro vapeo personalizable.<\/p>","protected":false},"featured_media":2685,"comment_status":"open","ping_status":"closed","template":"","meta":{"_acf_changed":false,"bwfblock_default_font":""},"product_brand":[],"product_cat":[17],"product_tag":[30,36,267,268,20],"class_list":{"0":"post-105","1":"product","2":"type-product","3":"status-publish","4":"has-post-thumbnail","6":"product_cat-bang-vapes","7":"product_tag-36k-puffs","8":"product_tag-hugo-vapor-shisha","9":"product_tag-ice-level-adjustment","10":"product_tag-mouth-to-lung","11":"product_tag-smart-screen","13":"first","14":"instock","15":"sale","16":"shipping-taxable","17":"purchasable","18":"product-type-variable"},"acf":[],"_links":{"self":[{"href":"https:\/\/bangvapeofficial.com\/es\/wp-json\/wp\/v2\/product\/105","targetHints":{"allow":["GET"]}}],"collection":[{"href":"https:\/\/bangvapeofficial.com\/es\/wp-json\/wp\/v2\/product"}],"about":[{"href":"https:\/\/bangvapeofficial.com\/es\/wp-json\/wp\/v2\/types\/product"}],"replies":[{"embeddable":true,"href":"https:\/\/bangvapeofficial.com\/es\/wp-json\/wp\/v2\/comments?post=105"}],"wp:featuredmedia":[{"embeddable":true,"href":"https:\/\/bangvapeofficial.com\/es\/wp-json\/wp\/v2\/media\/2685"}],"wp:attachment":[{"href":"https:\/\/bangvapeofficial.com\/es\/wp-json\/wp\/v2\/media?parent=105"}],"wp:term":[{"taxonomy":"product_brand","embeddable":true,"href":"https:\/\/bangvapeofficial.com\/es\/wp-json\/wp\/v2\/product_brand?post=105"},{"taxonomy":"product_cat","embeddable":true,"href":"https:\/\/bangvapeofficial.com\/es\/wp-json\/wp\/v2\/product_cat?post=105"},{"taxonomy":"product_tag","embeddable":true,"href":"https:\/\/bangvapeofficial.com\/es\/wp-json\/wp\/v2\/product_tag?post=105"}],"curies":[{"name":"wp","href":"https:\/\/api.w.org\/{rel}","templated":true}]}}