{"id":106,"date":"2025-09-28T09:08:49","date_gmt":"2025-09-28T09:08:49","guid":{"rendered":"https:\/\/bangvapeofficial.com\/?post_type=product&#038;p=106"},"modified":"2025-10-05T07:06:41","modified_gmt":"2025-10-05T07:06:41","slug":"bang-30k-pro-disposable-vape-30000","status":"publish","type":"product","link":"https:\/\/bangvapeofficial.com\/es\/producto\/bang-30k-pro-disposable-vape-30000\/","title":{"rendered":"Bang 30K Pro vapeador desechable - 30.000 caladas | Potencia Sabor Dual"},"content":{"rendered":"<h2>Bang 30K Pro Vape Desechable Dos Sabores. Un dispositivo. Satisfacci\u00f3n sin fin.<\/h2>\n<p>Presentamos el Bang 30K Pro, un vapeador desechable de alto rendimiento dise\u00f1ado para los vapeadores que quieren el m\u00e1ximo n\u00famero de caladas, una variedad de sabores intercambiables y un dise\u00f1o elegante y de bolsillo. Con hasta 30.000 caladas y un sistema de doble sabor, este dispositivo te permite cambiar de sabor cuando lo necesites, haciendo que cada sesi\u00f3n sea fresca, sabrosa y personalizada.<\/p>\n<h3>Caracter\u00edsticas principales<\/h3>\n<ul>\n<li>30.000 puff de capacidad: uso prolongado sin sustituciones frecuentes<\/li>\n<li>Sistema Dual-Flavor - Alterna sin esfuerzo entre dos sabores en un solo dispositivo.<\/li>\n<li>Bater\u00eda recargable de 550 mAh: carga r\u00e1pida tipo C para una potencia constante<\/li>\n<li>36mL E-L\u00edquido Total - Generosamente lleno para una satisfacci\u00f3n duradera<\/li>\n<li>Opciones de nicotina: 0%, 2%, 3%, 5% - Adapta tu dosis a tus necesidades<\/li>\n<li>Dise\u00f1o ergon\u00f3mico y elegante: fino, vibrante y pensado para llevarlo encima<\/li>\n<\/ul>\n<p><img loading=\"lazy\" decoding=\"async\" class=\"alignnone size-full wp-image-3257\" src=\"https:\/\/bangvapeofficial.com\/wp-content\/uploads\/2025\/09\/Bang-30K-Pro-Disposable-Vape-4.webp\" width=\"1000\" height=\"2450\" alt=\"Bang-30K-Pro-Vapor desechable-4\" title=\"Bang-30K-Pro-Vapor desechable-4\" srcset=\"https:\/\/bangvapeofficial.com\/wp-content\/uploads\/2025\/09\/Bang-30K-Pro-Disposable-Vape-4.webp 1000w, https:\/\/bangvapeofficial.com\/wp-content\/uploads\/2025\/09\/Bang-30K-Pro-Disposable-Vape-4-122x300.webp 122w, https:\/\/bangvapeofficial.com\/wp-content\/uploads\/2025\/09\/Bang-30K-Pro-Disposable-Vape-4-418x1024.webp 418w, https:\/\/bangvapeofficial.com\/wp-content\/uploads\/2025\/09\/Bang-30K-Pro-Disposable-Vape-4-768x1882.webp 768w, https:\/\/bangvapeofficial.com\/wp-content\/uploads\/2025\/09\/Bang-30K-Pro-Disposable-Vape-4-627x1536.webp 627w, https:\/\/bangvapeofficial.com\/wp-content\/uploads\/2025\/09\/Bang-30K-Pro-Disposable-Vape-4-836x2048.webp 836w, https:\/\/bangvapeofficial.com\/wp-content\/uploads\/2025\/09\/Bang-30K-Pro-Disposable-Vape-4-600x1470.webp 600w\" sizes=\"auto, (max-width: 1000px) 100vw, 1000px\" \/><\/p>\n<h3>\u00bfPor qu\u00e9 elegir Bang 30K Pro?<\/h3>\n<p>Tanto si eres un usuario avanzado como si te est\u00e1s iniciando en el vapeo, el Bang 30K Pro te ofrece un valor inigualable. La funcionalidad de doble sabor permite la rotaci\u00f3n de sabor a mitad de la sesi\u00f3n, mientras que el dise\u00f1o recargable y el gran volumen de l\u00edquido te mantienen m\u00e1s tiempo con menos tiempo de inactividad. Sus concentraciones de nicotina personalizables garantizan una configuraci\u00f3n perfecta para cada vapeador.<\/p>","protected":false},"excerpt":{"rendered":"<p class=\"\" data-start=\"1717\" data-end=\"1881\">Bang 30K Pro ofrece 30.000 caladas con cambio de sabor dual, 36mL de e-l\u00edquido y una bater\u00eda recargable de 550mAh. Disfruta de dos sabores en un vaporizador elegante y de gran capacidad.<\/p>","protected":false},"featured_media":2681,"comment_status":"open","ping_status":"closed","template":"","meta":{"_acf_changed":false,"bwfblock_default_font":""},"product_brand":[],"product_cat":[17],"product_tag":[274,24,22,268,20],"class_list":{"0":"post-106","1":"product","2":"type-product","3":"status-publish","4":"has-post-thumbnail","6":"product_cat-bang-vapes","7":"product_tag-2-in-1","8":"product_tag-30k-puffs","9":"product_tag-hot-selling","10":"product_tag-mouth-to-lung","11":"product_tag-smart-screen","13":"first","14":"instock","15":"sale","16":"shipping-taxable","17":"purchasable","18":"product-type-variable"},"acf":[],"_links":{"self":[{"href":"https:\/\/bangvapeofficial.com\/es\/wp-json\/wp\/v2\/product\/106","targetHints":{"allow":["GET"]}}],"collection":[{"href":"https:\/\/bangvapeofficial.com\/es\/wp-json\/wp\/v2\/product"}],"about":[{"href":"https:\/\/bangvapeofficial.com\/es\/wp-json\/wp\/v2\/types\/product"}],"replies":[{"embeddable":true,"href":"https:\/\/bangvapeofficial.com\/es\/wp-json\/wp\/v2\/comments?post=106"}],"wp:featuredmedia":[{"embeddable":true,"href":"https:\/\/bangvapeofficial.com\/es\/wp-json\/wp\/v2\/media\/2681"}],"wp:attachment":[{"href":"https:\/\/bangvapeofficial.com\/es\/wp-json\/wp\/v2\/media?parent=106"}],"wp:term":[{"taxonomy":"product_brand","embeddable":true,"href":"https:\/\/bangvapeofficial.com\/es\/wp-json\/wp\/v2\/product_brand?post=106"},{"taxonomy":"product_cat","embeddable":true,"href":"https:\/\/bangvapeofficial.com\/es\/wp-json\/wp\/v2\/product_cat?post=106"},{"taxonomy":"product_tag","embeddable":true,"href":"https:\/\/bangvapeofficial.com\/es\/wp-json\/wp\/v2\/product_tag?post=106"}],"curies":[{"name":"wp","href":"https:\/\/api.w.org\/{rel}","templated":true}]}}