{"id":109,"date":"2025-09-28T09:08:52","date_gmt":"2025-09-28T09:08:52","guid":{"rendered":"https:\/\/bangvapeofficial.com\/?post_type=product&#038;p=109"},"modified":"2025-10-05T09:23:52","modified_gmt":"2025-10-05T09:23:52","slug":"bang-king-shisha-25000","status":"publish","type":"product","link":"https:\/\/bangvapeofficial.com\/es\/producto\/bang-king-shisha-25000\/","title":{"rendered":"Bang King Shisha 25000 - La mejor experiencia de fumada"},"content":{"rendered":"<h2>Bang King Shisha 25000<\/h2>\n<h3>25,000 Puffs | 30mL E-Liquid | Recargable Tipo-C | Sabor Shisha Premium<\/h3>\n<p>\u00bfCansado de que tu vape se acabe demasiado pronto? Disfruta de una sesi\u00f3n de vapeo m\u00e1s larga y rica con la Bang King Shisha 25000. Dise\u00f1ado para los amantes de la shisha que buscan un sabor intenso y resistencia, este dispositivo ofrece hasta 25.000 caladas con 30 ml de e-l\u00edquido y una bater\u00eda recargable de 650 mAh, sin recargas ni interrupciones.<\/p>\n<h3>Caracter\u00edsticas principales<\/h3>\n<ul>\n<li>Capacidad para 25.000 soplidos - Dise\u00f1ada para la longevidad y la satisfacci\u00f3n<\/li>\n<li>E-l\u00edquido precargado de 30 ml - M\u00e1s zumo significa menos interrupciones<\/li>\n<li>Bater\u00eda recargable Type-C de 650 mAh: carga r\u00e1pida para un rendimiento ininterrumpido<\/li>\n<li>Sabores inspirados en la shisha: 12 opciones premium como Vimto Bull, Menta Lim\u00f3n y Sand\u00eda Helada.<\/li>\n<li>Port\u00e1til y elegante: dise\u00f1o compacto y elegante para llevar a diario<\/li>\n<li>Draw-Activated - Sin botones, sin configuraci\u00f3n - s\u00f3lo vapear<\/li>\n<\/ul>\n<p><img loading=\"lazy\" decoding=\"async\" class=\"alignnone size-full wp-image-3239\" src=\"https:\/\/bangvapeofficial.com\/wp-content\/uploads\/2025\/09\/Bang-King-Shisha-25000-3.webp\" width=\"1060\" height=\"1908\" alt=\"Bang-King-Shisha-25000-3\" title=\"Bang-King-Shisha-25000-3\" srcset=\"https:\/\/bangvapeofficial.com\/wp-content\/uploads\/2025\/09\/Bang-King-Shisha-25000-3.webp 1060w, https:\/\/bangvapeofficial.com\/wp-content\/uploads\/2025\/09\/Bang-King-Shisha-25000-3-167x300.webp 167w, https:\/\/bangvapeofficial.com\/wp-content\/uploads\/2025\/09\/Bang-King-Shisha-25000-3-569x1024.webp 569w, https:\/\/bangvapeofficial.com\/wp-content\/uploads\/2025\/09\/Bang-King-Shisha-25000-3-768x1382.webp 768w, https:\/\/bangvapeofficial.com\/wp-content\/uploads\/2025\/09\/Bang-King-Shisha-25000-3-853x1536.webp 853w, https:\/\/bangvapeofficial.com\/wp-content\/uploads\/2025\/09\/Bang-King-Shisha-25000-3-600x1080.webp 600w\" sizes=\"auto, (max-width: 1060px) 100vw, 1060px\" \/><\/p>\n<h3>Sabores disponibles<\/h3>\n<ol>\n<li>Toro Vimto<\/li>\n<li>Shisha Lim\u00f3n Menta<\/li>\n<li>Hielo de sand\u00eda<\/li>\n<li>Hielo de uva<\/li>\n<li>Menta con ar\u00e1ndanos<\/li>\n<li>Manzana doble<\/li>\n<li>Mango Ice<\/li>\n<li>Frutas variadas<\/li>\n<li>Cola Ice<\/li>\n<li>Baya de lichi<\/li>\n<li>Sand\u00eda con fresa<\/li>\n<li>Hielo exuberante<\/li>\n<\/ol>\n<h3>\u00bfPor qu\u00e9 elegir Bang King Shisha 25000?<\/h3>\n<p>Este no es un vaporizador normal. El Bang King Shisha 25000 est\u00e1 hecho para los aficionados a la shisha que exigen grandes nubes, sabor intenso y fiabilidad durante todo el d\u00eda. Con un rendimiento de larga duraci\u00f3n y una l\u00ednea de sabores inspirada en las mezclas tradicionales de shisha, es tu elecci\u00f3n para sesiones m\u00e1s profundas y suaves, en cualquier momento y en cualquier lugar.<\/p>","protected":false},"excerpt":{"rendered":"<p>Bang King Shisha 25000 ofrece hasta 25.000 caladas con 30mL de e-l\u00edquido, sabores inspirados en la shisha y una bater\u00eda recargable de 650mAh. Suave, duradero y sabroso.<\/p>","protected":false},"featured_media":257,"comment_status":"open","ping_status":"closed","template":"","meta":{"_acf_changed":false,"bwfblock_default_font":""},"product_brand":[],"product_cat":[17],"product_tag":[48,39,34,42,45,268,20],"class_list":{"0":"post-109","1":"product","2":"type-product","3":"status-publish","4":"has-post-thumbnail","6":"product_cat-bang-vapes","7":"product_tag-25k-puffs","8":"product_tag-airflow-dtl","9":"product_tag-direct-to-lung-dtl","10":"product_tag-hugo-vapor","11":"product_tag-leather-with-screen","12":"product_tag-mouth-to-lung","13":"product_tag-smart-screen","15":"first","16":"instock","17":"sale","18":"shipping-taxable","19":"purchasable","20":"product-type-variable"},"acf":[],"_links":{"self":[{"href":"https:\/\/bangvapeofficial.com\/es\/wp-json\/wp\/v2\/product\/109","targetHints":{"allow":["GET"]}}],"collection":[{"href":"https:\/\/bangvapeofficial.com\/es\/wp-json\/wp\/v2\/product"}],"about":[{"href":"https:\/\/bangvapeofficial.com\/es\/wp-json\/wp\/v2\/types\/product"}],"replies":[{"embeddable":true,"href":"https:\/\/bangvapeofficial.com\/es\/wp-json\/wp\/v2\/comments?post=109"}],"wp:featuredmedia":[{"embeddable":true,"href":"https:\/\/bangvapeofficial.com\/es\/wp-json\/wp\/v2\/media\/257"}],"wp:attachment":[{"href":"https:\/\/bangvapeofficial.com\/es\/wp-json\/wp\/v2\/media?parent=109"}],"wp:term":[{"taxonomy":"product_brand","embeddable":true,"href":"https:\/\/bangvapeofficial.com\/es\/wp-json\/wp\/v2\/product_brand?post=109"},{"taxonomy":"product_cat","embeddable":true,"href":"https:\/\/bangvapeofficial.com\/es\/wp-json\/wp\/v2\/product_cat?post=109"},{"taxonomy":"product_tag","embeddable":true,"href":"https:\/\/bangvapeofficial.com\/es\/wp-json\/wp\/v2\/product_tag?post=109"}],"curies":[{"name":"wp","href":"https:\/\/api.w.org\/{rel}","templated":true}]}}