{"id":111,"date":"2025-09-28T09:08:54","date_gmt":"2025-09-28T09:08:54","guid":{"rendered":"https:\/\/bangvapeofficial.com\/?post_type=product&#038;p=111"},"modified":"2025-10-05T06:50:19","modified_gmt":"2025-10-05T06:50:19","slug":"bang-king-25000-disposable-vape","status":"publish","type":"product","link":"https:\/\/bangvapeofficial.com\/es\/producto\/bang-king-25000-disposable-vape\/","title":{"rendered":"Bang King 25000 cigarrillo electr\u00f3nico desechable - Pod Dual, 25K Puff Power"},"content":{"rendered":"<h2>Bang King 25000 Vape desechable<\/h2>\n<h3>M\u00e1ximo sabor. M\u00e1xima comodidad.<\/h3>\n<p>El Bang King 25000 es un vapeador desechable de \u00faltima generaci\u00f3n dise\u00f1ado para ofrecer rendimiento, portabilidad y pura satisfacci\u00f3n. Con hasta 25.000 caladas, una enorme capacidad de 46 ml de e-l\u00edquido y una potente bater\u00eda recargable Type-C de 650 mAh, est\u00e1 dise\u00f1ado para ofrecer una experiencia perfecta dondequiera que vaya. Gracias al sistema de doble vaina, puedes cambiar de sabor al instante y prolongar tus sesiones sin perder el ritmo.<\/p>\n<h3>Caracter\u00edsticas principales<\/h3>\n<ul>\n<li>Capacidad para 25.000 caladas: dos c\u00e1psulas de 12.500 caladas para un uso prolongado.<\/li>\n<li>E-l\u00edquido total de 46 ml - Volumen masivo para vapear sin parar<\/li>\n<li>Opciones de nicotina: 0%, 2%, 3%, 5% - Elija su potencia preferida<\/li>\n<li>Bater\u00eda recargable de 650 mAh: la carga tipo C garantiza un encendido r\u00e1pido<\/li>\n<li>Bobina de malla de 1,0\u03a9 con flujo de aire ajustable: rendimiento DTL equilibrado y control del sabor.<\/li>\n<li>Dise\u00f1o Dual Pod - Intercambia sabores instant\u00e1neamente con dos pods precargados<\/li>\n<li>Elegante y port\u00e1til: acabado vibrante, ajuste ergon\u00f3mico y perfil de bolsillo.<\/li>\n<\/ul>\n<p><img loading=\"lazy\" decoding=\"async\" class=\"alignnone size-full wp-image-3237\" src=\"https:\/\/bangvapeofficial.com\/wp-content\/uploads\/2025\/09\/Bang-King-25000-Disposable-Vape.webp\" width=\"800\" height=\"800\" alt=\"Bang-King-25000-Disposable-Vape\" title=\"Bang-King-25000-Disposable-Vape\" srcset=\"https:\/\/bangvapeofficial.com\/wp-content\/uploads\/2025\/09\/Bang-King-25000-Disposable-Vape.webp 800w, https:\/\/bangvapeofficial.com\/wp-content\/uploads\/2025\/09\/Bang-King-25000-Disposable-Vape-300x300.webp 300w, https:\/\/bangvapeofficial.com\/wp-content\/uploads\/2025\/09\/Bang-King-25000-Disposable-Vape-150x150.webp 150w, https:\/\/bangvapeofficial.com\/wp-content\/uploads\/2025\/09\/Bang-King-25000-Disposable-Vape-768x768.webp 768w, https:\/\/bangvapeofficial.com\/wp-content\/uploads\/2025\/09\/Bang-King-25000-Disposable-Vape-600x600.webp 600w, https:\/\/bangvapeofficial.com\/wp-content\/uploads\/2025\/09\/Bang-King-25000-Disposable-Vape-100x100.webp 100w, https:\/\/bangvapeofficial.com\/wp-content\/uploads\/2025\/09\/Bang-King-25000-Disposable-Vape-50x50.webp 50w\" sizes=\"auto, (max-width: 800px) 100vw, 800px\" \/><\/p>\n<h3>\u00bfPor qu\u00e9 elegir Bang King 25000?<\/h3>\n<p>Este dispositivo est\u00e1 dise\u00f1ado para los vapeadores que quieren un rendimiento superior sin compromisos. El sistema de doble vaina mejora la flexibilidad, el control de flujo de aire personaliza cada calada, y la gran capacidad de l\u00edquido te mantiene por m\u00e1s tiempo. Ya sea que est\u00e9s persiguiendo nubes o buscando reducir la nicotina, el Bang King 25000 te da opciones y proporciona una satisfacci\u00f3n constante.<\/p>","protected":false},"excerpt":{"rendered":"<p>Bang King 25000 Vape desechable cuenta con vainas duales de 12.500 puff, 46mL e-l\u00edquido, una bobina de malla con control de flujo de aire, y una bater\u00eda de 650mAh. Recargable tipo C. Disponible en nicotina 0%-5%.<\/p>","protected":false},"featured_media":261,"comment_status":"open","ping_status":"closed","template":"","meta":{"_acf_changed":false,"bwfblock_default_font":""},"product_brand":[],"product_cat":[17],"product_tag":[48,50,22,268],"class_list":{"0":"post-111","1":"product","2":"type-product","3":"status-publish","4":"has-post-thumbnail","6":"product_cat-bang-vapes","7":"product_tag-25k-puffs","8":"product_tag-dual-cups","9":"product_tag-hot-selling","10":"product_tag-mouth-to-lung","12":"first","13":"instock","14":"sale","15":"shipping-taxable","16":"purchasable","17":"product-type-variable"},"acf":[],"_links":{"self":[{"href":"https:\/\/bangvapeofficial.com\/es\/wp-json\/wp\/v2\/product\/111","targetHints":{"allow":["GET"]}}],"collection":[{"href":"https:\/\/bangvapeofficial.com\/es\/wp-json\/wp\/v2\/product"}],"about":[{"href":"https:\/\/bangvapeofficial.com\/es\/wp-json\/wp\/v2\/types\/product"}],"replies":[{"embeddable":true,"href":"https:\/\/bangvapeofficial.com\/es\/wp-json\/wp\/v2\/comments?post=111"}],"wp:featuredmedia":[{"embeddable":true,"href":"https:\/\/bangvapeofficial.com\/es\/wp-json\/wp\/v2\/media\/261"}],"wp:attachment":[{"href":"https:\/\/bangvapeofficial.com\/es\/wp-json\/wp\/v2\/media?parent=111"}],"wp:term":[{"taxonomy":"product_brand","embeddable":true,"href":"https:\/\/bangvapeofficial.com\/es\/wp-json\/wp\/v2\/product_brand?post=111"},{"taxonomy":"product_cat","embeddable":true,"href":"https:\/\/bangvapeofficial.com\/es\/wp-json\/wp\/v2\/product_cat?post=111"},{"taxonomy":"product_tag","embeddable":true,"href":"https:\/\/bangvapeofficial.com\/es\/wp-json\/wp\/v2\/product_tag?post=111"}],"curies":[{"name":"wp","href":"https:\/\/api.w.org\/{rel}","templated":true}]}}