{"id":113,"date":"2025-09-28T09:08:55","date_gmt":"2025-09-28T09:08:55","guid":{"rendered":"https:\/\/bangvapeofficial.com\/?post_type=product&#038;p=113"},"modified":"2025-10-05T06:50:14","modified_gmt":"2025-10-05T06:50:14","slug":"bang-tornado-12000-disposable-vape","status":"publish","type":"product","link":"https:\/\/bangvapeofficial.com\/es\/producto\/bang-tornado-12000-disposable-vape\/","title":{"rendered":"Bang Tornado 12000 cigarrillo electr\u00f3nico desechable - Eleva cada calada"},"content":{"rendered":"<h2>Bang Tornado 12000 Vape desechable<\/h2>\n<p>El Bang Tornado 12000 est\u00e1 dise\u00f1ado para los vapeadores que exigen un rendimiento superior, un sabor audaz y una satisfacci\u00f3n duradera. Dise\u00f1ado con la innovaci\u00f3n y la intensidad en mente, este vape desechable ofrece hasta 12.000 caladas, impulsado por un robusto Bang Tornado 12000 Vape desechable - Elevar cada calada y mejorado por la tecnolog\u00eda de bobina de malla para caladas consistentes y suaves.<\/p>\n<h3>Tornado 12000 <strong>Caracter\u00edsticas principales:<\/strong><\/h3>\n<ul>\n<li>Bater\u00eda de alta capacidad de 650 mAh: Recargable mediante Type-C para sesiones ininterrumpidas.<\/li>\n<li>12.000 caladas: Mayor longevidad para que puedas vapear m\u00e1s tiempo sin compromisos.<\/li>\n<li>Sistema de bobina de malla: Garantiza una producci\u00f3n de vapor y un suministro de sabor \u00f3ptimos.<\/li>\n<li>E-l\u00edquido precargado de 20mL: Generosamente lleno para una experiencia rica y duradera.<\/li>\n<li>Potencias de nicotina personalizadas: Elija entre 0%, 2%, 3% o 5% nicotina para adaptarse a su estilo.<\/li>\n<li>Pantalla de luz LED en color: A\u00f1ade estilo a cada calada con una llamativa iluminaci\u00f3n.<\/li>\n<li>Explosi\u00f3n de sabores: Disponible en 20 sensacionales sabores para encender tus papilas gustativas.<\/li>\n<\/ul>\n<p><img loading=\"lazy\" decoding=\"async\" class=\"alignnone size-full wp-image-3256\" src=\"https:\/\/bangvapeofficial.com\/wp-content\/uploads\/2025\/09\/Bang-Tornado-12000-Disposable-Vape.webp\" width=\"2236\" height=\"2560\" alt=\"Bang-Tornado-12000-Vape desechable\" title=\"Bang-Tornado-12000-Vape desechable\" srcset=\"https:\/\/bangvapeofficial.com\/wp-content\/uploads\/2025\/09\/Bang-Tornado-12000-Disposable-Vape.webp 2236w, https:\/\/bangvapeofficial.com\/wp-content\/uploads\/2025\/09\/Bang-Tornado-12000-Disposable-Vape-262x300.webp 262w, https:\/\/bangvapeofficial.com\/wp-content\/uploads\/2025\/09\/Bang-Tornado-12000-Disposable-Vape-894x1024.webp 894w, https:\/\/bangvapeofficial.com\/wp-content\/uploads\/2025\/09\/Bang-Tornado-12000-Disposable-Vape-768x879.webp 768w, https:\/\/bangvapeofficial.com\/wp-content\/uploads\/2025\/09\/Bang-Tornado-12000-Disposable-Vape-1342x1536.webp 1342w, https:\/\/bangvapeofficial.com\/wp-content\/uploads\/2025\/09\/Bang-Tornado-12000-Disposable-Vape-1789x2048.webp 1789w, https:\/\/bangvapeofficial.com\/wp-content\/uploads\/2025\/09\/Bang-Tornado-12000-Disposable-Vape-600x687.webp 600w\" sizes=\"auto, (max-width: 2236px) 100vw, 2236px\" \/><\/p>\n<h3><strong>Sabores disponibles:<\/strong><\/h3>\n<ol>\n<li>Fresa Pl\u00e1tano<\/li>\n<li>Kiwi Fruta de la pasi\u00f3n Guayaba<\/li>\n<li>Fresa Kiwi<\/li>\n<li>Hielo Razz Azul<\/li>\n<li>Manzana \u00e1cida Frambuesa<\/li>\n<li>Sand\u00eda Chicle<\/li>\n<li>Sand\u00eda con fresa<\/li>\n<li>Zumo de fresa<\/li>\n<li>Hielo del Drag\u00f3n Negro<\/li>\n<li>Hielo de sand\u00eda<\/li>\n<li>Hielo de ar\u00e1ndanos<\/li>\n<li>Melocot\u00f3n Mango Sand\u00eda<\/li>\n<li>Hielo de uva<\/li>\n<li>Frutas variadas<\/li>\n<li>Lichi de fresa<\/li>\n<li>Hielo de menta<\/li>\n<li>Sand\u00eda con frambuesa<\/li>\n<li>Fresa helada<\/li>\n<li>Melocot\u00f3n helado<\/li>\n<li>Fresa Mango<\/li>\n<\/ol>\n<h3><strong>\u00bfPor qu\u00e9 elegir la Bang Tornado 12000?<\/strong><\/h3>\n<p>Desata un sabor intenso con cada inhalaci\u00f3n. Si usted est\u00e1 en transici\u00f3n de fumar tradicional o un vaper experimentado en busca de un dispositivo de gran alcance, el Bang Tornado 12000 ofrece el equilibrio perfecto entre rendimiento, personalizaci\u00f3n y variedad de sabores. Sin ajustes complicados. Disfrute de deliciosas y densas nubes en cualquier lugar y en cualquier momento.<\/p>\n<h3><strong>Mejora tu vapeo. Domina la tormenta.<\/strong><\/h3>\n<p>\u00danete a miles de personas que han hecho el cambio. Bang Tornado 12000 no es solo un vapeador desechable, es una revoluci\u00f3n en mano.<\/p>","protected":false},"excerpt":{"rendered":"<p>Bang Tornado 12000 Vape desechable ofrece 12.000 caladas con una bater\u00eda de 650mAh, nicotina personalizable (0%-5%), y m\u00faltiples opciones de sabor. Rendimiento suave en un dise\u00f1o elegante.<\/p>","protected":false},"featured_media":268,"comment_status":"open","ping_status":"closed","template":"","meta":{"_acf_changed":false,"bwfblock_default_font":""},"product_brand":[],"product_cat":[17],"product_tag":[40,22,268,269],"class_list":{"0":"post-113","1":"product","2":"type-product","3":"status-publish","4":"has-post-thumbnail","6":"product_cat-bang-vapes","7":"product_tag-12k-puffs","8":"product_tag-hot-selling","9":"product_tag-mouth-to-lung","10":"product_tag-pen-design","12":"first","13":"instock","14":"sale","15":"shipping-taxable","16":"purchasable","17":"product-type-variable"},"acf":[],"_links":{"self":[{"href":"https:\/\/bangvapeofficial.com\/es\/wp-json\/wp\/v2\/product\/113","targetHints":{"allow":["GET"]}}],"collection":[{"href":"https:\/\/bangvapeofficial.com\/es\/wp-json\/wp\/v2\/product"}],"about":[{"href":"https:\/\/bangvapeofficial.com\/es\/wp-json\/wp\/v2\/types\/product"}],"replies":[{"embeddable":true,"href":"https:\/\/bangvapeofficial.com\/es\/wp-json\/wp\/v2\/comments?post=113"}],"wp:featuredmedia":[{"embeddable":true,"href":"https:\/\/bangvapeofficial.com\/es\/wp-json\/wp\/v2\/media\/268"}],"wp:attachment":[{"href":"https:\/\/bangvapeofficial.com\/es\/wp-json\/wp\/v2\/media?parent=113"}],"wp:term":[{"taxonomy":"product_brand","embeddable":true,"href":"https:\/\/bangvapeofficial.com\/es\/wp-json\/wp\/v2\/product_brand?post=113"},{"taxonomy":"product_cat","embeddable":true,"href":"https:\/\/bangvapeofficial.com\/es\/wp-json\/wp\/v2\/product_cat?post=113"},{"taxonomy":"product_tag","embeddable":true,"href":"https:\/\/bangvapeofficial.com\/es\/wp-json\/wp\/v2\/product_tag?post=113"}],"curies":[{"name":"wp","href":"https:\/\/api.w.org\/{rel}","templated":true}]}}