{"id":114,"date":"2025-09-28T09:08:56","date_gmt":"2025-09-28T09:08:56","guid":{"rendered":"https:\/\/bangvapeofficial.com\/?post_type=product&#038;p=114"},"modified":"2025-10-05T09:23:54","modified_gmt":"2025-10-05T09:23:54","slug":"bang-25000-disposable-vape","status":"publish","type":"product","link":"https:\/\/bangvapeofficial.com\/es\/producto\/bang-25000-disposable-vape\/","title":{"rendered":"Bang 25000 cigarrillo electr\u00f3nico desechable - La Experiencia Vaping Definitiva"},"content":{"rendered":"<h2><strong>Bang 25000 Vape\uff0c desechable<\/strong>Hasta 25.000 bocanadas de puro rendimiento<\/h2>\n<p>Presentamos el Bang 25000 - un vapeador desechable de alta capacidad dise\u00f1ado para una satisfacci\u00f3n duradera. Si usted es un vaper experimentado o cambiar de fumar tradicional, este dispositivo combina comodidad, potencia y sabor en un dise\u00f1o elegante, f\u00e1cil de viajar.<\/p>\n<p><img loading=\"lazy\" decoding=\"async\" class=\"alignnone size-full wp-image-3255\" src=\"https:\/\/bangvapeofficial.com\/wp-content\/uploads\/2025\/09\/Bang-25000-Disposable-Vape.webp\" width=\"1180\" height=\"1950\" alt=\"Bang-25000-Disposable-Vape\" title=\"Bang-25000-Disposable-Vape\" srcset=\"https:\/\/bangvapeofficial.com\/wp-content\/uploads\/2025\/09\/Bang-25000-Disposable-Vape.webp 1180w, https:\/\/bangvapeofficial.com\/wp-content\/uploads\/2025\/09\/Bang-25000-Disposable-Vape-182x300.webp 182w, https:\/\/bangvapeofficial.com\/wp-content\/uploads\/2025\/09\/Bang-25000-Disposable-Vape-620x1024.webp 620w, https:\/\/bangvapeofficial.com\/wp-content\/uploads\/2025\/09\/Bang-25000-Disposable-Vape-768x1269.webp 768w, https:\/\/bangvapeofficial.com\/wp-content\/uploads\/2025\/09\/Bang-25000-Disposable-Vape-929x1536.webp 929w, https:\/\/bangvapeofficial.com\/wp-content\/uploads\/2025\/09\/Bang-25000-Disposable-Vape-600x992.webp 600w\" sizes=\"auto, (max-width: 1180px) 100vw, 1180px\" \/><\/p>\n<h2><strong>Bang 25000 <\/strong><strong>Caracter\u00edsticas principales<\/strong><\/h2>\n<ul>\n<li>25.000 Puff Capacidad<strong>\uff1a<\/strong>\u00a0Una mayor vida \u00fatil significa menos sustituciones y m\u00e1s valor por aparato<\/li>\n<li>E-l\u00edquido precargado de 30mL: Un gran dep\u00f3sito repleto de sabores atrevidos y satisfactorios<\/li>\n<li>Opciones de nicotina personalizadas: Disponible en 0%, 2%, 3% y 5% para adaptarse a las preferencias de cada usuario.<\/li>\n<li>Bater\u00eda recargable de 650 mAh: Rendimiento de larga duraci\u00f3n con carga r\u00e1pida Type-C<\/li>\n<li>Bobina de malla doble (1.0\u03a9)<strong>:<\/strong>\u00a0Mayor producci\u00f3n de vapor y sabor con cada calada<\/li>\n<li>Dise\u00f1o moderno: Compacto, elegante y f\u00e1cil de transportar para vapear sobre la marcha<\/li>\n<li>Pantalla LED: Controla el e-l\u00edquido y la duraci\u00f3n de la bater\u00eda en tiempo real.<\/li>\n<\/ul>\n<h3><strong>Por qu\u00e9 elegir Bang 25000<\/strong><\/h3>\n<p>El Bang 25000 ofrece mucho m\u00e1s que un gran volumen de caladas. Su avanzado sistema de bobina, su generosa capacidad de e-l\u00edquido y sus funciones f\u00e1ciles de usar garantizan una experiencia suave y sabrosa en todo momento. Sin engorrosas recargas ni cambios de bobina, es la elecci\u00f3n perfecta para un rendimiento constante sin complicaciones.<\/p>\n<h3><strong>Variedad de sabores<\/strong><\/h3>\n<p>Elija entre una amplia selecci\u00f3n de los sabores m\u00e1s vendidos, creados tanto para los amantes de los sabores como para los usuarios diarios.1.sand\u00eda ice2.fresa kiwi3.fresa ice4.melocot\u00f3n mango5.ar\u00e1ndano frambuesa6.ar\u00e1ndano menta7.frutas mixtas8.fresa sand\u00eda9.uva ice10.sand\u00eda bubblegum11.ar\u00e1ndano ice12.sangre de tigre<\/p>\n<h3><strong>Perfecto para:<\/strong><\/h3>\n<ul>\n<li>Usuarios diarios de gran volumen<\/li>\n<li>Antiguos fumadores en busca de una alternativa s\u00f3lida<\/li>\n<li>Vapers que prefieren un alto rendimiento sin mantenimiento<\/li>\n<li>Los compradores buscan flexibilidad en la concentraci\u00f3n de nicotina<\/li>\n<li>Vapea m\u00e1s, mejor y durante m\u00e1s tiempo<\/li>\n<\/ul>\n<p>Bang 25000 redefine lo que puede ser un vaporizador desechable. Construido para la resistencia, dise\u00f1ado para el sabor, y hecho para la gente que quiere m\u00e1s de su dispositivo. Experimente la diferencia Bang hoy.<\/p>","protected":false},"excerpt":{"rendered":"<p>Experimenta hasta 25.000 caladas con el Bang 25000 Disposable Vape. Con 30mL de e-l\u00edquido, doble bobina de malla y niveles de nicotina personalizables de 0% a 5%, este dispositivo recargable ofrece un vapeo duradero y de alto rendimiento en un dise\u00f1o elegante y moderno.<\/p>","protected":false},"featured_media":2679,"comment_status":"open","ping_status":"closed","template":"","meta":{"_acf_changed":false,"bwfblock_default_font":""},"product_brand":[],"product_cat":[17],"product_tag":[48,268,20],"class_list":{"0":"post-114","1":"product","2":"type-product","3":"status-publish","4":"has-post-thumbnail","6":"product_cat-bang-vapes","7":"product_tag-25k-puffs","8":"product_tag-mouth-to-lung","9":"product_tag-smart-screen","11":"first","12":"instock","13":"sale","14":"shipping-taxable","15":"purchasable","16":"product-type-variable"},"acf":[],"_links":{"self":[{"href":"https:\/\/bangvapeofficial.com\/es\/wp-json\/wp\/v2\/product\/114","targetHints":{"allow":["GET"]}}],"collection":[{"href":"https:\/\/bangvapeofficial.com\/es\/wp-json\/wp\/v2\/product"}],"about":[{"href":"https:\/\/bangvapeofficial.com\/es\/wp-json\/wp\/v2\/types\/product"}],"replies":[{"embeddable":true,"href":"https:\/\/bangvapeofficial.com\/es\/wp-json\/wp\/v2\/comments?post=114"}],"wp:featuredmedia":[{"embeddable":true,"href":"https:\/\/bangvapeofficial.com\/es\/wp-json\/wp\/v2\/media\/2679"}],"wp:attachment":[{"href":"https:\/\/bangvapeofficial.com\/es\/wp-json\/wp\/v2\/media?parent=114"}],"wp:term":[{"taxonomy":"product_brand","embeddable":true,"href":"https:\/\/bangvapeofficial.com\/es\/wp-json\/wp\/v2\/product_brand?post=114"},{"taxonomy":"product_cat","embeddable":true,"href":"https:\/\/bangvapeofficial.com\/es\/wp-json\/wp\/v2\/product_cat?post=114"},{"taxonomy":"product_tag","embeddable":true,"href":"https:\/\/bangvapeofficial.com\/es\/wp-json\/wp\/v2\/product_tag?post=114"}],"curies":[{"name":"wp","href":"https:\/\/api.w.org\/{rel}","templated":true}]}}