{"id":115,"date":"2025-09-28T09:08:56","date_gmt":"2025-09-28T09:08:56","guid":{"rendered":"https:\/\/bangvapeofficial.com\/?post_type=product&#038;p=115"},"modified":"2025-10-05T07:08:09","modified_gmt":"2025-10-05T07:08:09","slug":"bang-36000-disposable-vape","status":"publish","type":"product","link":"https:\/\/bangvapeofficial.com\/es\/producto\/bang-36000-disposable-vape\/","title":{"rendered":"Bang 36000 cigarrillo electr\u00f3nico desechable - Desata la bestia en cada calada"},"content":{"rendered":"<h2>Bang 36000 Vape desechable<\/h2>\n<h3>Hasta 36.000 caladas de potencia, estilo y satisfacci\u00f3n inigualables<\/h3>\n<p>Presentamos el Bang 36000, un vapeador desechable de \u00faltima generaci\u00f3n dise\u00f1ado para vapeadores atrevidos que buscan el m\u00e1ximo rendimiento, un sabor duradero y un dise\u00f1o inconfundible. Con hasta 36.000 caladas, una bobina de malla de 0,60 \u03a9 y una bater\u00eda recargable de 650 mAh, este dispositivo ofrece una experiencia Direct-to-Lung (DTL) de nivel superior envuelta en una din\u00e1mica est\u00e9tica de fuegos artificiales de ca\u00f1\u00f3n Gatling.<\/p>\n<h3>Caracter\u00edsticas principales<\/h3>\n<ul>\n<li>Capacidad para 36.000 caladas: fabricada para ofrecer resistencia y satisfacci\u00f3n a largo plazo.<\/li>\n<li>Cartucho de E-l\u00edquido de gran capacidad - Reduce las recargas y permite un uso prolongado<\/li>\n<li>Potencias de nicotina personalizables: disponibles en 0%, 2%, 3% y 5% para una satisfacci\u00f3n flexible.<\/li>\n<li>Bater\u00eda recargable de 650 mAh: energ\u00eda de larga duraci\u00f3n con carga r\u00e1pida USB Type-C.<\/li>\n<li>Bobina de malla avanzada de 0,60\u03a9: vapor suave y consistente con una salida de sabor intenso.<\/li>\n<li>Llamativo dise\u00f1o Gatling Gun Fireworks - Atractivo visual de gran impacto para los que vapean alto<\/li>\n<\/ul>\n<h3><img loading=\"lazy\" decoding=\"async\" class=\"alignnone size-full wp-image-3236\" src=\"https:\/\/bangvapeofficial.com\/wp-content\/uploads\/2025\/09\/Bang-36000-Disposable-Vape.webp\" width=\"850\" height=\"2560\" alt=\"Bang-36000-Disposable-Vape\" title=\"Bang-36000-Disposable-Vape\" srcset=\"https:\/\/bangvapeofficial.com\/wp-content\/uploads\/2025\/09\/Bang-36000-Disposable-Vape.webp 850w, https:\/\/bangvapeofficial.com\/wp-content\/uploads\/2025\/09\/Bang-36000-Disposable-Vape-100x300.webp 100w, https:\/\/bangvapeofficial.com\/wp-content\/uploads\/2025\/09\/Bang-36000-Disposable-Vape-340x1024.webp 340w, https:\/\/bangvapeofficial.com\/wp-content\/uploads\/2025\/09\/Bang-36000-Disposable-Vape-768x2313.webp 768w, https:\/\/bangvapeofficial.com\/wp-content\/uploads\/2025\/09\/Bang-36000-Disposable-Vape-510x1536.webp 510w, https:\/\/bangvapeofficial.com\/wp-content\/uploads\/2025\/09\/Bang-36000-Disposable-Vape-680x2048.webp 680w, https:\/\/bangvapeofficial.com\/wp-content\/uploads\/2025\/09\/Bang-36000-Disposable-Vape-600x1807.webp 600w\" sizes=\"auto, (max-width: 850px) 100vw, 850px\" \/><\/h3>\n<h3>\u00bfPor qu\u00e9 elegir Bang 36000?<\/h3>\n<p>Este dispositivo combina la potencia bruta, la entrega de vapor refinado, y un dise\u00f1o inconfundible para ofrecer una experiencia vaping diferente a cualquier otra cosa. Si usted es un cazador de nubes experimentado o simplemente quiere lo mejor en rendimiento y estilo, el Bang 36000 est\u00e1 construido para superar.<\/p>\n<h3>Ideal para:<\/h3>\n<ul>\n<li>Usuarios diarios de gran volumen<\/li>\n<li>Aficionados al vapeo directo al pulm\u00f3n (DTL)<\/li>\n<li>Vapers con estilo que buscan destacar<\/li>\n<li>Cualquiera que necesite una soluci\u00f3n desechable de larga duraci\u00f3n<\/li>\n<\/ul>","protected":false},"excerpt":{"rendered":"<p>El vaporizador desechable Bang 36000 ofrece hasta 36.000 caladas con una bobina de malla, una bater\u00eda de 650 mAh y un rendimiento DTL envuelto en un atrevido dise\u00f1o de pistola Gatling.<\/p>","protected":false},"featured_media":2683,"comment_status":"open","ping_status":"closed","template":"","meta":{"_acf_changed":false,"bwfblock_default_font":""},"product_brand":[],"product_cat":[17],"product_tag":[30,34,42,268],"class_list":{"0":"post-115","1":"product","2":"type-product","3":"status-publish","4":"has-post-thumbnail","6":"product_cat-bang-vapes","7":"product_tag-36k-puffs","8":"product_tag-direct-to-lung-dtl","9":"product_tag-hugo-vapor","10":"product_tag-mouth-to-lung","12":"first","13":"instock","14":"sale","15":"shipping-taxable","16":"purchasable","17":"product-type-variable"},"acf":[],"_links":{"self":[{"href":"https:\/\/bangvapeofficial.com\/es\/wp-json\/wp\/v2\/product\/115","targetHints":{"allow":["GET"]}}],"collection":[{"href":"https:\/\/bangvapeofficial.com\/es\/wp-json\/wp\/v2\/product"}],"about":[{"href":"https:\/\/bangvapeofficial.com\/es\/wp-json\/wp\/v2\/types\/product"}],"replies":[{"embeddable":true,"href":"https:\/\/bangvapeofficial.com\/es\/wp-json\/wp\/v2\/comments?post=115"}],"wp:featuredmedia":[{"embeddable":true,"href":"https:\/\/bangvapeofficial.com\/es\/wp-json\/wp\/v2\/media\/2683"}],"wp:attachment":[{"href":"https:\/\/bangvapeofficial.com\/es\/wp-json\/wp\/v2\/media?parent=115"}],"wp:term":[{"taxonomy":"product_brand","embeddable":true,"href":"https:\/\/bangvapeofficial.com\/es\/wp-json\/wp\/v2\/product_brand?post=115"},{"taxonomy":"product_cat","embeddable":true,"href":"https:\/\/bangvapeofficial.com\/es\/wp-json\/wp\/v2\/product_cat?post=115"},{"taxonomy":"product_tag","embeddable":true,"href":"https:\/\/bangvapeofficial.com\/es\/wp-json\/wp\/v2\/product_tag?post=115"}],"curies":[{"name":"wp","href":"https:\/\/api.w.org\/{rel}","templated":true}]}}