{"id":1164,"date":"2025-09-29T03:10:25","date_gmt":"2025-09-29T03:10:25","guid":{"rendered":"https:\/\/bangvapeofficial.com\/?post_type=product&#038;p=1164"},"modified":"2025-10-07T04:21:42","modified_gmt":"2025-10-07T04:21:42","slug":"bang-blaze-60000-puffs-4-in-1-flavors-disposable-vape","status":"publish","type":"product","link":"https:\/\/bangvapeofficial.com\/es\/producto\/bang-blaze-60000-puffs-4-in-1-flavors-disposable-vape\/","title":{"rendered":"Bang Blaze 60000 caladas 4 en 1 Sabores Vape Cigarrillo Electr\u00f3nico Desechable Puff Bang King 60K Vape"},"content":{"rendered":"<h2>Bang Blaze 60000 Puffs 4 en 1 Sabores<\/h2>\n<p>Vape Pen ofrece hasta 60.000 caladas con un sistema \u00fanico de cuatro tanques, lo que permite a los usuarios cambiar entre cuatro sabores f\u00e1cilmente. Con una elegante pantalla LED y 10 sabores de frutas personalizables (incluyendo opciones OEM), es ideal tanto para vapers nuevos como experimentados. Disponible en nuestro almac\u00e9n de Puff china para un env\u00edo r\u00e1pido y fiable.<\/p>\n<p><img loading=\"lazy\" decoding=\"async\" class=\"alignnone size-full wp-image-3233\" title=\"Bang-Blaze-Vape desechable-60000-Puffs-escala-1\" src=\"https:\/\/bangvapeofficial.com\/wp-content\/uploads\/2025\/09\/Bang-Blaze-Disposable-Vape-60000-Puffs-scaled-1.webp\" alt=\"Bang-Blaze-Vape desechable-60000-Puffs-escala-1\" width=\"2560\" height=\"1280\" srcset=\"https:\/\/bangvapeofficial.com\/wp-content\/uploads\/2025\/09\/Bang-Blaze-Disposable-Vape-60000-Puffs-scaled-1.webp 2560w, https:\/\/bangvapeofficial.com\/wp-content\/uploads\/2025\/09\/Bang-Blaze-Disposable-Vape-60000-Puffs-scaled-1-300x150.webp 300w, https:\/\/bangvapeofficial.com\/wp-content\/uploads\/2025\/09\/Bang-Blaze-Disposable-Vape-60000-Puffs-scaled-1-1024x512.webp 1024w, https:\/\/bangvapeofficial.com\/wp-content\/uploads\/2025\/09\/Bang-Blaze-Disposable-Vape-60000-Puffs-scaled-1-768x384.webp 768w, https:\/\/bangvapeofficial.com\/wp-content\/uploads\/2025\/09\/Bang-Blaze-Disposable-Vape-60000-Puffs-scaled-1-1536x768.webp 1536w, https:\/\/bangvapeofficial.com\/wp-content\/uploads\/2025\/09\/Bang-Blaze-Disposable-Vape-60000-Puffs-scaled-1-2048x1024.webp 2048w, https:\/\/bangvapeofficial.com\/wp-content\/uploads\/2025\/09\/Bang-Blaze-Disposable-Vape-60000-Puffs-scaled-1-600x300.webp 600w\" sizes=\"auto, (max-width: 2560px) 100vw, 2560px\" \/><\/p>\n<h3>Caracter\u00edsticas principales<\/h3>\n<ul>\n<li>Capacidad de calada: Hasta 60.000 caladas para un rendimiento duradero<\/li>\n<\/ul>\n<h3>Selecci\u00f3n de sabores (12 opciones)<\/h3>\n<ol>\n<li>hielo de sand\u00eda\/menta de ar\u00e1ndanos\/hielo de fuii\/romance de lima<\/li>\n<li>sand\u00eda helada\/ar\u00e1ndano cereza\/tiempo de verano\/mango agrio pi\u00f1a<\/li>\n<li>hielo de ar\u00e1ndano\/hielo de melocot\u00f3n\/caramelo de arco iris\/naranja agria de lim\u00f3n<\/li>\n<li>ar\u00e1ndano helado\/melocot\u00f3n mango sand\u00eda\/beso de la pasi\u00f3n\/mel\u00f3n manzana<\/li>\n<li>ar\u00e1ndano frambuesa\/frambuesa mixta\/cereza de california\/fruta de la pasi\u00f3n mango<\/li>\n<li>ar\u00e1ndano frambuesa\/uva hielo\/frambuesa hielo\/aloe mango mel\u00f3n<\/li>\n<li>bebida energ\u00e9tica fresa pl\u00e1tano mango melocot\u00f3n albaricoque fruta de la pasi\u00f3n kiwi lima<\/li>\n<li>bebida energ\u00e9ticaar\u00e1ndano sand\u00eda\/manzana \u00e1cida frambuesa\/gumny bear<\/li>\n<li>strawberry mango\/watermelon bubble gum\/red mojito\/love66<\/li>\n<li>fresa mango\/fresa kiwi\/manzana uva\/sand\u00eda dragon frui<\/li>\n<li>sand\u00eda fresa\/hielo negro\/mel\u00f3n trece\/uva ar\u00e1ndano<\/li>\n<li>fresa sand\u00eda\/kiwi fruta de la pasi\u00f3n guayaba\/mango hielo\/sand\u00eda melocot\u00f3n \u00e1cido<\/li>\n<\/ol>\n<p><em>Nota: Incluye 1 botella de recambio. Los recambios son sencillos y no ensucian.<\/em><\/p>\n<h3>\u00bfPor qu\u00e9 elegir Bang 60000?<\/h3>\n<ul>\n<li>Dep\u00f3sito rellenable = menos residuos, m\u00e1s personalizaci\u00f3n<\/li>\n<li>Control en tiempo real mediante pantalla LED inteligente<\/li>\n<li>Seguridad ante todo con bloqueo para ni\u00f1os<\/li>\n<li>Elija entre una salida MTL relajada o DTL potente<\/li>\n<li>Perfecto para usuarios de larga duraci\u00f3n y vapeadores de gran volumen<\/li>\n<\/ul>","protected":false},"excerpt":{"rendered":"<p>Bang Blaze 60000 4 en 1 combina innovaci\u00f3n y rendimiento en un dispositivo de vapeo desechable de gran capacidad. Cuenta con cuatro tanques independientes, lo que permite el cambio instant\u00e1neo entre cuatro sabores diferentes, perfecto para los usuarios que anhelan la variedad. Con una enorme capacidad de 60 ml de e-l\u00edquido y hasta 60.000 caladas, este dispositivo est\u00e1 dise\u00f1ado para un uso duradero.<\/p>","protected":false},"featured_media":1194,"comment_status":"open","ping_status":"closed","template":"","meta":{"_acf_changed":false,"bwfblock_default_font":""},"product_brand":[],"product_cat":[17],"product_tag":[272,332,268,20],"class_list":{"0":"post-1164","1":"product","2":"type-product","3":"status-publish","4":"has-post-thumbnail","6":"product_cat-bang-vapes","7":"product_tag-4-in-1","8":"product_tag-60k-puffs","9":"product_tag-mouth-to-lung","10":"product_tag-smart-screen","12":"first","13":"instock","14":"shipping-taxable","15":"purchasable","16":"product-type-variable"},"acf":[],"_links":{"self":[{"href":"https:\/\/bangvapeofficial.com\/es\/wp-json\/wp\/v2\/product\/1164","targetHints":{"allow":["GET"]}}],"collection":[{"href":"https:\/\/bangvapeofficial.com\/es\/wp-json\/wp\/v2\/product"}],"about":[{"href":"https:\/\/bangvapeofficial.com\/es\/wp-json\/wp\/v2\/types\/product"}],"replies":[{"embeddable":true,"href":"https:\/\/bangvapeofficial.com\/es\/wp-json\/wp\/v2\/comments?post=1164"}],"wp:featuredmedia":[{"embeddable":true,"href":"https:\/\/bangvapeofficial.com\/es\/wp-json\/wp\/v2\/media\/1194"}],"wp:attachment":[{"href":"https:\/\/bangvapeofficial.com\/es\/wp-json\/wp\/v2\/media?parent=1164"}],"wp:term":[{"taxonomy":"product_brand","embeddable":true,"href":"https:\/\/bangvapeofficial.com\/es\/wp-json\/wp\/v2\/product_brand?post=1164"},{"taxonomy":"product_cat","embeddable":true,"href":"https:\/\/bangvapeofficial.com\/es\/wp-json\/wp\/v2\/product_cat?post=1164"},{"taxonomy":"product_tag","embeddable":true,"href":"https:\/\/bangvapeofficial.com\/es\/wp-json\/wp\/v2\/product_tag?post=1164"}],"curies":[{"name":"wp","href":"https:\/\/api.w.org\/{rel}","templated":true}]}}