{"id":1165,"date":"2025-09-29T03:10:25","date_gmt":"2025-09-29T03:10:25","guid":{"rendered":"https:\/\/bangvapeofficial.com\/?post_type=product&#038;p=1165"},"modified":"2025-10-07T04:21:30","modified_gmt":"2025-10-07T04:21:30","slug":"bang-75000-puffs-3in1-flavors-disposable-vape","status":"publish","type":"product","link":"https:\/\/bangvapeofficial.com\/es\/producto\/bang-75000-puffs-3in1-flavors-disposable-vape\/","title":{"rendered":"Bang 75000 caladas 3 en 1 Sabores E-Cig Recargable cigarrillo electr\u00f3nico desechable Bang King Balze 75K Vape Kit"},"content":{"rendered":"<h2>Bang 75000 Puffs 3en1 Sabores<\/h2>\n<p>Disfruta de hasta 75.000 caladas con el sistema de sabor 3en1 de Bang, que combina triple sabor en un solo dispositivo. Con una enorme capacidad de 63 ml de e-l\u00edquido, una bater\u00eda recargable de 600 mAh y bobinas de triple malla (1,0 \u03a9), ofrece un sabor consistente y un vapor denso. Equipado con un puerto de carga r\u00e1pida Type-C y totalmente compatible con la personalizaci\u00f3n OEM\/ODM.<\/p>\n<h3>Caracter\u00edsticas principales<\/h3>\n<ul>\n<li>75.000 inhalaciones - Uso prolongado, perfecto para todo el d\u00eda, uso prolongado<\/li>\n<li>45ML Dual Flavor E-Liquid - Disfruta de dos sabores distintos por dispositivo<\/li>\n<li>Potencias de nicotina: Disponible en 0%, 2%, 3% y 5%<\/li>\n<li>Bater\u00eda recargable de 650 mAh: potencia constante con carga r\u00e1pida Type-C<\/li>\n<li>Puerto de carga Type-C: carga r\u00e1pida y eficiente sobre la marcha<\/li>\n<li>Glicerina vegetal, propilenglicol, aromas naturales y artificiales<\/li>\n<\/ul>\n<p><img loading=\"lazy\" decoding=\"async\" class=\"alignnone size-full wp-image-3232\" title=\"Bang-75000-Puffs-3in1-Flavors-1\" src=\"https:\/\/bangvapeofficial.com\/wp-content\/uploads\/2025\/09\/Bang-75000-Puffs-3in1-Flavors-1.webp\" alt=\"Bang-75000-Puffs-3in1-Flavors-1\" width=\"1536\" height=\"2560\" srcset=\"https:\/\/bangvapeofficial.com\/wp-content\/uploads\/2025\/09\/Bang-75000-Puffs-3in1-Flavors-1.webp 1536w, https:\/\/bangvapeofficial.com\/wp-content\/uploads\/2025\/09\/Bang-75000-Puffs-3in1-Flavors-1-180x300.webp 180w, https:\/\/bangvapeofficial.com\/wp-content\/uploads\/2025\/09\/Bang-75000-Puffs-3in1-Flavors-1-614x1024.webp 614w, https:\/\/bangvapeofficial.com\/wp-content\/uploads\/2025\/09\/Bang-75000-Puffs-3in1-Flavors-1-768x1280.webp 768w, https:\/\/bangvapeofficial.com\/wp-content\/uploads\/2025\/09\/Bang-75000-Puffs-3in1-Flavors-1-922x1536.webp 922w, https:\/\/bangvapeofficial.com\/wp-content\/uploads\/2025\/09\/Bang-75000-Puffs-3in1-Flavors-1-1229x2048.webp 1229w, https:\/\/bangvapeofficial.com\/wp-content\/uploads\/2025\/09\/Bang-75000-Puffs-3in1-Flavors-1-600x1000.webp 600w\" sizes=\"auto, (max-width: 1536px) 100vw, 1536px\" \/><\/p>\n<h3>Combinaciones de sabores disponibles (12 opciones de dos sabores)<\/h3>\n<p>1.sand\u00eda\/toro rojo\/fresa kiwi<br \/>\n2.lima lim\u00f3n\/fresa sand\u00eda\/ar\u00e1ndanos hielo<br \/>\n3.pl\u00e1tano fresa\/sand\u00eda frambuesa\/limonada rosa<br \/>\n4.blue razz cereza\/menta fresca\/mango melocot\u00f3n<br \/>\n5.fruta tropical\/sand\u00eda fresa\/melocot\u00f3n lim\u00f3n<br \/>\n6.pi\u00f1a coco\/fresa pl\u00e1tano\/azul razz<br \/>\n7.sand\u00eda fresa\/mel\u00f3n triple\/hielo fresa<br \/>\n8.mezcla de frutas\/melocot\u00f3n mango\/hielo de uva<br \/>\n9.coca de vainilla y fresa\/hielo de melocot\u00f3n\/hielo de drag\u00f3n negro<br \/>\n10.lush hielo\/kiwi fruta de la pasi\u00f3n guayaba\/mango paja<br \/>\n11.sand\u00eda fresa\/sand\u00eda\/azul razz ice<br \/>\n12.limonada de bayas\/toro rojo de fresa\/fresa pompa<br \/>\n13.doble fusi\u00f3n manzana\/fruta\/pi\u00f1a helada<br \/>\n14.cola ice\/mr blue\/cherry cola<br \/>\n15.donut de fresa\/hielo de pl\u00e1tano\/love66<br \/>\n16.T\u00e9 helado con hielo de lim\u00f3n\/mango con hielo\/lychee con hieloDise\u00f1o de doble sabor: cambie de sabor sin esfuerzo con un sencillo mecanismo deslizante o basculante (seg\u00fan el dise\u00f1o del modelo).<\/p>\n<h3>\u00bfPor qu\u00e9 elegir Bang King 35000?<\/h3>\n<ul>\n<li>Tres sabores, un dispositivo: se acab\u00f3 el llevar varios vaporizadores.<\/li>\n<li>Gran capacidad de zumo: 45 ml para un uso sin preocupaciones<\/li>\n<li>Nicotina personalizable: elija la potencia que m\u00e1s le convenga<\/li>\n<li>Comodidad de recarga: Type-C garantiza una recarga m\u00e1s r\u00e1pida<\/li>\n<li>Wholesale Ready - Caja expositora de 10 unidades, perfecta para la reventa<\/li>\n<\/ul>","protected":false},"excerpt":{"rendered":"<p>Bang 75000 Puffs 3in1 Flavors ofrece una revolucionaria experiencia de triple sabor con 63ml de e-l\u00edquido, bater\u00eda recargable de 600mAh y bobinas de triple malla.<\/p>","protected":false},"featured_media":1195,"comment_status":"open","ping_status":"closed","template":"","meta":{"_acf_changed":false,"bwfblock_default_font":""},"product_brand":[],"product_cat":[17],"product_tag":[273,337,268,20],"class_list":{"0":"post-1165","1":"product","2":"type-product","3":"status-publish","4":"has-post-thumbnail","6":"product_cat-bang-vapes","7":"product_tag-3-in-1","8":"product_tag-75k-puffs","9":"product_tag-mouth-to-lung","10":"product_tag-smart-screen","12":"first","13":"instock","14":"sale","15":"featured","16":"shipping-taxable","17":"purchasable","18":"product-type-variable"},"acf":[],"_links":{"self":[{"href":"https:\/\/bangvapeofficial.com\/es\/wp-json\/wp\/v2\/product\/1165","targetHints":{"allow":["GET"]}}],"collection":[{"href":"https:\/\/bangvapeofficial.com\/es\/wp-json\/wp\/v2\/product"}],"about":[{"href":"https:\/\/bangvapeofficial.com\/es\/wp-json\/wp\/v2\/types\/product"}],"replies":[{"embeddable":true,"href":"https:\/\/bangvapeofficial.com\/es\/wp-json\/wp\/v2\/comments?post=1165"}],"wp:featuredmedia":[{"embeddable":true,"href":"https:\/\/bangvapeofficial.com\/es\/wp-json\/wp\/v2\/media\/1195"}],"wp:attachment":[{"href":"https:\/\/bangvapeofficial.com\/es\/wp-json\/wp\/v2\/media?parent=1165"}],"wp:term":[{"taxonomy":"product_brand","embeddable":true,"href":"https:\/\/bangvapeofficial.com\/es\/wp-json\/wp\/v2\/product_brand?post=1165"},{"taxonomy":"product_cat","embeddable":true,"href":"https:\/\/bangvapeofficial.com\/es\/wp-json\/wp\/v2\/product_cat?post=1165"},{"taxonomy":"product_tag","embeddable":true,"href":"https:\/\/bangvapeofficial.com\/es\/wp-json\/wp\/v2\/product_tag?post=1165"}],"curies":[{"name":"wp","href":"https:\/\/api.w.org\/{rel}","templated":true}]}}