{"id":2483,"date":"2025-10-05T06:13:24","date_gmt":"2025-10-05T06:13:24","guid":{"rendered":"https:\/\/bangvapeofficial.com\/?post_type=product&#038;p=2483"},"modified":"2025-10-07T04:20:59","modified_gmt":"2025-10-07T04:20:59","slug":"bang-blaze-50k-disposable-vape","status":"publish","type":"product","link":"https:\/\/bangvapeofficial.com\/es\/producto\/bang-blaze-50k-disposable-vape\/","title":{"rendered":"Bang Blaze 50K vapeador desechable\uff5c50.000 caladas | Starry Twist"},"content":{"rendered":"<p>Prep\u00e1rate para subir la temperatura con el Bang Blaze 50K, un vapeador desechable audaz y de alto rendimiento dise\u00f1ado para aquellos que anhelan nubes masivas, sabores en capas y una experiencia de larga duraci\u00f3n. Con hasta 50.000 caladas, una potente bobina de malla DE y una bater\u00eda recargable de tipo C, el Blaze est\u00e1 dise\u00f1ado para llegar hasta el final, sin recargas ni tiempos de inactividad.<\/p>\n<p>Dise\u00f1ado para los cazadores de tendencias y de nubes, el Blaze 50K cuenta con un anillo de brillo LED vanguardista, flujo de aire ajustable, y una l\u00ednea de 12 mezclas de sabores de fuego que son cualquier cosa menos ordinaria. Ya sea que est\u00e9 vibrando sobre la marcha o iluminando la noche, el Bang Blaze mantiene su juego de sabor fuerte.<\/p>\n<h3>Caracter\u00edsticas principales de Bang Blaze 50K<\/h3>\n<ul>\n<li>PUFFS: 50000<\/li>\n<li>Bater\u00eda: 550mah<\/li>\n<li>Resistencia: 1.0ohm<\/li>\n<li>Servicio OEM\/ODL<\/li>\n<\/ul>\n<h3>12 sabores de Bang Blaze 50K<\/h3>\n<ul>\n<li>Sand\u00eda<br \/>\nCl\u00e1sico y jugoso, este dulce sabor a sand\u00eda es suave y refrescante desde la primera calada hasta la \u00faltima.<\/li>\n<li>Sand\u00eda con fresa<br \/>\nUna coqueta fusi\u00f3n de fresas dulces y sand\u00eda que hace la boca agua para una experiencia de vibraciones veraniegas en cada golpe.<\/li>\n<li>Hielo de ar\u00e1ndanos<br \/>\nFresco, crujiente y ligeramente dulce: ar\u00e1ndano con un toque fr\u00edo de mentol que mantiene las cosas frescas y heladas.<\/li>\n<li>Ar\u00e1ndano Frambuesa<br \/>\nUn equilibrio perfecto entre frambuesas \u00e1cidas y ar\u00e1ndanos maduros para una explosi\u00f3n atrevida y afrutada.<\/li>\n<li>Amor66<br \/>\nLa ic\u00f3nica mezcla de sand\u00eda dulce, bayas mixtas y frescor helado: misteriosa, afrutada y adictivamente suave.<\/li>\n<li>Hielo de ar\u00e1ndano y uva<br \/>\nUna atrevida acidez de ar\u00e1ndano mezclada con una jugosa uva y un final limpio y helado: afilado, dulce y refrescante.<\/li>\n<li>Melocot\u00f3n helado<br \/>\nSabor a melocot\u00f3n madurado al sol con una exhalaci\u00f3n fresca, suave y helada.<\/li>\n<li>Fresa Mango<br \/>\nLa fresa exuberante se encuentra con el mango tropical en este jugoso y ex\u00f3tico sabor hecho para vapear todo el d\u00eda.<\/li>\n<li>Triple baya<br \/>\nUna triple amenaza de fresa, ar\u00e1ndano y frambuesa, rica, estratificada y cargada de bayas.<\/li>\n<li>Mango Melocot\u00f3n<br \/>\nEl dulce mango y el sedoso melocot\u00f3n se mezclan en una fusi\u00f3n de frutas tropicales suave y jugosa.<\/li>\n<li>Horario de verano<br \/>\nUna misteriosa mezcla veraniega: frutas brillantes, un toque de frescor y sol en cada nube.<\/li>\n<li>Pi\u00f1a Coco<br \/>\nEl coco cremoso y las vibraciones \u00e1cidas de la pi\u00f1a se unen para crear una pi\u00f1a colada lista para la playa.<\/li>\n<\/ul>\n<h3>Preguntas frecuentes sobre el vaporizador desechable Bang Blaze 50K<\/h3>\n<p>P1: \u00bfCu\u00e1ntas caladas proporciona la Bang Blaze 50K?<br \/>\nR: El Bang Blaze 50K ofrece hasta 50.000 caladas, lo que le proporciona un uso ultralargo sin necesidad de recargas ni sustituciones frecuentes.<\/p>\n<p>P2: \u00bfEs recargable Bang Blaze 50K?<br \/>\nR: S\u00ed. Incorpora una bater\u00eda recargable Type-C, que te permite recargar el dispositivo f\u00e1cilmente y usarlo hasta el final.<\/p>\n<p>P3: \u00bfQu\u00e9 tipo de bobina utiliza?<br \/>\nR: El Blaze 50K es alimentado por una bobina de malla DE, proporcionando calor constante, sabor fuerte, y la producci\u00f3n de vapor denso.<\/p>\n<p>P4: \u00bfPuedo ajustar el flujo de aire?<br \/>\nR: \u00a1S\u00ed! Bang Blaze 50K incluye flujo de aire ajustable, lo que le permite cambiar entre un tiro apretado y un golpe m\u00e1s abierto de b\u00fasqueda de nubes.<\/p>\n<p>P5: \u00bfEs recargable?<br \/>\nR: No. El Bang Blaze 50K es un vaporizador desechable precargado y no recargable, dise\u00f1ado para una comodidad sin complicaciones y la m\u00e1xima facilidad de uso.<\/p>\n<p>P6: \u00bfCu\u00e1ntos sabores hay disponibles?<br \/>\nR: Hay 12 sabores \u00fanicos, desde afrutados a helados y tropicales, incluidos los favoritos como Love66, Peach Ice y Pineapple Coconut.<\/p>\n<p>P7: \u00bfEste aparato es adecuado para principiantes?<br \/>\nR: Por supuesto. El Bang Blaze 50K est\u00e1 listo para usar nada m\u00e1s sacarlo de la caja, sin botones ni configuraciones; s\u00f3lo tiene que inhalar y disfrutar.<\/p>\n<p>P8: \u00bfQu\u00e9 hace que la Bang Blaze 50K destaque?<br \/>\nA:<\/p>\n<ul>\n<li>Capacidad para 50.000 caladas de larga duraci\u00f3n<\/li>\n<li>Tipo C recargable<\/li>\n<li>Vapor suave y rico de la bobina de malla DE<\/li>\n<li>Elegante anillo LED y dise\u00f1o moderno<\/li>\n<li>Amplia gama de sabores de tendencia<\/li>\n<\/ul>","protected":false},"excerpt":{"rendered":"<p>Prep\u00e1rate para subir la temperatura con el Bang Blaze 50K, un vapeador desechable audaz y de alto rendimiento dise\u00f1ado para aquellos que anhelan nubes masivas, sabores en capas y una experiencia de larga duraci\u00f3n.<\/p>","protected":false},"featured_media":2573,"comment_status":"open","ping_status":"closed","template":"","meta":{"_acf_changed":false,"bwfblock_default_font":""},"product_brand":[],"product_cat":[17],"product_tag":[18,268,20],"class_list":{"0":"post-2483","1":"product","2":"type-product","3":"status-publish","4":"has-post-thumbnail","6":"product_cat-bang-vapes","7":"product_tag-50k-puffs","8":"product_tag-mouth-to-lung","9":"product_tag-smart-screen","11":"first","12":"instock","13":"sale","14":"shipping-taxable","15":"purchasable","16":"product-type-variable"},"acf":[],"_links":{"self":[{"href":"https:\/\/bangvapeofficial.com\/es\/wp-json\/wp\/v2\/product\/2483","targetHints":{"allow":["GET"]}}],"collection":[{"href":"https:\/\/bangvapeofficial.com\/es\/wp-json\/wp\/v2\/product"}],"about":[{"href":"https:\/\/bangvapeofficial.com\/es\/wp-json\/wp\/v2\/types\/product"}],"replies":[{"embeddable":true,"href":"https:\/\/bangvapeofficial.com\/es\/wp-json\/wp\/v2\/comments?post=2483"}],"wp:featuredmedia":[{"embeddable":true,"href":"https:\/\/bangvapeofficial.com\/es\/wp-json\/wp\/v2\/media\/2573"}],"wp:attachment":[{"href":"https:\/\/bangvapeofficial.com\/es\/wp-json\/wp\/v2\/media?parent=2483"}],"wp:term":[{"taxonomy":"product_brand","embeddable":true,"href":"https:\/\/bangvapeofficial.com\/es\/wp-json\/wp\/v2\/product_brand?post=2483"},{"taxonomy":"product_cat","embeddable":true,"href":"https:\/\/bangvapeofficial.com\/es\/wp-json\/wp\/v2\/product_cat?post=2483"},{"taxonomy":"product_tag","embeddable":true,"href":"https:\/\/bangvapeofficial.com\/es\/wp-json\/wp\/v2\/product_tag?post=2483"}],"curies":[{"name":"wp","href":"https:\/\/api.w.org\/{rel}","templated":true}]}}