{"id":2574,"date":"2025-10-05T06:32:40","date_gmt":"2025-10-05T06:32:40","guid":{"rendered":"https:\/\/bangvapeofficial.com\/?post_type=product&#038;p=2574"},"modified":"2025-10-07T04:20:48","modified_gmt":"2025-10-07T04:20:48","slug":"bang-leader-85k-disposable-vape-3-in-1","status":"publish","type":"product","link":"https:\/\/bangvapeofficial.com\/es\/producto\/bang-leader-85k-disposable-vape-3-in-1\/","title":{"rendered":"Bang Leader 85K vapeador desechable\uff5c85.000 caladas | Sistema de Triple Interruptor de Sabor"},"content":{"rendered":"<p><em>Bang L\u00edder 85K<\/em>\u00a0no es s\u00f3lo un dispositivo para fumar; es su puerta de entrada a una experiencia extraordinaria. Su caracter\u00edstica \u00fanica es un incre\u00edble n\u00famero de caladas: el Bang Leader 85K cuenta con una impresionante capacidad de hasta 85.000 caladas, asegurando que pueda disfrutar de su placer de fumar durante largos per\u00edodos. Sistema 3 en 1: Este dispositivo cuenta con un exclusivo sistema de c\u00e1psulas de sabor 3 en 1 con tres sabores independientes.<em>\u00a0C\u00e1psulas de 15 ml<\/em>en total<em>\u00a045 ml<\/em>\u00a0de e-l\u00edquido. Potente Bater\u00eda Recargable: El Bang Leader 85K est\u00e1 equipado con una bater\u00eda recargable de 850mAh, proporcionando una potencia estable y continua. Tecnolog\u00eda avanzada de bobina de malla: La bobina de malla integrada de 1,0\u03a9 (algunos modelos cuentan con un dise\u00f1o de bobina de malla cu\u00e1druple) est\u00e1 espec\u00edficamente dise\u00f1ada para un calentamiento r\u00e1pido. Esto se traduce en una vaporizaci\u00f3n eficiente del e-l\u00edquido, proporcionando un sabor intenso y un vapor suave y denso con cada calada.<\/p>\n<h2>Caracter\u00edsticas principales<\/h2>\n<ul>\n<li>\u00a0Hasta 85.000 caladas<\/li>\n<li>Caracter\u00edsticas principales: Sistema de c\u00e1psulas de sabor 3 en 1, con tres c\u00e1psulas separadas de 15 ml, con un total de 45 ml de e-l\u00edquido.<\/li>\n<li>Potente bater\u00eda recargable: Equipado con una bater\u00eda recargable de 850 mAh.<\/li>\n<li>Tecnolog\u00eda de bobina de malla avanzada: bobina de malla de 1.0\u03a9<\/li>\n<li>15 - ml vainas, con un total de 45 ml de e - l\u00edquido<\/li>\n<li>\n<div>\n<div>15 sabores que hacen la boca agua<\/div>\n<\/div>\n<\/li>\n<li>Potencia de nicotina: 0%, 2%, 3%, 5%.<\/li>\n<\/ul>\n<h2>15 combinaciones de sabores - Bang Leader 85K<\/h2>\n<h2>Pl\u00e1tano helado &amp; Sand\u00eda con fresa &amp; Gomita de oso<\/h2>\n<p>Cremoso helado de pl\u00e1tano, jugosa sand\u00eda con fresa y gominola de oso masticable para un vapeo dulce, afrutado y con sabor a caramelo.<\/p>\n<p>Black Dragon Ice &amp; Marshmallow &amp; Summer Dream<br \/>\nEl atrevido y misterioso Black Dragon Ice, el esponjoso Marshmallow y el afrutado y tropical Summer Dream forman una mezcla suave y ex\u00f3tica.<\/p>\n<p>Blueberry Ice &amp; Blue Razz &amp; Fragrant Pear<\/p>\n<p>El fr\u00edo Blueberry Ice, el \u00e1cido Blue Razz y la crujiente Fragrant Pear crean un tr\u00edo fresco, dulce y ligeramente \u00e1cido.<\/p>\n<p>Cereza Ar\u00e1ndano y melocot\u00f3n Mango y pi\u00f1a<br \/>\nCereza \u00e1cida, ar\u00e1ndano, melocot\u00f3n sedoso, mango y pi\u00f1a brillante para una explosi\u00f3n de frutas tropicales \u00e1cidas y dulces.<\/p>\n<p>Coca-Cola Helada &amp; Melocot\u00f3n de Manzana &amp; Limonada Rosa<br \/>\nLa cl\u00e1sica y efervescente Coca-Cola Ice, el suave Melocot\u00f3n de Manzana y la sabrosa Limonada Rosa: una refrescante fusi\u00f3n de refresco y fruta.<\/p>\n<p>Red Bull &amp; Sand\u00eda con ar\u00e1ndanos y helado de fresa<br \/>\nEn\u00e9rgico Red Bull, jugosa sand\u00eda con ar\u00e1ndanos y cremoso helado de fresa para un impulso de sabor y dulzura.<\/p>\n<p>Hielo de uva y fresa Kiwi y fruta de la pasi\u00f3n Guayaba<br \/>\nEl dulce hielo de uva, el refrescante kiwi de fresa y la ex\u00f3tica guayaba de fruta de la pasi\u00f3n aportan un frescor tropical y afrutado.<\/p>\n<p>Love 666 &amp; Ar\u00e1ndano Frambuesa &amp; Vimto<br \/>\nEl rom\u00e1ntico Love 666, el \u00e1cido Blueberry Raspberry y el rico y afrutado sabor a soda de Vimto para una mezcla alegre y vibrante.<\/p>\n<p>Mix Fruit &amp; Mojito Melocot\u00f3n &amp; Ar\u00e1ndano Frambuesa<br \/>\nUna colorida mezcla de frutas, un fresco mojito de melocot\u00f3n y un sabroso ar\u00e1ndano y frambuesa, refrescantes y jugosos.<\/p>\n<p>Pineapple Ice &amp; Strawberry Red Bull &amp; Mixed Berries<\/p>\n<p>Fresco hielo de pi\u00f1a, energizante Red Bull de fresa y dulce mezcla de bayas para un impulso de bayas tropicales.<\/p>\n<p>Manzana Roja Helada &amp; Frambuesa Sand\u00eda &amp; Aloe Uva<br \/>\nCrujiente Manzana Roja Helada, \u00e1cida Sand\u00eda Frambuesa y suave Uva Aloe para una combinaci\u00f3n de sabores limpia y refrescante.<\/p>\n<p>Chicle de fresa, lim\u00f3n, naranja y sand\u00eda<br \/>\nFresa helada, lim\u00f3n c\u00edtrico y naranja, y nost\u00e1lgico chicle de sand\u00eda para una divertida mezcla afrutada.<\/p>\n<p>Fresa Frambuesa &amp; Grosella Negra &amp; Fresa Pl\u00e1tano<br \/>\nFrambuesa fresa brillante, grosella negra y pl\u00e1tano fresa cremoso: un sue\u00f1o para los amantes de las bayas.<\/p>\n<p>Sand\u00eda con fresa &amp; Coca-Cola con cereza &amp; Crema de fresa<br \/>\nJugosa Sand\u00eda de Fresa, efervescente Coca-Cola de Cereza y suave Crema de Fresa para un vapeo al estilo soda-shop.<\/p>\n<p>Hielo de sand\u00eda y refresco de mango, melocot\u00f3n y naranja<br \/>\nHielo fr\u00edo de sand\u00eda, melocot\u00f3n tropical de mango y burbujeante refresco de naranja para un refresco efervescente y afrutado.<\/p>\n<h2>Preguntas frecuentes sobre Bang Leader 85K<\/h2>\n<p>P1: \u00bfCu\u00e1ntas caladas proporciona la Bang Leader 85K?<br \/>\nR: Cada dispositivo proporciona hasta 85.000 caladas, lo que te ofrece un rendimiento ultralargo sin necesidad de sustituirlo con frecuencia.<\/p>\n<p>P2: \u00bfContiene nicotina el Bang Leader 85K?<br \/>\nR: Est\u00e1 disponible con nicotina y sin nicotina, para que puedas elegir seg\u00fan tus preferencias.<\/p>\n<p>P3: \u00bfEs recargable el aparato?<br \/>\nR: S\u00ed, incorpora una bater\u00eda recargable con un puerto de carga USB-C para una carga r\u00e1pida y c\u00f3moda.<\/p>\n<p>P4: \u00bfCu\u00e1ntos sabores hay disponibles?<br \/>\nR: Hay 15 combinaciones de sabores premium, cada una elaborada con perfiles de sabor de m\u00faltiples capas para una experiencia de vapeo m\u00e1s rica.<\/p>\n<p>P5: \u00bfPuedo ajustar el flujo de aire o la producci\u00f3n de vapor?<br \/>\nR: S\u00ed, el Bang Leader 85K viene con control de flujo de aire ajustable, lo que le permite personalizar la extracci\u00f3n y la salida de vapor.<\/p>\n<p>P6: \u00bfC\u00f3mo s\u00e9 cu\u00e1ndo se est\u00e1 acabando el e-l\u00edquido?<br \/>\nR: El dispositivo incluye una pantalla inteligente que muestra los niveles de e-l\u00edquido y bater\u00eda en tiempo real.<\/p>\n<p>P7: \u00bfTengo que rellenar el e-l\u00edquido?<br \/>\nR: No es necesario rellenar el Bang Leader 85K est\u00e1 pre-llenado y listo para usar nada m\u00e1s sacarlo de la caja.<\/p>\n<p>P8: \u00bfEs constante el sabor hasta la \u00faltima calada?<br \/>\nR: S\u00ed, gracias a la avanzada tecnolog\u00eda de bobinas, disfrutar\u00e1s de un sabor y una producci\u00f3n de vapor estables hasta el final.<\/p>\n<p>P9: \u00bfC\u00f3mo debo guardar mi Bang Leader 85K?<br \/>\nR: Mant\u00e9ngalo en un lugar fresco y seco, alejado de la luz solar directa y del calor extremo para un rendimiento \u00f3ptimo.<\/p>\n<p>P10: \u00bfEs adecuado para principiantes?<br \/>\nR: Por supuesto, el Bang Leader 85K se activa por arrastre, por lo que es f\u00e1cil de usar tanto para principiantes como para vapeadores experimentados.<\/p>","protected":false},"excerpt":{"rendered":"<p><em>Bang L\u00edder 85K<\/em>\u00a0no es s\u00f3lo un dispositivo para fumar; es su puerta de entrada a una experiencia extraordinaria. Su caracter\u00edstica \u00fanica es un incre\u00edble n\u00famero de caladas: el Bang Leader 85K cuenta con una impresionante capacidad de hasta 85.000 caladas, lo que garantiza que pueda disfrutar de su placer de fumar durante largos per\u00edodos.<\/p>","protected":false},"featured_media":2623,"comment_status":"open","ping_status":"closed","template":"","meta":{"_acf_changed":false,"bwfblock_default_font":""},"product_brand":[],"product_cat":[17],"product_tag":[273,334,268,20],"class_list":{"0":"post-2574","1":"product","2":"type-product","3":"status-publish","4":"has-post-thumbnail","6":"product_cat-bang-vapes","7":"product_tag-3-in-1","8":"product_tag-85k-puffs","9":"product_tag-mouth-to-lung","10":"product_tag-smart-screen","12":"first","13":"instock","14":"sale","15":"shipping-taxable","16":"purchasable","17":"product-type-variable"},"acf":[],"_links":{"self":[{"href":"https:\/\/bangvapeofficial.com\/es\/wp-json\/wp\/v2\/product\/2574","targetHints":{"allow":["GET"]}}],"collection":[{"href":"https:\/\/bangvapeofficial.com\/es\/wp-json\/wp\/v2\/product"}],"about":[{"href":"https:\/\/bangvapeofficial.com\/es\/wp-json\/wp\/v2\/types\/product"}],"replies":[{"embeddable":true,"href":"https:\/\/bangvapeofficial.com\/es\/wp-json\/wp\/v2\/comments?post=2574"}],"wp:featuredmedia":[{"embeddable":true,"href":"https:\/\/bangvapeofficial.com\/es\/wp-json\/wp\/v2\/media\/2623"}],"wp:attachment":[{"href":"https:\/\/bangvapeofficial.com\/es\/wp-json\/wp\/v2\/media?parent=2574"}],"wp:term":[{"taxonomy":"product_brand","embeddable":true,"href":"https:\/\/bangvapeofficial.com\/es\/wp-json\/wp\/v2\/product_brand?post=2574"},{"taxonomy":"product_cat","embeddable":true,"href":"https:\/\/bangvapeofficial.com\/es\/wp-json\/wp\/v2\/product_cat?post=2574"},{"taxonomy":"product_tag","embeddable":true,"href":"https:\/\/bangvapeofficial.com\/es\/wp-json\/wp\/v2\/product_tag?post=2574"}],"curies":[{"name":"wp","href":"https:\/\/api.w.org\/{rel}","templated":true}]}}