{"id":90,"date":"2025-09-28T09:08:32","date_gmt":"2025-09-28T09:08:32","guid":{"rendered":"https:\/\/bangvapeofficial.com\/?post_type=product&#038;p=90"},"modified":"2025-10-05T07:28:28","modified_gmt":"2025-10-05T07:28:28","slug":"bang-blaze-40000","status":"publish","type":"product","link":"https:\/\/bangvapeofficial.com\/es\/producto\/bang-blaze-40000\/","title":{"rendered":"Bang Blaze 40000 - Doble Sabor Doble Impacto"},"content":{"rendered":"<h2>Bang Blaze 40K - Doble Sabor. Doble Impacto. 40.000 caladas.<\/h2>\n<h3>Dise\u00f1o deslizante de doble cabezal | 40K Puffs | Bater\u00eda 650mAh | Carga Tipo-C<\/h3>\n<p>El Bang Blaze 40K Puff Vape redefine la comodidad y el estilo en la categor\u00eda de vapeadores desechables. Con una capacidad masiva de 40.000 caladas, un interruptor de sabor deslizante de doble cabezal y un elegante dise\u00f1o de caja rectangular, este dispositivo est\u00e1 dise\u00f1ado para los vapeadores que quieren versatilidad y rendimiento. El Bang King 40K ofrece una experiencia duradera y de primera calidad, tanto si quieres cambiar de sabor como si quieres trabajar a lo largo del d\u00eda.<\/p>\n<p><img loading=\"lazy\" decoding=\"async\" class=\"alignnone size-full wp-image-3261\" src=\"https:\/\/bangvapeofficial.com\/wp-content\/uploads\/2025\/09\/Bang-King-40K.webp\" width=\"1279\" height=\"1927\" alt=\"Bang-King-40K\" title=\"Bang-King-40K\" srcset=\"https:\/\/bangvapeofficial.com\/wp-content\/uploads\/2025\/09\/Bang-King-40K.webp 1279w, https:\/\/bangvapeofficial.com\/wp-content\/uploads\/2025\/09\/Bang-King-40K-199x300.webp 199w, https:\/\/bangvapeofficial.com\/wp-content\/uploads\/2025\/09\/Bang-King-40K-680x1024.webp 680w, https:\/\/bangvapeofficial.com\/wp-content\/uploads\/2025\/09\/Bang-King-40K-768x1157.webp 768w, https:\/\/bangvapeofficial.com\/wp-content\/uploads\/2025\/09\/Bang-King-40K-1019x1536.webp 1019w, https:\/\/bangvapeofficial.com\/wp-content\/uploads\/2025\/09\/Bang-King-40K-600x904.webp 600w\" sizes=\"auto, (max-width: 1279px) 100vw, 1279px\" \/><\/p>\n<h3>Caracter\u00edsticas principales<\/h3>\n<ul>\n<li>Capacidad para 40.000 puff - Pasan semanas sin reponerlos<\/li>\n<li>Interruptor deslizante de doble sabor: cambia entre dos sabores deslizando la boquilla de un lado a otro.<\/li>\n<li>Dise\u00f1o de caja elegante: compacta, elegante y f\u00e1cil de transportar<\/li>\n<li>Carga Type-C: carga r\u00e1pida y eficiente con el moderno USB-C<\/li>\n<li>Bater\u00eda recargable de 650 mAh: duradera y optimizada para una salida constante<\/li>\n<li>Resistencia de la bobina de 1.2\u03a9 - Producci\u00f3n de vapor equilibrada y rica entrega de sabor.<\/li>\n<li>Activaci\u00f3n sencilla: sin botones ni ajustes, inhala y disfruta<\/li>\n<li>Fabricado para el uso diario: construcci\u00f3n duradera para vapeadores en movimiento<\/li>\n<\/ul>\n<h3>\u00bfPor qu\u00e9 elegir Bang King 40K?<\/h3>\n<ul>\n<li>Variedad de sabores en un solo dispositivo - Cambia f\u00e1cilmente entre dos sabores sobre la marcha<\/li>\n<li>Rendimiento ampliado: bater\u00eda de 650 mAh con recarga r\u00e1pida para mantenerte en movimiento<\/li>\n<li>Vapor suave en todo momento: la bobina de precisi\u00f3n garantiza el equilibrio de sabor y nubes<\/li>\n<li>Portabilidad de bolsillo: tama\u00f1o compacto, gran rendimiento<\/li>\n<\/ul>","protected":false},"excerpt":{"rendered":"<p>Bang Blaze 40000 ofrece 40K caladas con cambio de sabor dual, bater\u00eda de 650mAh, bobina de 1,2\u03a9 y elegante dise\u00f1o tipo caja. Recargable a trav\u00e9s de Type-C. Compacto, elegante y potente.<\/p>","protected":false},"featured_media":2693,"comment_status":"open","ping_status":"closed","template":"","meta":{"_acf_changed":false,"bwfblock_default_font":""},"product_brand":[],"product_cat":[17],"product_tag":[274,23,21,22,268],"class_list":{"0":"post-90","1":"product","2":"type-product","3":"status-publish","4":"has-post-thumbnail","6":"product_cat-bang-vapes","7":"product_tag-2-in-1","8":"product_tag-40k-puffs","9":"product_tag-double-flavors","10":"product_tag-hot-selling","11":"product_tag-mouth-to-lung","13":"first","14":"instock","15":"sale","16":"shipping-taxable","17":"purchasable","18":"product-type-variable"},"acf":[],"_links":{"self":[{"href":"https:\/\/bangvapeofficial.com\/es\/wp-json\/wp\/v2\/product\/90","targetHints":{"allow":["GET"]}}],"collection":[{"href":"https:\/\/bangvapeofficial.com\/es\/wp-json\/wp\/v2\/product"}],"about":[{"href":"https:\/\/bangvapeofficial.com\/es\/wp-json\/wp\/v2\/types\/product"}],"replies":[{"embeddable":true,"href":"https:\/\/bangvapeofficial.com\/es\/wp-json\/wp\/v2\/comments?post=90"}],"wp:featuredmedia":[{"embeddable":true,"href":"https:\/\/bangvapeofficial.com\/es\/wp-json\/wp\/v2\/media\/2693"}],"wp:attachment":[{"href":"https:\/\/bangvapeofficial.com\/es\/wp-json\/wp\/v2\/media?parent=90"}],"wp:term":[{"taxonomy":"product_brand","embeddable":true,"href":"https:\/\/bangvapeofficial.com\/es\/wp-json\/wp\/v2\/product_brand?post=90"},{"taxonomy":"product_cat","embeddable":true,"href":"https:\/\/bangvapeofficial.com\/es\/wp-json\/wp\/v2\/product_cat?post=90"},{"taxonomy":"product_tag","embeddable":true,"href":"https:\/\/bangvapeofficial.com\/es\/wp-json\/wp\/v2\/product_tag?post=90"}],"curies":[{"name":"wp","href":"https:\/\/api.w.org\/{rel}","templated":true}]}}