{"id":92,"date":"2025-09-28T09:08:34","date_gmt":"2025-09-28T09:08:34","guid":{"rendered":"https:\/\/bangvapeofficial.com\/?post_type=product&#038;p=92"},"modified":"2025-10-05T08:33:11","modified_gmt":"2025-10-05T08:33:11","slug":"bang-king-35000","status":"publish","type":"product","link":"https:\/\/bangvapeofficial.com\/es\/producto\/bang-king-35000\/","title":{"rendered":"Bang King 35000 - Doble Sabor. Doble Satisfacci\u00f3n. 35.000 caladas."},"content":{"rendered":"<h2>Bang King 35000 - Doble Sabor. Doble Satisfacci\u00f3n. 35.000 caladas.<\/h2>\n<h3>35,000 Puffs | 36ML E-Liquid | Sabor Dual en un Dispositivo | Recargable Tipo-C<\/h3>\n<p>El Bang King 35000 Dual Flavors Disposable Vape est\u00e1 dise\u00f1ado para los amantes del sabor que quieren un uso de larga duraci\u00f3n y la libertad de cambiar entre dos perfiles de sabor de primera calidad, sin cambiar de dispositivo. Con una capacidad masiva de 36ml de e-l\u00edquido, 35.000 caladas de salida, y una bater\u00eda recargable de 650mAh, este dispositivo combina resistencia y versatilidad como ning\u00fan otro. Si usted est\u00e1 buscando cero nicotina o un golpe audaz 5%, el Bang King 35000 ofrece una experiencia de vapeo a medida, satisfactoria para cada tipo de usuario.<\/p>\n<p><img loading=\"lazy\" decoding=\"async\" class=\"alignnone size-full wp-image-3252\" src=\"https:\/\/bangvapeofficial.com\/wp-content\/uploads\/2025\/09\/Bang-King-35000-5-1.webp\" width=\"853\" height=\"2560\" alt=\"Bang-King-35000-5-1\" title=\"Bang-King-35000-5-1\" srcset=\"https:\/\/bangvapeofficial.com\/wp-content\/uploads\/2025\/09\/Bang-King-35000-5-1.webp 853w, https:\/\/bangvapeofficial.com\/wp-content\/uploads\/2025\/09\/Bang-King-35000-5-1-100x300.webp 100w, https:\/\/bangvapeofficial.com\/wp-content\/uploads\/2025\/09\/Bang-King-35000-5-1-341x1024.webp 341w, https:\/\/bangvapeofficial.com\/wp-content\/uploads\/2025\/09\/Bang-King-35000-5-1-768x2305.webp 768w, https:\/\/bangvapeofficial.com\/wp-content\/uploads\/2025\/09\/Bang-King-35000-5-1-512x1536.webp 512w, https:\/\/bangvapeofficial.com\/wp-content\/uploads\/2025\/09\/Bang-King-35000-5-1-682x2048.webp 682w, https:\/\/bangvapeofficial.com\/wp-content\/uploads\/2025\/09\/Bang-King-35000-5-1-600x1801.webp 600w\" sizes=\"auto, (max-width: 853px) 100vw, 853px\" \/><\/p>\n<h3>Caracter\u00edsticas principales<\/h3>\n<ul>\n<li>35.000 inhalaciones - Uso prolongado, perfecto para todo el d\u00eda, uso prolongado<\/li>\n<li>36ML Dual Flavor E-Liquid - Disfruta de dos sabores distintos por dispositivo<\/li>\n<li>Potencias de nicotina: Disponible en 0%, 2%, 3% y 5%<\/li>\n<li>Bater\u00eda recargable de 650 mAh: potencia constante con carga r\u00e1pida Type-C<\/li>\n<li>Puerto de carga Type-C: carga r\u00e1pida y eficiente sobre la marcha<\/li>\n<li>Caja expositora: 10 unidades por caja de venta al por menor, ideal para la venta al por mayor o la reventa.<\/li>\n<\/ul>\n<h3>Combinaciones de sabores disponibles (12 opciones de dos sabores)<\/h3>\n<ol>\n<li>Hielo Blue Razz &amp; Hielo Juicy Peach<\/li>\n<li>Sand\u00eda con fresas y hielo de sand\u00eda<\/li>\n<li>Fresa, pl\u00e1tano y manzana doble<\/li>\n<li>Triple Berry Ice &amp; Tropical Fruit<\/li>\n<li>Bomba de cereza y hielo de uva<\/li>\n<li>Melocot\u00f3n Mango y Fresa Mango<\/li>\n<li>Mango con lima y menta fresca<\/li>\n<li>Cherry Pop &amp; Mr Blue<\/li>\n<li>Black Dragon Ice &amp; Fresa Kiwi<\/li>\n<li>Red Bull y melocot\u00f3n con bayas<\/li>\n<li>Pink Lemon &amp; Mr Blue<\/li>\n<li>Kiwi Maracuy\u00e1 Guayaba y Cereza Azul Lim\u00f3n<\/li>\n<\/ol>\n<p>Dise\u00f1o de doble sabor - Cambie de sabor sin esfuerzo con un sencillo mecanismo deslizante o basculante (seg\u00fan el dise\u00f1o del modelo).<\/p>\n<h3>\u00bfPor qu\u00e9 elegir Bang King 35000?<\/h3>\n<ul>\n<li>Dos sabores, un dispositivo: se acab\u00f3 el llevar varios vaporizadores.<\/li>\n<li>Gran capacidad de zumo: 36 ml para un uso sin preocupaciones<\/li>\n<li>Nicotina personalizable: elija la potencia que m\u00e1s le convenga<\/li>\n<li>Comodidad de recarga: Type-C garantiza una recarga m\u00e1s r\u00e1pida<\/li>\n<li>Wholesale Ready - Caja expositora de 10 unidades, perfecta para la reventa<\/li>\n<\/ul>","protected":false},"excerpt":{"rendered":"<p>Bang King 35000 ofrece 35.000 caladas con e-l\u00edquido de 36ml de doble sabor, bater\u00eda de 650mAh y carga Tipo-C. Disponible en nicotina 0%-5%. Se venden en cajas expositoras de 10 unidades.<\/p>","protected":false},"featured_media":2996,"comment_status":"open","ping_status":"closed","template":"","meta":{"_acf_changed":false,"bwfblock_default_font":""},"product_brand":[],"product_cat":[17],"product_tag":[274,25,21,22,268],"class_list":{"0":"post-92","1":"product","2":"type-product","3":"status-publish","4":"has-post-thumbnail","6":"product_cat-bang-vapes","7":"product_tag-2-in-1","8":"product_tag-35k-puffs","9":"product_tag-double-flavors","10":"product_tag-hot-selling","11":"product_tag-mouth-to-lung","13":"first","14":"instock","15":"sale","16":"shipping-taxable","17":"purchasable","18":"product-type-variable"},"acf":[],"_links":{"self":[{"href":"https:\/\/bangvapeofficial.com\/es\/wp-json\/wp\/v2\/product\/92","targetHints":{"allow":["GET"]}}],"collection":[{"href":"https:\/\/bangvapeofficial.com\/es\/wp-json\/wp\/v2\/product"}],"about":[{"href":"https:\/\/bangvapeofficial.com\/es\/wp-json\/wp\/v2\/types\/product"}],"replies":[{"embeddable":true,"href":"https:\/\/bangvapeofficial.com\/es\/wp-json\/wp\/v2\/comments?post=92"}],"wp:featuredmedia":[{"embeddable":true,"href":"https:\/\/bangvapeofficial.com\/es\/wp-json\/wp\/v2\/media\/2996"}],"wp:attachment":[{"href":"https:\/\/bangvapeofficial.com\/es\/wp-json\/wp\/v2\/media?parent=92"}],"wp:term":[{"taxonomy":"product_brand","embeddable":true,"href":"https:\/\/bangvapeofficial.com\/es\/wp-json\/wp\/v2\/product_brand?post=92"},{"taxonomy":"product_cat","embeddable":true,"href":"https:\/\/bangvapeofficial.com\/es\/wp-json\/wp\/v2\/product_cat?post=92"},{"taxonomy":"product_tag","embeddable":true,"href":"https:\/\/bangvapeofficial.com\/es\/wp-json\/wp\/v2\/product_tag?post=92"}],"curies":[{"name":"wp","href":"https:\/\/api.w.org\/{rel}","templated":true}]}}