{"id":95,"date":"2025-09-28T09:08:37","date_gmt":"2025-09-28T09:08:37","guid":{"rendered":"https:\/\/bangvapeofficial.com\/?post_type=product&#038;p=95"},"modified":"2025-10-05T09:23:39","modified_gmt":"2025-10-05T09:23:39","slug":"bang-king-36000disposable-vape","status":"publish","type":"product","link":"https:\/\/bangvapeofficial.com\/es\/producto\/bang-king-36000disposable-vape\/","title":{"rendered":"Bang King 36000 caladas Vape con Dise\u00f1o de Signo del Zodiaco E-Cigarrillo Desechable"},"content":{"rendered":"<h2>Bang King 36000 Puffs Vape<\/h2>\n<h3>36,000 Puffs | 30ML E-Liquid | Control de Flujo de Aire con Pantalla T\u00e1ctil | Carga Tipo-C<\/h3>\n<p>Entra en una nueva galaxia de satisfacci\u00f3n vapeando con el Bang King Constellation 36000, un elegante e-cigarrillo desechable premium dise\u00f1ado para un rendimiento avanzado, una longevidad masiva y un flujo de aire personalizable. Con 36.000 caladas, 30ML de e-l\u00edquido, y pantalla t\u00e1ctil de flujo de aire ajustable, este vape ofrece una experiencia a medida para los cazadores de sabor, los usuarios cotidianos, y vapers estilo centrado por igual.<\/p>\n<p><img loading=\"lazy\" decoding=\"async\" class=\"alignnone size-full wp-image-3250\" src=\"https:\/\/bangvapeofficial.com\/wp-content\/uploads\/2025\/09\/Bang-King-36000-Puffs.webp\" width=\"800\" height=\"1592\" alt=\"Bang-King-36000-Puffs\" title=\"Bang-King-36000-Puffs\" srcset=\"https:\/\/bangvapeofficial.com\/wp-content\/uploads\/2025\/09\/Bang-King-36000-Puffs.webp 800w, https:\/\/bangvapeofficial.com\/wp-content\/uploads\/2025\/09\/Bang-King-36000-Puffs-151x300.webp 151w, https:\/\/bangvapeofficial.com\/wp-content\/uploads\/2025\/09\/Bang-King-36000-Puffs-515x1024.webp 515w, https:\/\/bangvapeofficial.com\/wp-content\/uploads\/2025\/09\/Bang-King-36000-Puffs-768x1528.webp 768w, https:\/\/bangvapeofficial.com\/wp-content\/uploads\/2025\/09\/Bang-King-36000-Puffs-772x1536.webp 772w, https:\/\/bangvapeofficial.com\/wp-content\/uploads\/2025\/09\/Bang-King-36000-Puffs-600x1194.webp 600w\" sizes=\"auto, (max-width: 800px) 100vw, 800px\" \/><\/p>\n<h3>Caracter\u00edsticas principales<\/h3>\n<ul>\n<li>Capacidad para 36.000 caladas: dise\u00f1ada para vapear durante mucho tiempo sin tener que cambiarla con frecuencia.<\/li>\n<li>E-l\u00edquido precargado 30ML - Sabor consistente desde la primera hasta la \u00faltima calada<\/li>\n<li>Flujo de aire ajustable mediante pantalla t\u00e1ctil: personaliza cada calada con el control de la pantalla t\u00e1ctil inferior.<\/li>\n<li>Bater\u00eda recargable de 650 mAh: larga duraci\u00f3n y recarga r\u00e1pida por USB-C.<\/li>\n<li>Resistencia 1.0\u03a9 - Sabor suave y equilibrio de vapor ideal para todos los niveles.<\/li>\n<li>Ligero y ergon\u00f3mico: s\u00f3lo 25 g para una m\u00e1xima portabilidad<\/li>\n<li>Dise\u00f1o elegante y duradero: un acabado minimalista con un gran rendimiento bajo el cap\u00f3.<\/li>\n<\/ul>\n<h3>Selecci\u00f3n de sabores<\/h3>\n<ol>\n<li>Hielo Razz Azul<\/li>\n<li>Sand\u00eda con fresa<\/li>\n<li>Hielo de sand\u00eda<\/li>\n<li>Fresa Pl\u00e1tano<\/li>\n<li>Frutas tropicales<\/li>\n<li>Hielo triple de bayas<\/li>\n<li>Helado de melocot\u00f3n jugoso<\/li>\n<li>Fresa Kiwi<\/li>\n<li>Melocot\u00f3n Mango Sand\u00eda<\/li>\n<li>Kiwi Fruta de la pasi\u00f3n Guayaba<\/li>\n<li>Hielo de uva<\/li>\n<li>Sr. Azul<\/li>\n<\/ol>\n<p>Explora 12 atrevidos perfiles de sabor, cada uno dise\u00f1ado para un rico sabor, nubes suaves y satisfacci\u00f3n duradera. Desde frescura helada a mezclas tropicales, hay un sabor para cada paladar.<\/p>\n<h3>\u00bfPor qu\u00e9 elegir Bang King Constellation 36000?<\/h3>\n<ul>\n<li>Rendimiento Elite - 36K caladas + bobina de malla = caladas consistentes y sabrosas<\/li>\n<li>Personalizaci\u00f3n: el flujo de aire ajustable te ofrece un control total de la extracci\u00f3n.<\/li>\n<li>Utilidad moderna: interfaz de pantalla t\u00e1ctil y carga r\u00e1pida USB-C.<\/li>\n<li>Opciones de nicotina - Elija entre 0%, 2%, 3% o 5%<\/li>\n<\/ul>\n<p>Si usted est\u00e1 cambiando de cigarrillos, buscando un vaporizador de gama alta, o quiere fiabilidad a largo plazo, el Bang King Constellation 36000 es su soluci\u00f3n todo-en-uno.<\/p>","protected":false},"excerpt":{"rendered":"<p>Bang King 36000 Puffs Vape ofrece 36K puffs con 30ML de e-l\u00edquido, una bater\u00eda de 650mAh, flujo de aire ajustable, control de pantalla t\u00e1ctil y 12 sabores. Recargable por USB-C.<\/p>","protected":false},"featured_media":2694,"comment_status":"open","ping_status":"closed","template":"","meta":{"_acf_changed":false,"bwfblock_default_font":""},"product_brand":[],"product_cat":[17],"product_tag":[30,26,268,20],"class_list":{"0":"post-95","1":"product","2":"type-product","3":"status-publish","4":"has-post-thumbnail","6":"product_cat-bang-vapes","7":"product_tag-36k-puffs","8":"product_tag-adjust-gas-at-the-bottom","9":"product_tag-mouth-to-lung","10":"product_tag-smart-screen","12":"first","13":"instock","14":"sale","15":"shipping-taxable","16":"purchasable","17":"product-type-variable"},"acf":[],"_links":{"self":[{"href":"https:\/\/bangvapeofficial.com\/es\/wp-json\/wp\/v2\/product\/95","targetHints":{"allow":["GET"]}}],"collection":[{"href":"https:\/\/bangvapeofficial.com\/es\/wp-json\/wp\/v2\/product"}],"about":[{"href":"https:\/\/bangvapeofficial.com\/es\/wp-json\/wp\/v2\/types\/product"}],"replies":[{"embeddable":true,"href":"https:\/\/bangvapeofficial.com\/es\/wp-json\/wp\/v2\/comments?post=95"}],"wp:featuredmedia":[{"embeddable":true,"href":"https:\/\/bangvapeofficial.com\/es\/wp-json\/wp\/v2\/media\/2694"}],"wp:attachment":[{"href":"https:\/\/bangvapeofficial.com\/es\/wp-json\/wp\/v2\/media?parent=95"}],"wp:term":[{"taxonomy":"product_brand","embeddable":true,"href":"https:\/\/bangvapeofficial.com\/es\/wp-json\/wp\/v2\/product_brand?post=95"},{"taxonomy":"product_cat","embeddable":true,"href":"https:\/\/bangvapeofficial.com\/es\/wp-json\/wp\/v2\/product_cat?post=95"},{"taxonomy":"product_tag","embeddable":true,"href":"https:\/\/bangvapeofficial.com\/es\/wp-json\/wp\/v2\/product_tag?post=95"}],"curies":[{"name":"wp","href":"https:\/\/api.w.org\/{rel}","templated":true}]}}