{"id":96,"date":"2025-09-28T09:08:38","date_gmt":"2025-09-28T09:08:38","guid":{"rendered":"https:\/\/bangvapeofficial.com\/?post_type=product&#038;p=96"},"modified":"2025-10-05T07:19:44","modified_gmt":"2025-10-05T07:19:44","slug":"bang-e-shisha-head-42000","status":"publish","type":"product","link":"https:\/\/bangvapeofficial.com\/es\/producto\/bang-e-shisha-head-42000\/","title":{"rendered":"Bang E-Shisha Head 42000 - El lujo se une al rendimiento"},"content":{"rendered":"<h2>Cabezal Bang E-Shisha 42000<\/h2>\n<h3>42,000 Puffs | Dise\u00f1o Dorado | 30ML E-Liquid | Bater\u00eda 1000mAh | Compatible con Pipa de Agua<\/h3>\n<p>\u00bfBuscas una mejora para tu narguile? El Bang E-Shisha Head 42000 Puffs no es una e-shisha normal, es una central el\u00e9ctrica con acabado dorado dise\u00f1ada para ofrecer sabor, longevidad y estilo. Construido para integrarse perfectamente con su configuraci\u00f3n de pipa de agua, este dispositivo de alta capacidad ofrece hasta 42.000 bocanadas, 30ML de e-l\u00edquido, y una malla de 0,6 \u03a9 de doble bobina para golpes audaces y sabrosos.<\/p>\n<p><img loading=\"lazy\" decoding=\"async\" class=\"alignnone size-full wp-image-3249\" src=\"https:\/\/bangvapeofficial.com\/wp-content\/uploads\/2025\/09\/Bang-E-Shisha-Head-42000-2.webp\" width=\"1652\" height=\"2560\" alt=\"Bang-E-Shisha-Head-42000-2\" title=\"Bang-E-Shisha-Head-42000-2\" srcset=\"https:\/\/bangvapeofficial.com\/wp-content\/uploads\/2025\/09\/Bang-E-Shisha-Head-42000-2.webp 1652w, https:\/\/bangvapeofficial.com\/wp-content\/uploads\/2025\/09\/Bang-E-Shisha-Head-42000-2-194x300.webp 194w, https:\/\/bangvapeofficial.com\/wp-content\/uploads\/2025\/09\/Bang-E-Shisha-Head-42000-2-661x1024.webp 661w, https:\/\/bangvapeofficial.com\/wp-content\/uploads\/2025\/09\/Bang-E-Shisha-Head-42000-2-768x1190.webp 768w, https:\/\/bangvapeofficial.com\/wp-content\/uploads\/2025\/09\/Bang-E-Shisha-Head-42000-2-991x1536.webp 991w, https:\/\/bangvapeofficial.com\/wp-content\/uploads\/2025\/09\/Bang-E-Shisha-Head-42000-2-1322x2048.webp 1322w, https:\/\/bangvapeofficial.com\/wp-content\/uploads\/2025\/09\/Bang-E-Shisha-Head-42000-2-600x930.webp 600w\" sizes=\"auto, (max-width: 1652px) 100vw, 1652px\" \/><\/p>\n<h3>Caracter\u00edsticas principales<\/h3>\n<ul>\n<li>42.000 caladas - Uso prolongado para un disfrute duradero<\/li>\n<li>E-l\u00edquido precargado de 30ML - Sin necesidad de recargas a mitad de la sesi\u00f3n<\/li>\n<li>Bater\u00eda recargable de 1000 mAh: salida constante con carga r\u00e1pida Type-C<\/li>\n<li>0.6\u03a9 Mesh Dual Coil - Mejor distribuci\u00f3n del calor y rico sabor.<\/li>\n<li>Acabado dorado: aspecto y tacto premium para los amantes del lujo<\/li>\n<li>Compatible con pipas de agua: se integra f\u00e1cilmente con la mayor\u00eda de las configuraciones de narguile.<\/li>\n<li>Embalaje - 8 unidades por caja | Peso por unidad: 146g | Caja: 1224g<\/li>\n<li>Dimensiones de la caja - 54 \u00d7 42,6 \u00d7 28,8 cm | Peso bruto: 25,5 kg<\/li>\n<\/ul>\n<h3>L\u00ednea de sabores<\/h3>\n<ol>\n<li>Menta<\/li>\n<li>Menta con ar\u00e1ndanos<\/li>\n<li>Manzanas dobles<\/li>\n<li>Melocot\u00f3n helado<\/li>\n<li>Ar\u00e1ndano Frambuesa<\/li>\n<li>Hielo de ar\u00e1ndanos<\/li>\n<li>Ar\u00e1ndano melocot\u00f3n<\/li>\n<li>Sand\u00eda<\/li>\n<li>Sand\u00eda con fresa<\/li>\n<li>Lichi de fresa<\/li>\n<li>Menta uva<\/li>\n<li>Frutas variadas<\/li>\n<\/ol>\n<h3>\u00bfPor qu\u00e9 elegir Bang E-Shisha Head 42000?<\/h3>\n<ul>\n<li>Declaraci\u00f3n de estilo: El acabado dorado a\u00f1ade elegancia a cualquier montaje<\/li>\n<li>Rendimiento incorporado: Doble bobina de malla + 30ML = nubes intensas y llenas de sabor<\/li>\n<li>Dise\u00f1ado para los entusiastas de Hookah: Construido para conectarse directamente a su pipa de agua<\/li>\n<li>Disfrute durante mucho tiempo: 42.000 caladas y una bater\u00eda de alta eficiencia se traducen en menos sustituciones y m\u00e1s relajaci\u00f3n<\/li>\n<\/ul>","protected":false},"excerpt":{"rendered":"<p>Bang E-Shisha Head 42000 ofrece 42K caladas, 30ML de e-liquido, bateria de 1000mAh, doble bobina de malla y acabado dorado. Compatible con pipas de agua. Recargable tipo C.<\/p>","protected":false},"featured_media":2689,"comment_status":"open","ping_status":"closed","template":"","meta":{"_acf_changed":false,"bwfblock_default_font":""},"product_brand":[],"product_cat":[17],"product_tag":[33,34,35,36],"class_list":{"0":"post-96","1":"product","2":"type-product","3":"status-publish","4":"has-post-thumbnail","6":"product_cat-bang-vapes","7":"product_tag-42k-puffs","8":"product_tag-direct-to-lung-dtl","9":"product_tag-hookah","10":"product_tag-hugo-vapor-shisha","12":"first","13":"instock","14":"sale","15":"shipping-taxable","16":"purchasable","17":"product-type-variable"},"acf":[],"_links":{"self":[{"href":"https:\/\/bangvapeofficial.com\/es\/wp-json\/wp\/v2\/product\/96","targetHints":{"allow":["GET"]}}],"collection":[{"href":"https:\/\/bangvapeofficial.com\/es\/wp-json\/wp\/v2\/product"}],"about":[{"href":"https:\/\/bangvapeofficial.com\/es\/wp-json\/wp\/v2\/types\/product"}],"replies":[{"embeddable":true,"href":"https:\/\/bangvapeofficial.com\/es\/wp-json\/wp\/v2\/comments?post=96"}],"wp:featuredmedia":[{"embeddable":true,"href":"https:\/\/bangvapeofficial.com\/es\/wp-json\/wp\/v2\/media\/2689"}],"wp:attachment":[{"href":"https:\/\/bangvapeofficial.com\/es\/wp-json\/wp\/v2\/media?parent=96"}],"wp:term":[{"taxonomy":"product_brand","embeddable":true,"href":"https:\/\/bangvapeofficial.com\/es\/wp-json\/wp\/v2\/product_brand?post=96"},{"taxonomy":"product_cat","embeddable":true,"href":"https:\/\/bangvapeofficial.com\/es\/wp-json\/wp\/v2\/product_cat?post=96"},{"taxonomy":"product_tag","embeddable":true,"href":"https:\/\/bangvapeofficial.com\/es\/wp-json\/wp\/v2\/product_tag?post=96"}],"curies":[{"name":"wp","href":"https:\/\/api.w.org\/{rel}","templated":true}]}}