{"id":99,"date":"2025-09-28T09:08:41","date_gmt":"2025-09-28T09:08:41","guid":{"rendered":"https:\/\/bangvapeofficial.com\/?post_type=product&#038;p=99"},"modified":"2025-10-05T07:23:52","modified_gmt":"2025-10-05T07:23:52","slug":"bang-king-30000-pro-30k","status":"publish","type":"product","link":"https:\/\/bangvapeofficial.com\/es\/producto\/bang-king-30000-pro-30k\/","title":{"rendered":"Bang King 30000 Pro - 30.000 bocanadas de refinado rendimiento"},"content":{"rendered":"<h2>Bang King 30000 Pro<\/h2>\n<h3>Doble Sabor | 36mL E-L\u00edquido | Bater\u00eda 850mAh | Recargable USB-C<\/h3>\n<p>Experimente una comodidad de vapeo y una resistencia de sabor inigualables con el Bang King 30000 Pro. Este dispositivo desechable de alto rendimiento proporciona hasta 30.000 caladas, alimentado por un dep\u00f3sito de e-l\u00edquido de 36mL y una fiable bater\u00eda recargable de 850mAh. Dise\u00f1ado con un cuerpo ovalado ergon\u00f3mico, el Pro ofrece comodidad y estilo para llevarlo a diario y para sesiones prolongadas.<\/p>\n<p><img loading=\"lazy\" decoding=\"async\" class=\"alignnone size-full wp-image-3259\" src=\"https:\/\/bangvapeofficial.com\/wp-content\/uploads\/2025\/09\/Bang-King-30000-Pro-7.webp\" width=\"556\" height=\"964\" alt=\"Bang-King-30000-Pro-7\" title=\"Bang-King-30000-Pro-7\" srcset=\"https:\/\/bangvapeofficial.com\/wp-content\/uploads\/2025\/09\/Bang-King-30000-Pro-7.webp 556w, https:\/\/bangvapeofficial.com\/wp-content\/uploads\/2025\/09\/Bang-King-30000-Pro-7-173x300.webp 173w\" sizes=\"auto, (max-width: 556px) 100vw, 556px\" \/><\/p>\n<h3>Caracter\u00edsticas principales<\/h3>\n<ul>\n<li>Capacidad para 30.000 caladas: vaporizaci\u00f3n prolongada para una satisfacci\u00f3n duradera<\/li>\n<li>Volumen de E-l\u00edquido de 36mL - Dep\u00f3sito interno masivo para un uso ininterrumpido.<\/li>\n<li>Bater\u00eda recargable de 850 mAh: carga r\u00e1pida USB-C para un tiempo de inactividad cero.<\/li>\n<li>Dise\u00f1o ovalado ergon\u00f3mico: compacto, elegante y c\u00f3modo de sujetar<\/li>\n<li>Opciones de potencia de nicotina - Disponible en 0%, 2%, 3% y 5%<\/li>\n<li>Variedad de sabores - Elija entre m\u00faltiples combinaciones de sabores atrevidos y refrescantes<\/li>\n<li>Sistema Draw-Activated - Sin botones, s\u00f3lo vaporizaci\u00f3n suave e instant\u00e1nea<\/li>\n<\/ul>\n<h3>Dise\u00f1o eficaz<\/h3>\n<p>La Bang King 30000 Pro no s\u00f3lo tiene una gran capacidad, sino que est\u00e1 elegantemente fabricada. Su forma ovalada y aerodin\u00e1mica se adapta de forma natural a la mano, mientras que su atrevido exterior refleja las vibrantes combinaciones de sabores de su interior. Port\u00e1til, moderno y f\u00e1cil de recargar, ofrece rendimiento durante todo el d\u00eda en un paquete elegante.<\/p>\n<h3>\u00bfPor qu\u00e9 elegir Bang King 30000 Pro?<\/h3>\n<ul>\n<li>Perfecta para usuarios que desean la m\u00e1xima duraci\u00f3n de la bocanada con un dise\u00f1o elegante<\/li>\n<li>Ergon\u00f3mico, f\u00e1cil de transportar y dise\u00f1ado para un uso diario discreto<\/li>\n<li>Recargable, para ahorrar costes y residuos en varias sesiones<\/li>\n<li>Ofrece dos modos de sabor para variar sin necesidad de llevar varios dispositivos<\/li>\n<\/ul>","protected":false},"excerpt":{"rendered":"<p>Bang King 30000 Pro ofrece hasta 30.000 caladas con una capacidad de e-l\u00edquido de 36mL, opciones de sabor dual, bater\u00eda de 850mAh y un elegante dise\u00f1o ovalado. Recargable por USB-C.<\/p>","protected":false},"featured_media":2691,"comment_status":"open","ping_status":"closed","template":"","meta":{"_acf_changed":false,"bwfblock_default_font":""},"product_brand":[],"product_cat":[17],"product_tag":[24,22,268],"class_list":{"0":"post-99","1":"product","2":"type-product","3":"status-publish","4":"has-post-thumbnail","6":"product_cat-bang-vapes","7":"product_tag-30k-puffs","8":"product_tag-hot-selling","9":"product_tag-mouth-to-lung","11":"first","12":"instock","13":"sale","14":"featured","15":"shipping-taxable","16":"purchasable","17":"product-type-variable"},"acf":[],"_links":{"self":[{"href":"https:\/\/bangvapeofficial.com\/es\/wp-json\/wp\/v2\/product\/99","targetHints":{"allow":["GET"]}}],"collection":[{"href":"https:\/\/bangvapeofficial.com\/es\/wp-json\/wp\/v2\/product"}],"about":[{"href":"https:\/\/bangvapeofficial.com\/es\/wp-json\/wp\/v2\/types\/product"}],"replies":[{"embeddable":true,"href":"https:\/\/bangvapeofficial.com\/es\/wp-json\/wp\/v2\/comments?post=99"}],"wp:featuredmedia":[{"embeddable":true,"href":"https:\/\/bangvapeofficial.com\/es\/wp-json\/wp\/v2\/media\/2691"}],"wp:attachment":[{"href":"https:\/\/bangvapeofficial.com\/es\/wp-json\/wp\/v2\/media?parent=99"}],"wp:term":[{"taxonomy":"product_brand","embeddable":true,"href":"https:\/\/bangvapeofficial.com\/es\/wp-json\/wp\/v2\/product_brand?post=99"},{"taxonomy":"product_cat","embeddable":true,"href":"https:\/\/bangvapeofficial.com\/es\/wp-json\/wp\/v2\/product_cat?post=99"},{"taxonomy":"product_tag","embeddable":true,"href":"https:\/\/bangvapeofficial.com\/es\/wp-json\/wp\/v2\/product_tag?post=99"}],"curies":[{"name":"wp","href":"https:\/\/api.w.org\/{rel}","templated":true}]}}