{"id":1038,"date":"2025-09-28T09:47:12","date_gmt":"2025-09-28T09:47:12","guid":{"rendered":"https:\/\/bangvapeofficial.com\/?page_id=1038"},"modified":"2025-10-08T03:21:11","modified_gmt":"2025-10-08T03:21:11","slug":"about-us","status":"publish","type":"page","link":"https:\/\/bangvapeofficial.com\/fr\/about-us\/","title":{"rendered":"\u00c0 PROPOS DE NOUS"},"content":{"rendered":"<p>Bienvenue sur le site de Bang Vape Official, votre destination privil\u00e9gi\u00e9e pour les e-cigarettes et les produits de vapotage jetables de premi\u00e8re qualit\u00e9.<\/p>\n<h2>Nos produits<\/h2>\n<p>Nous proposons des e-cigarettes jetables de haute qualit\u00e9 et des services OEM pour les produits de vapotage personnalis\u00e9s. Tous nos produits sont soumis \u00e0 des tests rigoureux afin de garantir qu'ils r\u00e9pondent aux normes les plus strictes.<\/p>\n<h2>Services de gros et OEM<\/h2>\n<p>Nous proposons des e-cigarettes jetables de haute qualit\u00e9 et des services OEM pour les produits de vapotage personnalis\u00e9s. Tous nos produits sont soumis \u00e0 des tests rigoureux afin de garantir qu'ils r\u00e9pondent aux normes les plus strictes.<\/p>\n<h2>Exp\u00e9dition rapide et s\u00e9curis\u00e9e<\/h2>\n<p>Nous traitons les commandes dans un d\u00e9lai de 1 \u00e0 3 jours ouvrables et les exp\u00e9dions par l'interm\u00e9diaire de transporteurs fiables tels que DHL, DPD, UPS et les services postaux locaux.<\/p>\n<h3>Paiements s\u00e9curis\u00e9s<\/h3>\n<p>Nous acceptons les paiements par Paypal, cartes de cr\u00e9dit et virements bancaires, en utilisant le cryptage SSL pour la transmission des donn\u00e9es.<\/p>\n<h3>Soutien \u00e0 la client\u00e8le<\/h3>\n<p>Notre \u00e9quipe d'assistance \u00e0 la client\u00e8le est l\u00e0 pour vous aider. Contactez-nous par courriel \u00e0 hi@bangvapeofficial.com ou par whatsapp +86 190 4254 0825. Nous sommes disponibles du lundi au vendredi, de 9 heures \u00e0 20 heures, heure normale de Chine.<\/p>","protected":false},"excerpt":{"rendered":"","protected":false},"author":1,"featured_media":0,"parent":0,"menu_order":0,"comment_status":"closed","ping_status":"closed","template":"","meta":{"_acf_changed":false,"bwfblock_default_font":"","footnotes":""},"class_list":["post-1038","page","type-page","status-publish","hentry"],"acf":[],"_links":{"self":[{"href":"https:\/\/bangvapeofficial.com\/fr\/wp-json\/wp\/v2\/pages\/1038","targetHints":{"allow":["GET"]}}],"collection":[{"href":"https:\/\/bangvapeofficial.com\/fr\/wp-json\/wp\/v2\/pages"}],"about":[{"href":"https:\/\/bangvapeofficial.com\/fr\/wp-json\/wp\/v2\/types\/page"}],"author":[{"embeddable":true,"href":"https:\/\/bangvapeofficial.com\/fr\/wp-json\/wp\/v2\/users\/1"}],"replies":[{"embeddable":true,"href":"https:\/\/bangvapeofficial.com\/fr\/wp-json\/wp\/v2\/comments?post=1038"}],"version-history":[{"count":8,"href":"https:\/\/bangvapeofficial.com\/fr\/wp-json\/wp\/v2\/pages\/1038\/revisions"}],"predecessor-version":[{"id":3469,"href":"https:\/\/bangvapeofficial.com\/fr\/wp-json\/wp\/v2\/pages\/1038\/revisions\/3469"}],"wp:attachment":[{"href":"https:\/\/bangvapeofficial.com\/fr\/wp-json\/wp\/v2\/media?parent=1038"}],"curies":[{"name":"wp","href":"https:\/\/api.w.org\/{rel}","templated":true}]}}