{"id":2323,"date":"2025-10-05T04:22:21","date_gmt":"2025-10-05T04:22:21","guid":{"rendered":"https:\/\/bangvapeofficial.com\/?page_id=2323"},"modified":"2025-10-05T04:23:01","modified_gmt":"2025-10-05T04:23:01","slug":"shipping-policy","status":"publish","type":"page","link":"https:\/\/bangvapeofficial.com\/fr\/shipping-policy\/","title":{"rendered":"Politique d'exp\u00e9dition"},"content":{"rendered":"<h3 class=\"wp-block-heading\" id=\"gspb_heading-id-gsbp-d625368\">Important<\/h3>\n\n\n\n<p>Notre \u00e9quipe traitera et exp\u00e9diera votre commande dans un d\u00e9lai de 1 \u00e0 3 jours ouvrables \u00e0 compter de la r\u00e9ception du paiement et vous communiquera un num\u00e9ro de suivi.<\/p>\n\n\n\n<h4 class=\"wp-block-heading\" id=\"shipping-time\">D\u00e9lai d'exp\u00e9dition<\/h4>\n\n\n\n<ul class=\"wp-block-list\">\n<li>L'exp\u00e9dition prend g\u00e9n\u00e9ralement de 7 \u00e0 14 jours ouvrables, en fonction de votre lieu de r\u00e9sidence.<\/li>\n\n\n\n<li>Les d\u00e9lais de livraison peuvent varier en fonction du transporteur et de l'endroit o\u00f9 vous vous trouvez.<\/li>\n<\/ul>\n\n\n\n<h4 class=\"wp-block-heading\" id=\"shipping-carriers\">Transporteurs maritimes<\/h4>\n\n\n\n<p>Nous faisons appel \u00e0 des transporteurs fiables pour assurer la livraison de vos commandes en toute s\u00e9curit\u00e9 et dans les d\u00e9lais impartis. Nos partenaires en mati\u00e8re d'exp\u00e9dition sont les suivants<\/p>\n\n\n\n<ul class=\"wp-block-list\">\n<li>DHL<\/li>\n\n\n\n<li>DPD<\/li>\n\n\n\n<li>UPS<\/li>\n\n\n\n<li>Services postaux locaux<\/li>\n<\/ul>\n\n\n\n<h4 class=\"wp-block-heading\" id=\"order-tracking\">Suivi des commandes<\/h4>\n\n\n\n<ul class=\"wp-block-list\">\n<li>Une fois votre commande exp\u00e9di\u00e9e, vous recevrez un num\u00e9ro de suivi par courrier \u00e9lectronique.<\/li>\n\n\n\n<li>Vous pouvez utiliser ce num\u00e9ro de suivi pour contr\u00f4ler l'\u00e9tat de votre envoi sur notre site web ou sur celui du transporteur.<\/li>\n<\/ul>\n\n\n\n<h4 class=\"wp-block-heading\" id=\"shipping-costs\">Frais d'exp\u00e9dition<\/h4>\n\n\n\n<ul class=\"wp-block-list\">\n<li>Les frais d'exp\u00e9dition sont calcul\u00e9s lors de la commande en fonction du poids et de la destination de votre commande.<\/li>\n\n\n\n<li>Tous les frais de douane, taxes ou droits suppl\u00e9mentaires sont \u00e0 notre charge, sauf au Canada.<\/li>\n<\/ul>\n\n\n\n<h4 class=\"wp-block-heading\" id=\"delivery-issues\">Questions relatives \u00e0 la livraison<\/h4>\n\n\n\n<ul class=\"wp-block-list\">\n<li>Si votre commande est retard\u00e9e, perdue ou endommag\u00e9e pendant l'exp\u00e9dition, veuillez contacter imm\u00e9diatement notre \u00e9quipe d'assistance \u00e0 la client\u00e8le.<\/li>\n\n\n\n<li>Nous travaillerons avec le transporteur pour r\u00e9soudre tout probl\u00e8me et nous assurer que vous recevrez votre commande.<\/li>\n<\/ul>\n\n\n\n<p><strong>A noter :<\/strong><\/p>\n\n\n\n<p>Il est de la responsabilit\u00e9 du client de s'assurer que l'adresse fournie est exacte, y compris la ville, l'\u00e9tat et le code postal, afin d'\u00e9viter toute erreur ou tout retard suppl\u00e9mentaire dans l'exp\u00e9dition.<\/p>\n\n\n\n<p>Vous n'avez pas trouv\u00e9 ce que vous cherchiez ?\u00a0<a href=\"https:\/\/bangvapeofficial.com\/fr\/contact-us\/\"><strong>Contactez-nous<\/strong><\/a><\/p>","protected":false},"excerpt":{"rendered":"<p>Important Our team will process and dispatch your order within 1-3 business day of receiving payment and we will issue you a tracking number. Shipping Time Shipping Carriers We use reliable shipping carriers to ensure your orders are delivered safely and on time. Our shipping partners include: Order Tracking Shipping Costs Delivery Issues Please Note: [&#8230;]","protected":false},"author":1,"featured_media":0,"parent":0,"menu_order":0,"comment_status":"closed","ping_status":"closed","template":"","meta":{"_acf_changed":false,"bwfblock_default_font":"","footnotes":""},"class_list":["post-2323","page","type-page","status-publish","hentry"],"acf":[],"_links":{"self":[{"href":"https:\/\/bangvapeofficial.com\/fr\/wp-json\/wp\/v2\/pages\/2323","targetHints":{"allow":["GET"]}}],"collection":[{"href":"https:\/\/bangvapeofficial.com\/fr\/wp-json\/wp\/v2\/pages"}],"about":[{"href":"https:\/\/bangvapeofficial.com\/fr\/wp-json\/wp\/v2\/types\/page"}],"author":[{"embeddable":true,"href":"https:\/\/bangvapeofficial.com\/fr\/wp-json\/wp\/v2\/users\/1"}],"replies":[{"embeddable":true,"href":"https:\/\/bangvapeofficial.com\/fr\/wp-json\/wp\/v2\/comments?post=2323"}],"version-history":[{"count":2,"href":"https:\/\/bangvapeofficial.com\/fr\/wp-json\/wp\/v2\/pages\/2323\/revisions"}],"predecessor-version":[{"id":2325,"href":"https:\/\/bangvapeofficial.com\/fr\/wp-json\/wp\/v2\/pages\/2323\/revisions\/2325"}],"wp:attachment":[{"href":"https:\/\/bangvapeofficial.com\/fr\/wp-json\/wp\/v2\/media?parent=2323"}],"curies":[{"name":"wp","href":"https:\/\/api.w.org\/{rel}","templated":true}]}}