{"id":101,"date":"2025-09-28T09:08:44","date_gmt":"2025-09-28T09:08:44","guid":{"rendered":"https:\/\/bangvapeofficial.com\/?post_type=product&#038;p=101"},"modified":"2025-10-05T09:23:43","modified_gmt":"2025-10-05T09:23:43","slug":"bang-tornado-40000","status":"publish","type":"product","link":"https:\/\/bangvapeofficial.com\/fr\/produit\/bang-tornado-40000\/","title":{"rendered":"Bang Tornado 40000 - Construit pour durer, con\u00e7u pour performer"},"content":{"rendered":"<h2>Bang Tornado 40000<\/h2>\n<h3>40 000 bouff\u00e9es | 40ML E-Liquid | 850mAh Battery | 0-5% Nicotine Options<\/h3>\n<p>Dites adieu aux recharges fr\u00e9quentes, aux batteries \u00e0 plat et aux saveurs insuffisantes. Le Bang Tornado 40000 est con\u00e7u pour tenir la distance - avec jusqu'\u00e0 40 000 bouff\u00e9es, 40ML d'e-liquide et une batterie rechargeable de 850mAh, il offre une satisfaction durable \u00e0 chaque session. C'est une vape jetable qui est tout sauf jetable.<\/p>\n<p><img loading=\"lazy\" decoding=\"async\" class=\"alignnone size-full wp-image-3245\" src=\"https:\/\/bangvapeofficial.com\/wp-content\/uploads\/2025\/09\/Bang-Tornado-40000.webp\" width=\"1080\" height=\"1784\" alt=\"Bang-Tornado-40000\" title=\"Bang-Tornado-40000\" srcset=\"https:\/\/bangvapeofficial.com\/wp-content\/uploads\/2025\/09\/Bang-Tornado-40000.webp 1080w, https:\/\/bangvapeofficial.com\/wp-content\/uploads\/2025\/09\/Bang-Tornado-40000-182x300.webp 182w, https:\/\/bangvapeofficial.com\/wp-content\/uploads\/2025\/09\/Bang-Tornado-40000-620x1024.webp 620w, https:\/\/bangvapeofficial.com\/wp-content\/uploads\/2025\/09\/Bang-Tornado-40000-768x1269.webp 768w, https:\/\/bangvapeofficial.com\/wp-content\/uploads\/2025\/09\/Bang-Tornado-40000-930x1536.webp 930w, https:\/\/bangvapeofficial.com\/wp-content\/uploads\/2025\/09\/Bang-Tornado-40000-600x991.webp 600w\" sizes=\"auto, (max-width: 1080px) 100vw, 1080px\" \/><\/p>\n<h3>Caract\u00e9ristiques principales<\/h3>\n<ul>\n<li>Capacit\u00e9 de 40 000 bouff\u00e9es - Une long\u00e9vit\u00e9 in\u00e9gal\u00e9e dans un seul appareil<\/li>\n<li>40ML Pre-Filled E-Liquid - Volume de jus massif pour des semaines d'utilisation<\/li>\n<li>Batterie rechargeable 850mAh - Moins de charges, plus de bouff\u00e9es<\/li>\n<li>Intensit\u00e9 de la nicotine - Choisissez entre 0%, 2%, 3%, ou 5% selon vos besoins<\/li>\n<li>Vari\u00e9t\u00e9 d'ar\u00f4mes - Disponibles dans des m\u00e9langes audacieux, les plus vendus, pour satisfaire tous les go\u00fbts.<\/li>\n<li>Syst\u00e8me activ\u00e9 par tirage - Pas de boutons, pas de tracas, juste une vaporisation en douceur.<\/li>\n<\/ul>\n<h3>Les meilleurs ar\u00f4mes que vous aimerez<\/h3>\n<ul>\n<li>Peach Ice - P\u00eache sucr\u00e9e avec une expiration glac\u00e9e<\/li>\n<li>Love 66 - M\u00e9lange de fruits exotiques pour des vibrations tropicales<\/li>\n<li>Triple Berry - Un trio de baies m\u00fbres et juteuses<\/li>\n<li>Blueberry Lemon - L'agrume acidul\u00e9 rencontre les baies sucr\u00e9es<\/li>\n<li>Boisson \u00e9nergisante - Saveur vibrante avec un coup de fouet audacieux<\/li>\n<\/ul>","protected":false},"excerpt":{"rendered":"<p>Bang Tornado 40000 offre jusqu'\u00e0 40 000 bouff\u00e9es avec un e-liquide de 40 ml, une batterie de 850 mAh et des niveaux de nicotine allant de 0% \u00e0 5%. Longue dur\u00e9e, riche en saveurs et puissant.<\/p>","protected":false},"featured_media":202,"comment_status":"open","ping_status":"closed","template":"","meta":{"_acf_changed":false,"bwfblock_default_font":""},"product_brand":[],"product_cat":[17],"product_tag":[23,34,36,268,20],"class_list":{"0":"post-101","1":"product","2":"type-product","3":"status-publish","4":"has-post-thumbnail","6":"product_cat-bang-vapes","7":"product_tag-40k-puffs","8":"product_tag-direct-to-lung-dtl","9":"product_tag-hugo-vapor-shisha","10":"product_tag-mouth-to-lung","11":"product_tag-smart-screen","13":"first","14":"instock","15":"sale","16":"shipping-taxable","17":"purchasable","18":"product-type-variable"},"acf":[],"_links":{"self":[{"href":"https:\/\/bangvapeofficial.com\/fr\/wp-json\/wp\/v2\/product\/101","targetHints":{"allow":["GET"]}}],"collection":[{"href":"https:\/\/bangvapeofficial.com\/fr\/wp-json\/wp\/v2\/product"}],"about":[{"href":"https:\/\/bangvapeofficial.com\/fr\/wp-json\/wp\/v2\/types\/product"}],"replies":[{"embeddable":true,"href":"https:\/\/bangvapeofficial.com\/fr\/wp-json\/wp\/v2\/comments?post=101"}],"wp:featuredmedia":[{"embeddable":true,"href":"https:\/\/bangvapeofficial.com\/fr\/wp-json\/wp\/v2\/media\/202"}],"wp:attachment":[{"href":"https:\/\/bangvapeofficial.com\/fr\/wp-json\/wp\/v2\/media?parent=101"}],"wp:term":[{"taxonomy":"product_brand","embeddable":true,"href":"https:\/\/bangvapeofficial.com\/fr\/wp-json\/wp\/v2\/product_brand?post=101"},{"taxonomy":"product_cat","embeddable":true,"href":"https:\/\/bangvapeofficial.com\/fr\/wp-json\/wp\/v2\/product_cat?post=101"},{"taxonomy":"product_tag","embeddable":true,"href":"https:\/\/bangvapeofficial.com\/fr\/wp-json\/wp\/v2\/product_tag?post=101"}],"curies":[{"name":"wp","href":"https:\/\/api.w.org\/{rel}","templated":true}]}}