{"id":102,"date":"2025-09-28T09:08:45","date_gmt":"2025-09-28T09:08:45","guid":{"rendered":"https:\/\/bangvapeofficial.com\/?post_type=product&#038;p=102"},"modified":"2025-10-05T06:51:27","modified_gmt":"2025-10-05T06:51:27","slug":"bang-king-12000","status":"publish","type":"product","link":"https:\/\/bangvapeofficial.com\/fr\/produit\/bang-king-12000\/","title":{"rendered":"Bang King 12000 Porsche - 12 000 bouff\u00e9es de puissance et de style"},"content":{"rendered":"<h2>Bang King 12000 Porsche<\/h2>\n<h3>Design en forme de balle | 18mL E-Liquid | Batterie 550mAh | Coil Mesh | Chargement Type-C<\/h3>\n<p>Combinant un design \u00e9l\u00e9gant et des performances durables, la Bang King 12000 Porsche Vape jetable offre 12 000 bouff\u00e9es de vapeur douce et savoureuse aliment\u00e9e par une batterie rechargeable de 550mAh. Avec 18mL d'e-liquide, un mesh coil chauffant et un chargement rapide Type-C, cet appareil offre une exp\u00e9rience de vape de haute qualit\u00e9 et sans tracas dans un corps audacieux en forme d'ogive.<\/p>\n<h3>Caract\u00e9ristiques principales<\/h3>\n<ul>\n<li>12 000 bouff\u00e9es - Con\u00e7u pour une utilisation prolong\u00e9e<\/li>\n<li>Capacit\u00e9 de 18 ml d'e-liquide - Moins de recharges, plus de satisfaction<\/li>\n<li>Batterie de 550mAh - Puissance constante avec charge rapide USB Type-C<\/li>\n<li>1.2\u03a9 Mesh Coil - Chauffage avanc\u00e9 pour une saveur riche et douce<\/li>\n<li>Options de nicotine - Disponible en 0%, 2%, 3% et 5%.<\/li>\n<li>Design inspir\u00e9 des balles - Unique, \u00e9l\u00e9gant et ergonomique<\/li>\n<li>12 saveurs disponibles - Il y en a pour tous les go\u00fbts<\/li>\n<li>Emballage en vrac - 10 pi\u00e8ces\/bo\u00eete pour la vente au d\u00e9tail ou la revente<\/li>\n<\/ul>\n<h3>Saveurs disponibles<\/h3>\n<ul>\n<li>Past\u00e8que<\/li>\n<li>Past\u00e8que \u00e0 la fraise<\/li>\n<li>Glace aux myrtilles<\/li>\n<li>Myrtille Framboise<\/li>\n<li>Fraise Mangue<\/li>\n<li>Glace du dragon noir<\/li>\n<li>Cola \u00e0 la cerise<\/li>\n<li>Myrtille Raisin<\/li>\n<li>Triple baie<\/li>\n<li>Fraise Kiwi<\/li>\n<li>Glace \u00e0 la p\u00eache<\/li>\n<li>Past\u00e8que Bubblegum<\/li>\n<\/ul>\n<h3>Pourquoi choisir la Porsche Bang King 12000 ?<\/h3>\n<p>Pour les vapoteurs qui recherchent un m\u00e9lange de performance, de portabilit\u00e9 et de personnalit\u00e9, la Bang King Porsche 12K est parfaite. Son nombre de bouff\u00e9es durable, son design moderne et son syst\u00e8me de bobines en maille lisse en font un produit id\u00e9al pour une utilisation quotidienne, que vous soyez un nouvel utilisateur ou un enthousiaste exp\u00e9riment\u00e9.<\/p>\n<p><img loading=\"lazy\" decoding=\"async\" class=\"alignnone size-full wp-image-3244\" src=\"https:\/\/bangvapeofficial.com\/wp-content\/uploads\/2025\/09\/Vaper12K-Bang-E-Cig-Wholesale-Vaporizer-Price-12000-Puff-Disposable-Smoking-12000-12K-Vape-Bang-King.webp\" width=\"1060\" height=\"1855\" alt=\"Vaper12K-Bang-E-Cig-Wholesale-Vaporizer-Price-12000-Puff-Disposable-Smoking-12000-12K-Vape-Bang-King\" title=\"Vaper12K-Bang-E-Cig-Wholesale-Vaporizer-Price-12000-Puff-Disposable-Smoking-12000-12K-Vape-Bang-King\" srcset=\"https:\/\/bangvapeofficial.com\/wp-content\/uploads\/2025\/09\/Vaper12K-Bang-E-Cig-Wholesale-Vaporizer-Price-12000-Puff-Disposable-Smoking-12000-12K-Vape-Bang-King.webp 1060w, https:\/\/bangvapeofficial.com\/wp-content\/uploads\/2025\/09\/Vaper12K-Bang-E-Cig-Wholesale-Vaporizer-Price-12000-Puff-Disposable-Smoking-12000-12K-Vape-Bang-King-171x300.webp 171w, https:\/\/bangvapeofficial.com\/wp-content\/uploads\/2025\/09\/Vaper12K-Bang-E-Cig-Wholesale-Vaporizer-Price-12000-Puff-Disposable-Smoking-12000-12K-Vape-Bang-King-585x1024.webp 585w, https:\/\/bangvapeofficial.com\/wp-content\/uploads\/2025\/09\/Vaper12K-Bang-E-Cig-Wholesale-Vaporizer-Price-12000-Puff-Disposable-Smoking-12000-12K-Vape-Bang-King-768x1344.webp 768w, https:\/\/bangvapeofficial.com\/wp-content\/uploads\/2025\/09\/Vaper12K-Bang-E-Cig-Wholesale-Vaporizer-Price-12000-Puff-Disposable-Smoking-12000-12K-Vape-Bang-King-878x1536.webp 878w, https:\/\/bangvapeofficial.com\/wp-content\/uploads\/2025\/09\/Vaper12K-Bang-E-Cig-Wholesale-Vaporizer-Price-12000-Puff-Disposable-Smoking-12000-12K-Vape-Bang-King-600x1050.webp 600w\" sizes=\"auto, (max-width: 1060px) 100vw, 1060px\" \/><\/p>","protected":false},"excerpt":{"rendered":"<p class=\"\" data-start=\"2058\" data-end=\"2214\">Bang King 12000 Porsche offre 12 000 bouff\u00e9es, 18mL d'e-liquide, un mesh coil, une batterie de 550mAh et un chargement Type-C, le tout dans un design \u00e9l\u00e9gant inspir\u00e9 des balles.<\/p>","protected":false},"featured_media":208,"comment_status":"open","ping_status":"closed","template":"","meta":{"_acf_changed":false,"bwfblock_default_font":""},"product_brand":[],"product_cat":[17],"product_tag":[40,268],"class_list":{"0":"post-102","1":"product","2":"type-product","3":"status-publish","4":"has-post-thumbnail","6":"product_cat-bang-vapes","7":"product_tag-12k-puffs","8":"product_tag-mouth-to-lung","10":"first","11":"instock","12":"sale","13":"shipping-taxable","14":"purchasable","15":"product-type-variable"},"acf":[],"_links":{"self":[{"href":"https:\/\/bangvapeofficial.com\/fr\/wp-json\/wp\/v2\/product\/102","targetHints":{"allow":["GET"]}}],"collection":[{"href":"https:\/\/bangvapeofficial.com\/fr\/wp-json\/wp\/v2\/product"}],"about":[{"href":"https:\/\/bangvapeofficial.com\/fr\/wp-json\/wp\/v2\/types\/product"}],"replies":[{"embeddable":true,"href":"https:\/\/bangvapeofficial.com\/fr\/wp-json\/wp\/v2\/comments?post=102"}],"wp:featuredmedia":[{"embeddable":true,"href":"https:\/\/bangvapeofficial.com\/fr\/wp-json\/wp\/v2\/media\/208"}],"wp:attachment":[{"href":"https:\/\/bangvapeofficial.com\/fr\/wp-json\/wp\/v2\/media?parent=102"}],"wp:term":[{"taxonomy":"product_brand","embeddable":true,"href":"https:\/\/bangvapeofficial.com\/fr\/wp-json\/wp\/v2\/product_brand?post=102"},{"taxonomy":"product_cat","embeddable":true,"href":"https:\/\/bangvapeofficial.com\/fr\/wp-json\/wp\/v2\/product_cat?post=102"},{"taxonomy":"product_tag","embeddable":true,"href":"https:\/\/bangvapeofficial.com\/fr\/wp-json\/wp\/v2\/product_tag?post=102"}],"curies":[{"name":"wp","href":"https:\/\/api.w.org\/{rel}","templated":true}]}}